{"id":5650,"date":"2025-11-20T16:45:33","date_gmt":"2025-11-20T15:45:33","guid":{"rendered":"https:\/\/hotelcaravelmisano.it\/?page_id=5650"},"modified":"2025-11-21T11:05:39","modified_gmt":"2025-11-21T10:05:39","slug":"evenements","status":"publish","type":"page","link":"https:\/\/hotelcaravelmisano.it\/fr\/evenements\/","title":{"rendered":"\u00c9v\u00e9nements &amp; Spectacles 2026"},"content":{"rendered":"<h2 style=\"text-align: left;margin-top: 40px;margin-bottom: 15px;color: #22acc5;font-size: 35px\"><strong>\u00c9v\u00e9nements saisonniers<\/strong><\/h2>\n<table style=\"width: 100%;border-collapse: collapse;background: #ffffff\">\n<tbody>\n<p><!-- RIGA 1 --><\/p>\n<tr style=\"background: #ffffff\">\n<td style=\"padding: 5px;background: #ffffff\">\n<a href=\"https:\/\/hotelcaravelmisano.it\/fr\/evenements\/world-ducati-week-misano-adriatico\/\"><\/p>\n<div style=\"position: relative;width: 100%;padding-top: 100%;overflow: hidden;border-radius: 10px;background: #ffffff\">\n<img decoding=\"async\" style=\"position: absolute;top: 0;left: 0;width: 100%;height: 100%;object-fit: cover\" src=\"https:\/\/hotelcaravelmisano.it\/wp-content\/uploads\/2025\/11\/evento-wdw-centenario-2026-hotel-caravel-misano.jpg\" alt=\"WDW centenaire 2026\" \/>\n<\/div>\n<p><\/a>\n<\/td>\n<td style=\"padding: 5px;background: #ffffff\">\n<a href=\"https:\/\/hotelcaravelmisano.it\/fr\/evenements\/motogp-misano\/\"><\/p>\n<div style=\"position: relative;width: 100%;padding-top: 100%;overflow: hidden;border-radius: 10px;background: #ffffff\">\n<img decoding=\"async\" style=\"position: absolute;top: 0;left: 0;width: 100%;height: 100%;object-fit: cover\" src=\"https:\/\/hotelcaravelmisano.it\/wp-content\/uploads\/2025\/11\/evento-moto-gp-2026-hotel-caravel-misano.jpg\" alt=\"MotoGP 2026 Misano\" \/>\n<\/div>\n<p><\/a>\n<\/td>\n<td style=\"padding: 5px;background: #ffffff\">\n<a href=\"https:\/\/hotelcaravelmisano.it\/fr\/evenements\/spartan-race-misano\/\"><\/p>\n<div style=\"position: relative;width: 100%;padding-top: 100%;overflow: hidden;border-radius: 10px;background: #ffffff\">\n<img decoding=\"async\" style=\"position: absolute;top: 0;left: 0;width: 100%;height: 100%;object-fit: cover\" src=\"https:\/\/hotelcaravelmisano.it\/wp-content\/uploads\/2025\/11\/evento-spartan-race-2026-hotel-caravel-bb-misano.jpg\" alt=\"Spartan Race 2026 Misano\" \/>\n<\/div>\n<p><\/a>\n<\/td>\n<\/tr>\n<p><!-- RIGA 2 --><\/p>\n<tr style=\"background: #ffffff\">\n<td style=\"padding: 5px;background: #ffffff\">\n<a href=\"https:\/\/hotelcaravelmisano.it\/fr\/evenements\/nuit-rose-misano\/\"><\/p>\n<div style=\"position: relative;width: 100%;padding-top: 100%;overflow: hidden;border-radius: 10px;background: #ffffff\">\n<img decoding=\"async\" style=\"position: absolute;top: 0;left: 0;width: 100%;height: 100%;object-fit: cover\" src=\"https:\/\/hotelcaravelmisano.it\/wp-content\/uploads\/2025\/11\/evento-notte-rosa-2026-hotel-caravel-bb-misano.jpg\" alt=\"Notte Rosa 2026\" \/>\n<\/div>\n<p><\/a>\n<\/td>\n<td style=\"padding: 5px;background: #ffffff\">\n<a href=\"https:\/\/hotelcaravelmisano.it\/fr\/evenements\/superbike-misano\/\"><\/p>\n<div style=\"position: relative;width: 100%;padding-top: 100%;overflow: hidden;border-radius: 10px;background: #ffffff\">\n<img decoding=\"async\" style=\"position: absolute;top: 0;left: 0;width: 100%;height: 100%;object-fit: cover\" src=\"https:\/\/hotelcaravelmisano.it\/wp-content\/uploads\/2025\/11\/evento-superbike-2026-hotel-caravel-bb-misano-adriatico.jpg\" alt=\"Superbike 2026 Misano\" \/>\n<\/div>\n<p><\/a>\n<\/td>\n<td style=\"padding: 5px;background: #ffffff\">\n<a href=\"https:\/\/hotelcaravelmisano.it\/fr\/evenements\/gran-prix-truck-misano\/\"><\/p>\n<div style=\"position: relative;width: 100%;padding-top: 100%;overflow: hidden;border-radius: 10px;background: #ffffff\">\n<img decoding=\"async\" style=\"position: absolute;top: 0;left: 0;width: 100%;height: 100%;object-fit: cover\" src=\"https:\/\/hotelcaravelmisano.it\/wp-content\/uploads\/2025\/11\/evento-grand-prix-truck-2026-hotel-caravel-bb.jpg\" alt=\"Grand Prix Truck 2026 Misano\" \/>\n<\/div>\n<p><\/a>\n<\/td>\n<\/tr>\n<p><!-- RIGA 3 --><\/p>\n<tr style=\"background: #ffffff\">\n<td style=\"padding: 5px;background: #ffffff\">\n<a href=\"https:\/\/hotelcaravelmisano.it\/fr\/evenements\/italian-bike-festival-misano\/\"><\/p>\n<div style=\"position: relative;width: 100%;padding-top: 100%;overflow: hidden;border-radius: 10px;background: #ffffff\">\n<img decoding=\"async\" style=\"position: absolute;top: 0;left: 0;width: 100%;height: 100%;object-fit: cover\" src=\"https:\/\/hotelcaravelmisano.it\/wp-content\/uploads\/2025\/11\/evento-italian-bike-festival-2026-hotel-caravel.jpg\" alt=\"Italian Bike Festival 2026 - Misano\" \/>\n<\/div>\n<p><\/a>\n<\/td>\n<\/tr>\n<\/tbody>\n<\/table>\n<h2 style=\"margin-top: 60px;margin-bottom: 15px;color: #22acc5;font-size: 35px\"><span style=\"font-size: 24pt\">\u00c9v\u00e9nements hebdomadaires<\/span><\/h2>\n<ul style=\"padding: 0;margin: 0;font-size: 18px;line-height: 1.6\">\n<li><strong>..<\/strong> \u2013 &#8230;<\/li>\n<li><strong>&#8230;<\/strong> \u2013 &#8230;<\/li>\n<\/ul>\n<h2 style=\"margin-top: 60px;margin-bottom: 15px;color: #22acc5;font-size: 35px;text-align: left\"><span style=\"font-size: 24pt\">\u00c9v\u00e9nements du jour<\/span><\/h2>\n<p style=\"font-size: 17px;color: #666;margin-top: -5px;margin-bottom: 20px\">Mise \u00e0 jour quotidienne par la r\u00e9ception (juin \u2013 septembre)<\/p>\n<ul style=\"padding: 0;margin: 0;font-size: 18px;line-height: 1.6\">\n<li><strong>Heure &#8211;<\/strong> \u2013 &#8230;<\/li>\n<li><strong>Heure &#8211;<\/strong> \u2013 &#8230;<\/li>\n<li><strong>Heure &#8211;<\/strong> \u2013 &#8230;<\/li>\n<\/ul>\n<div style=\"text-align: center;margin: 50px 0 20px 0\">\n<a style=\"background: #22acc5;color: white;padding: 15px 25px;font-size: 20px;border-radius: 10px;text-decoration: none\" href=\"https:\/\/booking.bedzzle.com\/desktop\/?&amp;apikey=d7d190e286c64fdc5c9b9b3af5debc26&amp;lang=fr\">R\u00e9servez votre s\u00e9jour<\/a>\n<\/div>\n","protected":false},"excerpt":{"rendered":"<p>\u00c9v\u00e9nements saisonniers \u00c9v\u00e9nements hebdomadaires .. \u2013 &#8230; &#8230; \u2013 &#8230; \u00c9v\u00e9nements du jour Mise \u00e0 jour quotidienne par la r\u00e9ception (juin \u2013 septembre) Heure &#8211; \u2013 &#8230; Heure &#8211; \u2013 &#8230; Heure &#8211; \u2013 &#8230; R\u00e9servez votre s\u00e9jour<\/p>\n","protected":false},"author":4,"featured_media":0,"parent":0,"menu_order":0,"comment_status":"closed","ping_status":"closed","template":"","meta":{"_acf_changed":false},"class_list":["post-5650","page","type-page","status-publish","hentry"],"acf":[],"_links":{"self":[{"href":"https:\/\/hotelcaravelmisano.it\/fr\/wp-json\/wp\/v2\/pages\/5650","targetHints":{"allow":["GET"]}}],"collection":[{"href":"https:\/\/hotelcaravelmisano.it\/fr\/wp-json\/wp\/v2\/pages"}],"about":[{"href":"https:\/\/hotelcaravelmisano.it\/fr\/wp-json\/wp\/v2\/types\/page"}],"author":[{"embeddable":true,"href":"https:\/\/hotelcaravelmisano.it\/fr\/wp-json\/wp\/v2\/users\/4"}],"replies":[{"embeddable":true,"href":"https:\/\/hotelcaravelmisano.it\/fr\/wp-json\/wp\/v2\/comments?post=5650"}],"version-history":[{"count":0,"href":"https:\/\/hotelcaravelmisano.it\/fr\/wp-json\/wp\/v2\/pages\/5650\/revisions"}],"wp:attachment":[{"href":"https:\/\/hotelcaravelmisano.it\/fr\/wp-json\/wp\/v2\/media?parent=5650"}],"curies":[{"name":"wp","href":"https:\/\/api.w.org\/{rel}","templated":true}]}}