{"id":5470,"date":"2025-11-15T11:59:30","date_gmt":"2025-11-15T10:59:30","guid":{"rendered":"https:\/\/hotelcaravelmisano.it\/?page_id=5470"},"modified":"2025-12-01T17:19:24","modified_gmt":"2025-12-01T16:19:24","slug":"parking-prive-gratuit","status":"publish","type":"page","link":"https:\/\/hotelcaravelmisano.it\/fr\/parking-prive-gratuit\/","title":{"rendered":"Parking priv\u00e9 gratuit"},"content":{"rendered":"<p style=\"font-size:16pt;color:#333\">\n\u00c0 l\u2019<strong style=\"color:#1394ad\">H\u00f4tel Caravel B&amp;B de Misano Adriatico<\/strong>, le confort commence avant m\u00eame d\u2019entrer : notre <strong style=\"color:#ad8b63\">parking priv\u00e9 gratuit<\/strong> se trouve juste <strong>\u00e0 c\u00f4t\u00e9 de l\u2019h\u00f4tel<\/strong>, ce qui vous permet d\u2019arriver et de vous garer sans stress.<br \/>\nPlus de recherches interminables ni de frais suppl\u00e9mentaires : vos vacances commencent de la mani\u00e8re la plus simple.\n<\/p>\n<p style=\"font-size:16pt;color:#333\">\nLe parking est r\u00e9serv\u00e9 exclusivement \u00e0 nos h\u00f4tes, cl\u00f4tur\u00e9 et toujours accessible, id\u00e9al pour ceux qui voyagent en voiture et souhaitent laisser leur v\u00e9hicule dans un espace s\u00fbr et pratique.<br \/>\nEn quelques pas, vous \u00eates d\u00e9j\u00e0 \u00e0 la r\u00e9ception, pr\u00eat \u00e0 profiter de la piscine, de la mer et de la d\u00e9tente \u00e0 Misano Adriatico.\n<\/p>\n<p style=\"font-size:16pt;color:#333\">\nUn avantage non n\u00e9gligeable : trouver un <strong style=\"color:#ad8b63\">h\u00f4tel avec parking gratuit \u00e0 Misano Adriatico<\/strong> n\u2019est pas si \u00e9vident.<br \/>\nAu Caravel, nous avons voulu vous offrir un v\u00e9ritable plus, car pour nous <strong style=\"color:#1394ad\">le confort et la tranquillit\u00e9 de nos h\u00f4tes passent avant tout.<\/strong>\n<\/p>\n<div style=\"background-color:#f7f9fb;border:1px solid #dce3ea;border-radius:15px;padding:25px 20px;margin:40px 0;text-align:left\">\n<span style=\"font-size:42px;line-height:1\">\ud83c\udfcd\ufe0f<\/span><\/p>\n<p style=\"font-size:16pt;color:#333;margin:0\">\nSi vous voyagez \u00e0 moto et cherchez un <strong>h\u00f4tel \u00e0 Misano Adriatico pr\u00e8s du Circuit de Misano<\/strong>, l\u2019H\u00f4tel Caravel B&amp;B est le choix id\u00e9al.<br \/>\nL\u2019\u00e9tablissement dispose d\u2019<strong>espaces priv\u00e9s et s\u00e9curis\u00e9s<\/strong> attenants \u00e0 l\u2019h\u00f4tel, o\u00f9 vous pourrez garer votre moto en toute tranquillit\u00e9 et profiter pleinement de votre s\u00e9jour.<br \/>\nDe nombreux motards nous choisissent chaque ann\u00e9e \u00e0 l\u2019occasion des grands \u00e9v\u00e9nements sportifs comme le <strong>MotoGP de Misano<\/strong>, le <strong>Superbike<\/strong> ou encore les c\u00e9l\u00e8bres <strong>Rassemblements Ducati \u2013 World Ducati Week (WDW)<\/strong>, appr\u00e9ciant la commodit\u00e9 d\u2019un <strong>parking priv\u00e9 pour motos<\/strong> \u00e0 quelques pas de l\u2019H\u00f4tel.<br \/>\nVivre l\u2019ambiance des moteurs tout en sachant que votre moto est en s\u00e9curit\u00e9 rend le s\u00e9jour encore plus sp\u00e9cial.\n<\/p>\n<\/div>\n<div style=\"text-align:center;margin:50px 0\">\n<a href=\"https:\/\/booking.bedzzle.com\/desktop\/?apikey=d7d190e286c64fdc5c9b9b3af5debc26&amp;lang=fr\" target=\"_blank\" rel=\"noopener noreferrer\" style=\"background-color:#8a5fdd;color:#fff;padding:20px 35px;border-radius:35px;text-decoration:none;font-weight:bold;font-size:18pt\"> R\u00c9SERVER L\u2019H\u00d4TEL<br \/>\n<\/a>\n<\/div>\n","protected":false},"excerpt":{"rendered":"<p>\u00c0 l\u2019H\u00f4tel Caravel B&amp;B de Misano Adriatico, le confort commence avant m\u00eame d\u2019entrer : notre parking priv\u00e9 gratuit se trouve juste \u00e0 c\u00f4t\u00e9 de l\u2019h\u00f4tel, ce qui vous permet d\u2019arriver et de vous garer sans stress. Plus de recherches interminables ni de frais suppl\u00e9mentaires : vos vacances commencent de la mani\u00e8re la plus simple. Le parking est r\u00e9serv\u00e9 exclusivement \u00e0 nos h\u00f4tes, cl\u00f4tur\u00e9 et toujours accessible, id\u00e9al pour ceux qui &#8230;<\/p>\n","protected":false},"author":4,"featured_media":0,"parent":0,"menu_order":0,"comment_status":"closed","ping_status":"closed","template":"","meta":{"_acf_changed":false},"class_list":["post-5470","page","type-page","status-publish","hentry"],"acf":[],"_links":{"self":[{"href":"https:\/\/hotelcaravelmisano.it\/fr\/wp-json\/wp\/v2\/pages\/5470","targetHints":{"allow":["GET"]}}],"collection":[{"href":"https:\/\/hotelcaravelmisano.it\/fr\/wp-json\/wp\/v2\/pages"}],"about":[{"href":"https:\/\/hotelcaravelmisano.it\/fr\/wp-json\/wp\/v2\/types\/page"}],"author":[{"embeddable":true,"href":"https:\/\/hotelcaravelmisano.it\/fr\/wp-json\/wp\/v2\/users\/4"}],"replies":[{"embeddable":true,"href":"https:\/\/hotelcaravelmisano.it\/fr\/wp-json\/wp\/v2\/comments?post=5470"}],"version-history":[{"count":0,"href":"https:\/\/hotelcaravelmisano.it\/fr\/wp-json\/wp\/v2\/pages\/5470\/revisions"}],"wp:attachment":[{"href":"https:\/\/hotelcaravelmisano.it\/fr\/wp-json\/wp\/v2\/media?parent=5470"}],"curies":[{"name":"wp","href":"https:\/\/api.w.org\/{rel}","templated":true}]}}