{"id":3067,"date":"2019-12-16T12:01:33","date_gmt":"2019-12-16T11:01:33","guid":{"rendered":"https:\/\/hotelcaravelmisano.itlistino-prezzi\/"},"modified":"2025-12-01T17:20:23","modified_gmt":"2025-12-01T16:20:23","slug":"conditions-de-sejour","status":"publish","type":"page","link":"https:\/\/hotelcaravelmisano.it\/fr\/conditions-de-sejour\/","title":{"rendered":"Services et conditions"},"content":{"rendered":"<p style=\"font-size: 16pt;color: #22acc5\"><strong>\u00c0 L\u2019H\u00d4TEL CARAVEL, LE CONFORT EST CHEZ LUI.<\/strong><\/p>\n<p>Chaque d\u00e9tail est pens\u00e9 pour vous offrir <strong>des vacances reposantes et sans souci<\/strong> : services soign\u00e9s, espaces accueillants et toute l\u2019attention qu\u2019une gestion familiale peut offrir.<br \/>\nEn couple, en famille ou entre amis, vous trouverez ici <strong>confort et courtoisie<\/strong> pour profiter pleinement de votre s\u00e9jour \u00e0 Misano Adriatico.<\/p>\n<div style=\"background-color: #f7f9f9;border: 2px solid #22acc5;border-radius: 16px;padding: 22px;margin: 30px auto;text-align: center;line-height: 1.6;max-width: 850px\">\n<h3 style=\"color: #22acc5;font-size: 20pt;margin-top: 0;margin-bottom: 12px\">\ud83c\udf7d\ufe0f RESTAURANTS PARTENAIRES<\/h3>\n<p style=\"font-size: 14pt;color: #333333;margin-bottom: 10px\">\nChoisissez la <strong><span style=\"color: #22acc5\">libert\u00e9 \u00e0 table&nbsp;!<\/span><\/strong><br \/>\nAvec nos restaurants partenaires, vous pouvez manger quand vous voulez et ce que vous souhaitez \u2014 sans contraintes d\u2019horaires ni menus fixes.\n<\/p>\n<p style=\"font-size: 14pt;color: #333333;margin-bottom: 10px\">\nTous les \u00e9tablissements sont <strong><span style=\"color: #ad8b63\">tout pr\u00e8s de l\u2019H\u00f4tel Caravel<\/span><\/strong> et proposent d\u2019excellents plats de <strong><span style=\"color: #ad8b63\">poisson frais, viande grill\u00e9e et pizzas savoureuses<\/span><\/strong>, dans des lieux superbes, souvent <strong>directement au bord de la mer<\/strong>.\n<\/p>\n<p style=\"font-size: 14pt;color: #333333;margin-bottom: 10px\">\nUne formule parfaite pour ceux qui aiment la bonne cuisine et souhaitent vivre des vacances plac\u00e9es sous le signe de la <strong>libert\u00e9 et de la flexibilit\u00e9<\/strong>, sans souci et avec go\u00fbt.\n<\/p>\n<p><strong><a style=\"font-size: 16pt;color: #8e6dc0;font-weight: bold;text-decoration: none\" href=\"https:\/\/hotelcaravelmisano.it\/fr\/restaurants-partenaires\/\">CLIQUEZ ICI POUR D\u00c9COUVRIR TOUS LES RESTAURANTS PARTENAIRES<\/a><\/strong>\n<\/div>\n<div style=\"height: 10px\"><\/div>\n<p><span style=\"color: #22acc5\"><em><span style=\"font-size: 18pt\"><strong>Voici d\u2019autres informations utiles pour votre s\u00e9jour :<\/strong><\/span><\/em><\/span><\/p>\n<div style=\"height: 8px\"><\/div>\n<h3 style=\"color: #22acc5;text-decoration: underline\">1) Horaires de check-in et check-out<\/h3>\n<p>La chambre est \u00e0 disposition des clients <strong>le jour d\u2019arriv\u00e9e \u00e0 partir de 14h00<\/strong> (check-in) et <strong>le jour du d\u00e9part jusqu\u2019\u00e0 11h00<\/strong> (check-out).<br \/>\nPour ceux qui souhaitent profiter d\u00e9j\u00e0 du matin \u00e0 la mer ou \u00e0 la piscine, il est possible d\u2019effectuer un <strong>check-in anticip\u00e9 d\u00e8s 08h00<\/strong> et de d\u00e9poser les bagages dans un espace d\u00e9di\u00e9 dans le hall.<\/p>\n<div style=\"height: 8px\"><\/div>\n<h3 style=\"color: #22acc5;text-decoration: underline\">2) Enfants jusqu\u2019\u00e0 2 ans<\/h3>\n<p>\u00c0 l\u2019H\u00f4tel Caravel, nous accueillons avec plaisir nos plus petits h\u00f4tes ! Le s\u00e9jour est <strong>gratuit pour les enfants jusqu\u2019\u00e0 2 ans<\/strong> dormant dans les lits existants.<br \/>\nLa demande de lit b\u00e9b\u00e9 doit \u00eatre faite lors de la r\u00e9servation (disponible uniquement dans certaines chambres).<br \/>\nLe suppl\u00e9ment pour le lit b\u00e9b\u00e9 est de <strong>10,00 \u20ac par jour<\/strong>.<\/p>\n<div style=\"height: 8px\"><\/div>\n<h3 style=\"color: #22acc5;text-decoration: underline\">3) Services gratuits inclus dans le s\u00e9jour<\/h3>\n<p>Dans notre h\u00f4tel, tout est pens\u00e9 pour garantir confort, d\u00e9tente et divertissement.<br \/>\nLes tarifs incluent les services suivants :<\/p>\n<ul>\n<li><span style=\"color: #ad8b63\"><strong>\u00c0 la piscine :<\/strong><\/span>\n<ul>\n<li>Toboggan aquatique amusant pour petits et grands<\/li>\n<li>2 piscines (adultes et enfants)<\/li>\n<li>Bain \u00e0 remous (selon horaires d\u00e9finis)<\/li>\n<li>Terrain de beach-volley<\/li>\n<li>Boulodrome<\/li>\n<\/ul>\n<\/li>\n<li><span style=\"color: #ad8b63\"><strong>Dans la chambre :<\/strong><\/span>\n<ul>\n<li>Connexion Wi-Fi gratuite dans tout l\u2019h\u00f4tel<\/li>\n<li>Climatisation ind\u00e9pendante<\/li>\n<li>Mini-r\u00e9frig\u00e9rateur<\/li>\n<li>Kit de toilette<\/li>\n<li>TV Full HD<\/li>\n<\/ul>\n<\/li>\n<li><strong><span style=\"color: #ad8b63\">Parking priv\u00e9 attenant \u00e0 l\u2019h\u00f4tel<\/span><\/strong><\/li>\n<li><strong><span style=\"color: #ad8b63\">Aire de jeux pour enfants<\/span><\/strong><\/li>\n<li><strong><span style=\"color: #ad8b63\">V\u00e9los \u00e0 disposition gratuitement<\/span><\/strong><\/li>\n<li><strong><span style=\"color: #ad8b63\">Ascenseur neuf et rapide<\/span><\/strong><\/li>\n<\/ul>\n<div style=\"height: 8px\"><\/div>\n<h3 style=\"color: #22acc5;text-decoration: underline\">4) Animaux de compagnie<\/h3>\n<p>Vos fid\u00e8les amis sont les bienvenus !<br \/>\nNous acceptons les <strong>chiens de petite et moyenne taille<\/strong> (sur demande lors de la r\u00e9servation, jusqu\u2019\u00e0 un nombre maximal par jour).<br \/>\nLeur s\u00e9jour est gratuit, mais l\u2019acc\u00e8s \u00e0 la salle du petit-d\u00e9jeuner n\u2019est pas autoris\u00e9.<br \/>\nNous vous demandons simplement de signaler leur pr\u00e9sence au moment de la r\u00e9servation.<\/p>\n<div style=\"height: 6px\"><\/div>\n<div style=\"text-align: center;margin-top: 25px\">\n<a style=\"background-color: #8a5fdd;color: #fff;padding: 14px 22px;border-radius: 30px;text-decoration: none;font-weight: bold;font-size: 15pt;max-width: 100%;text-align: center\" href=\"https:\/\/booking.bedzzle.com\/desktop\/?apikey=d7d190e286c64fdc5c9b9b3af5debc26&amp;lang=fr\" target=\"_blank\" rel=\"noopener noreferrer\">R\u00c9SERVER VOTRE S\u00c9JOUR<\/a>\n<\/div>\n<div style=\"height: 30px\"><\/div>\n","protected":false},"excerpt":{"rendered":"<p>\u00c0 L\u2019H\u00d4TEL CARAVEL, LE CONFORT EST CHEZ LUI. Chaque d\u00e9tail est pens\u00e9 pour vous offrir des vacances reposantes et sans souci : services soign\u00e9s, espaces accueillants et toute l\u2019attention qu\u2019une gestion familiale peut offrir. En couple, en famille ou entre amis, vous trouverez ici confort et courtoisie pour profiter pleinement de votre s\u00e9jour \u00e0 Misano Adriatico. \ud83c\udf7d\ufe0f RESTAURANTS PARTENAIRES Choisissez la libert\u00e9 \u00e0 table&nbsp;! Avec nos restaurants partenaires, vous pouvez &#8230;<\/p>\n","protected":false},"author":1,"featured_media":0,"parent":0,"menu_order":0,"comment_status":"closed","ping_status":"closed","template":"","meta":{"_acf_changed":false},"class_list":["post-3067","page","type-page","status-publish","hentry"],"acf":[],"_links":{"self":[{"href":"https:\/\/hotelcaravelmisano.it\/fr\/wp-json\/wp\/v2\/pages\/3067","targetHints":{"allow":["GET"]}}],"collection":[{"href":"https:\/\/hotelcaravelmisano.it\/fr\/wp-json\/wp\/v2\/pages"}],"about":[{"href":"https:\/\/hotelcaravelmisano.it\/fr\/wp-json\/wp\/v2\/types\/page"}],"author":[{"embeddable":true,"href":"https:\/\/hotelcaravelmisano.it\/fr\/wp-json\/wp\/v2\/users\/1"}],"replies":[{"embeddable":true,"href":"https:\/\/hotelcaravelmisano.it\/fr\/wp-json\/wp\/v2\/comments?post=3067"}],"version-history":[{"count":0,"href":"https:\/\/hotelcaravelmisano.it\/fr\/wp-json\/wp\/v2\/pages\/3067\/revisions"}],"wp:attachment":[{"href":"https:\/\/hotelcaravelmisano.it\/fr\/wp-json\/wp\/v2\/media?parent=3067"}],"curies":[{"name":"wp","href":"https:\/\/api.w.org\/{rel}","templated":true}]}}