{"id":3027,"date":"2016-12-23T11:10:32","date_gmt":"2016-12-23T10:10:32","guid":{"rendered":"https:\/\/hotelcaravelmisano.itofferte\/"},"modified":"2025-11-18T11:54:24","modified_gmt":"2025-11-18T10:54:24","slug":"offres","status":"publish","type":"page","link":"https:\/\/hotelcaravelmisano.it\/fr\/offres\/","title":{"rendered":"Promotions \u2013 \u00c9t\u00e9 2026"},"content":{"rendered":"<p>D\u00e9couvrez toutes les <strong>offres sp\u00e9ciales de l\u2019H\u00f4tel Caravel B&amp;B de Misano Adriatico<\/strong> !<br \/>\nProfitez de nos <strong>promotions exclusives<\/strong> r\u00e9serv\u00e9es \u00e0 ceux qui r\u00e9servent directement sur le site officiel : r\u00e9ductions, avantages et services d\u00e9di\u00e9s pour rendre vos vacances encore plus agr\u00e9ables et avantageuses.<br \/>\nR\u00e9servez maintenant et assurez-vous le <strong>meilleur prix garanti<\/strong> !<\/p>\n","protected":false},"excerpt":{"rendered":"<p>D\u00e9couvrez toutes les offres sp\u00e9ciales de l\u2019H\u00f4tel Caravel B&amp;B de Misano Adriatico ! Profitez de nos promotions exclusives r\u00e9serv\u00e9es \u00e0 ceux qui r\u00e9servent directement sur le site officiel : r\u00e9ductions, avantages et services d\u00e9di\u00e9s pour rendre vos vacances encore plus agr\u00e9ables et avantageuses. R\u00e9servez maintenant et assurez-vous le meilleur prix garanti !<\/p>\n","protected":false},"author":1,"featured_media":0,"parent":0,"menu_order":0,"comment_status":"closed","ping_status":"closed","template":"template\/template.offerte.php","meta":{"_acf_changed":false},"class_list":["post-3027","page","type-page","status-publish","hentry"],"acf":[],"_links":{"self":[{"href":"https:\/\/hotelcaravelmisano.it\/fr\/wp-json\/wp\/v2\/pages\/3027","targetHints":{"allow":["GET"]}}],"collection":[{"href":"https:\/\/hotelcaravelmisano.it\/fr\/wp-json\/wp\/v2\/pages"}],"about":[{"href":"https:\/\/hotelcaravelmisano.it\/fr\/wp-json\/wp\/v2\/types\/page"}],"author":[{"embeddable":true,"href":"https:\/\/hotelcaravelmisano.it\/fr\/wp-json\/wp\/v2\/users\/1"}],"replies":[{"embeddable":true,"href":"https:\/\/hotelcaravelmisano.it\/fr\/wp-json\/wp\/v2\/comments?post=3027"}],"version-history":[{"count":0,"href":"https:\/\/hotelcaravelmisano.it\/fr\/wp-json\/wp\/v2\/pages\/3027\/revisions"}],"wp:attachment":[{"href":"https:\/\/hotelcaravelmisano.it\/fr\/wp-json\/wp\/v2\/media?parent=3027"}],"curies":[{"name":"wp","href":"https:\/\/api.w.org\/{rel}","templated":true}]}}