{"id":3015,"date":"2019-09-30T14:12:31","date_gmt":"2019-09-30T12:12:31","guid":{"rendered":"https:\/\/hotelcaravelmisano.itposizione-privilegiata\/"},"modified":"2025-11-15T16:32:59","modified_gmt":"2025-11-15T15:32:59","slug":"ou-sommes-nous","status":"publish","type":"page","link":"https:\/\/hotelcaravelmisano.it\/fr\/ou-sommes-nous\/","title":{"rendered":"O\u00f9 sommes-nous"},"content":{"rendered":"<h3>H\u00f4tel Caravel, \u00e0 deux pas de la mer et tout pr\u00e8s de :<\/h3>\n<ul>\n<li>2,5 km des <strong>Thermes de Riccione<\/strong><\/li>\n<li>2,8 km du <strong>MWC \u2013 Misano World Circuit<\/strong><\/li>\n<li>800 m du Palais des Sports, <strong>Patinage<\/strong> et Tennis Club<\/li>\n<li>100 m des <strong>arr\u00eats de bus<\/strong> pour le centre de Riccione et de Cattolica<\/li>\n<li>300 m du centre touristique de Misano Adriatico<\/li>\n<li>4 km du centre touristique de Riccione et de Cattolica<\/li>\n<li>5 km du parc aquatique <strong>Aquafan de Riccione<\/strong> et du parc th\u00e9matique <strong>Oltremare<\/strong><\/li>\n<li>2 km de l\u2019<strong>aquarium de Cattolica<\/strong> \u201cLe Navi\u201d<\/li>\n<\/ul>\n<p style=\"margin-top: 25px;text-align: center;text-transform: uppercase;font-weight: bold;color: #8a5fdd\"> Rejoignez-nous pour vos prochaines vacances ! <a style=\"color: #8a5fdd;font-weight: bold;text-transform: uppercase;text-decoration: underline\" href=\"https:\/\/hotelcaravelmisano.it\/fr\/offres\/\">D\u00e9couvrez les offres exclusives<\/a> et r\u00e9servez d\u00e8s maintenant votre s\u00e9jour au meilleur prix ! <\/p>\n<h2 style=\"color: #2092a1\">Comment nous rejoindre<\/h2>\n<p> Rejoindre l\u2019H\u00f4tel Caravel de Misano Adriatico est simple, quel que soit votre moyen de transport. Voici toutes les indications utiles pour arriver chez nous en voiture, en train ou en avion. <\/p>\n<h3><strong>En voiture<\/strong><\/h3>\n<p> <strong>Depuis le nord :<\/strong> Autoroute A1 Milan\u2013Bologne puis A14 Bologne\u2013Anc\u00f4ne (sortie Riccione). Continuer vers le sud (Pesaro) sur la route nationale Adriatica SS16 pendant environ 5 km jusqu\u2019\u00e0 Misano Adriatico. <strong>Depuis le sud :<\/strong> Autoroute A14 Tarente\u2013Bologne (sortie Cattolica). Continuer vers le nord (Rimini\u2013Ravenne) sur la route nationale Adriatica SS16 pendant environ 4,5 km jusqu\u2019\u00e0 Misano Adriatico. <\/p>\n<h3>En train<\/h3>\n<p> <strong>Train FF.SS :<\/strong> Gare ferroviaire de Misano Adriatico, ou bien gare de Riccione ou de Cattolica, puis bus de ligne (n\u00b0 125) jusqu\u2019\u00e0 Misano Adriatico. <\/p>\n<h3>En avion<\/h3>\n<ul>\n<li><strong>\u00c0 9 km de Misano Adriatico :<\/strong><br \/> A\u00e9roport International Federico Fellini de Rimini<br \/> www.riminiairport.com<br \/> Via Flaminia, 409 \u2013 47831 Miramare di Rimini<br \/> Infos billetterie t\u00e9l. 0541\/715711 \u2013 0541\/715711<\/li>\n<li><strong>\u00c0 120 km de Misano Adriatico :<\/strong><br \/> A\u00e9roport International \u201cG. Marconi\u201d de Bologne<br \/> www.bologna-airport.it<br \/> Via Aeroporto Civile \u2013 Bologne<br \/> Informations et r\u00e9servations t\u00e9l. 051\/6479615 \u2013 051\/6479615<\/li>\n<\/ul>\n","protected":false},"excerpt":{"rendered":"<p>H\u00f4tel Caravel, \u00e0 deux pas de la mer et tout pr\u00e8s de : 2,5 km des Thermes de Riccione 2,8 km du MWC \u2013 Misano World Circuit 800 m du Palais des Sports, Patinage et Tennis Club 100 m des arr\u00eats de bus pour le centre de Riccione et de Cattolica 300 m du centre touristique de Misano Adriatico 4 km du centre touristique de Riccione et de Cattolica 5 &#8230;<\/p>\n","protected":false},"author":1,"featured_media":5365,"parent":0,"menu_order":0,"comment_status":"closed","ping_status":"closed","template":"template\/template.mappa.php","meta":{"_acf_changed":false},"class_list":["post-3015","page","type-page","status-publish","has-post-thumbnail","hentry"],"acf":[],"_links":{"self":[{"href":"https:\/\/hotelcaravelmisano.it\/fr\/wp-json\/wp\/v2\/pages\/3015","targetHints":{"allow":["GET"]}}],"collection":[{"href":"https:\/\/hotelcaravelmisano.it\/fr\/wp-json\/wp\/v2\/pages"}],"about":[{"href":"https:\/\/hotelcaravelmisano.it\/fr\/wp-json\/wp\/v2\/types\/page"}],"author":[{"embeddable":true,"href":"https:\/\/hotelcaravelmisano.it\/fr\/wp-json\/wp\/v2\/users\/1"}],"replies":[{"embeddable":true,"href":"https:\/\/hotelcaravelmisano.it\/fr\/wp-json\/wp\/v2\/comments?post=3015"}],"version-history":[{"count":0,"href":"https:\/\/hotelcaravelmisano.it\/fr\/wp-json\/wp\/v2\/pages\/3015\/revisions"}],"wp:featuredmedia":[{"embeddable":true,"href":"https:\/\/hotelcaravelmisano.it\/fr\/wp-json\/wp\/v2\/media\/5365"}],"wp:attachment":[{"href":"https:\/\/hotelcaravelmisano.it\/fr\/wp-json\/wp\/v2\/media?parent=3015"}],"curies":[{"name":"wp","href":"https:\/\/api.w.org\/{rel}","templated":true}]}}