{"id":3002,"date":"2017-12-11T10:19:45","date_gmt":"2017-12-11T09:19:45","guid":{"rendered":"https:\/\/hotelcaravelmisano.itcucina\/"},"modified":"2025-11-15T16:41:38","modified_gmt":"2025-11-15T15:41:38","slug":"colazione-del-benessere","status":"publish","type":"page","link":"https:\/\/hotelcaravelmisano.it\/fr\/colazione-del-benessere\/","title":{"rendered":"Petit d\u00e9jeuner bien-\u00eatre"},"content":{"rendered":"<p><span style=\"font-size: 18pt\"><strong><span style=\"color: #22acc5\">Commencez la journ\u00e9e avec le parfum du caf\u00e9 et la lumi\u00e8re du matin.<\/span><\/strong><\/span><\/p>\n<p>Au <strong>H\u00f4tel Caravel de Misano Adriatico<\/strong>, le petit-d\u00e9jeuner est un v\u00e9ritable moment de bien-\u00eatre, un petit rituel quotidien \u00e0 savourer en toute tranquillit\u00e9 dans notre <strong>salle de petit-d\u00e9jeuner enti\u00e8rement r\u00e9nov\u00e9e<\/strong>, lumineuse et accueillante.<\/p>\n<p>De <span style=\"font-size: 14pt\"><strong><span style=\"color: #22acc5\">07h30<\/span><\/strong><\/span> \u00e0 <span style=\"font-size: 14pt\"><strong><span style=\"color: #22acc5\">11h00<\/span><\/strong><\/span>, un <strong>riche buffet sucr\u00e9 et sal\u00e9<\/strong> vous attend, pens\u00e9 pour vous offrir \u00e9nergie et plaisir d\u00e8s la premi\u00e8re bouch\u00e9e.<\/p>\n<ul>\n<li><strong>G\u00e2teaux et biscuits faits maison<\/strong>, pr\u00e9par\u00e9s chaque jour avec des ingr\u00e9dients authentiques<\/li>\n<li><strong>Croissants chauds<\/strong> et <strong>pancakes moelleux<\/strong><\/li>\n<li><strong>Fruits frais<\/strong> de saison et <strong>fruits secs<\/strong><\/li>\n<li><strong>Yaourts<\/strong>, <strong>c\u00e9r\u00e9ales<\/strong> et <strong>muesli<\/strong> pour un petit-d\u00e9jeuner \u00e9quilibr\u00e9<\/li>\n<li><strong>\u0152ufs, bacon, charcuterie et fromages<\/strong> de grande qualit\u00e9 pour ceux qui pr\u00e9f\u00e8rent le sal\u00e9<\/li>\n<li><strong>Tisanes et infusions detox<\/strong> pour un r\u00e9veil l\u00e9ger et naturel<\/li>\n<\/ul>\n<p style=\"font-size: 16pt;margin-top: 30px\"> <span style=\"color: #22acc5\"><strong>La qualit\u00e9 avant tout : <\/strong><\/span> le <strong><span style=\"color: #b89663\">cappuccino et le caf\u00e9<\/span><\/strong> sont pr\u00e9par\u00e9s \u00e0 la main, comme au bar, avec la machine espresso. Chaque jour, nous vous g\u00e2tons avec <strong>des g\u00e2teaux faits maison<\/strong>, servis avec le sourire et l\u2019attention qui nous caract\u00e9risent. <\/p>\n<p style=\"font-size: 16pt\"> Vous avez des besoins particuliers ? Aucun souci ! Au petit-d\u00e9jeuner, vous trouverez \u00e9galement du <strong><span style=\"color: #22acc5\">lait de soja<\/span><\/strong>, du <strong><span style=\"color: #22acc5\">lait sans lactose<\/span><\/strong> et des <strong><span style=\"color: #22acc5\">produits sans gluten<\/span><\/strong> (sur demande aupr\u00e8s de la Direction la veille). <\/p>\n<p style=\"text-align: center;font-size: 16pt;margin-top: 30px\"> <strong><span style=\"color: #b89663\">\u00c9nergie, saveur et bien-\u00eatre<\/span><\/strong> \u2014 la meilleure fa\u00e7on de commencer chaque journ\u00e9e de soleil, de mer et de d\u00e9tente \u00e0 Misano Adriatico ! <\/p>\n<div id='gallery-1' class='gallery galleryid-3002 gallery-columns-3 gallery-size-gallery-thumb'><figure class='gallery-item'>\n\t\t\t<div class='gallery-icon landscape'>\n\t\t\t\t<a href='https:\/\/hotelcaravelmisano.it\/wp-content\/uploads\/2025\/11\/hotel-caravel-misano-colazione-frutta.jpg' data-size=\"450x450\"><img loading=\"lazy\" decoding=\"async\" width=\"450\" height=\"450\" src=\"https:\/\/hotelcaravelmisano.it\/wp-content\/uploads\/2025\/11\/hotel-caravel-misano-colazione-frutta.jpg\" class=\"attachment-gallery-thumb size-gallery-thumb\" alt=\"Frutta fresca e colorata servita a colazione all\u2019Hotel Caravel B&amp;B Misano Adriatico\" srcset=\"https:\/\/hotelcaravelmisano.it\/wp-content\/uploads\/2025\/11\/hotel-caravel-misano-colazione-frutta.jpg 450w, https:\/\/hotelcaravelmisano.it\/wp-content\/uploads\/2025\/11\/hotel-caravel-misano-colazione-frutta-300x300.jpg 300w, https:\/\/hotelcaravelmisano.it\/wp-content\/uploads\/2025\/11\/hotel-caravel-misano-colazione-frutta-150x150.jpg 150w, https:\/\/hotelcaravelmisano.it\/wp-content\/uploads\/2025\/11\/hotel-caravel-misano-colazione-frutta-57x57.jpg 57w, https:\/\/hotelcaravelmisano.it\/wp-content\/uploads\/2025\/11\/hotel-caravel-misano-colazione-frutta-72x72.jpg 72w, https:\/\/hotelcaravelmisano.it\/wp-content\/uploads\/2025\/11\/hotel-caravel-misano-colazione-frutta-114x114.jpg 114w, https:\/\/hotelcaravelmisano.it\/wp-content\/uploads\/2025\/11\/hotel-caravel-misano-colazione-frutta-144x144.jpg 144w, https:\/\/hotelcaravelmisano.it\/wp-content\/uploads\/2025\/11\/hotel-caravel-misano-colazione-frutta-290x290.jpg 290w\" sizes=\"auto, (max-width: 450px) 100vw, 450px\" \/><\/a>\n\t\t\t<\/div><\/figure><figure class='gallery-item'>\n\t\t\t<div class='gallery-icon landscape'>\n\t\t\t\t<a href='https:\/\/hotelcaravelmisano.it\/wp-content\/uploads\/2025\/11\/hotel-caravel-bb-colazione-croissant.jpg' data-size=\"450x450\"><img loading=\"lazy\" decoding=\"async\" width=\"450\" height=\"450\" src=\"https:\/\/hotelcaravelmisano.it\/wp-content\/uploads\/2025\/11\/hotel-caravel-bb-colazione-croissant.jpg\" class=\"attachment-gallery-thumb size-gallery-thumb\" alt=\"Croissant caldi e fragranti al buffet colazione dell\u2019Hotel Caravel B&amp;B Misano Adriatico\" srcset=\"https:\/\/hotelcaravelmisano.it\/wp-content\/uploads\/2025\/11\/hotel-caravel-bb-colazione-croissant.jpg 450w, https:\/\/hotelcaravelmisano.it\/wp-content\/uploads\/2025\/11\/hotel-caravel-bb-colazione-croissant-300x300.jpg 300w, https:\/\/hotelcaravelmisano.it\/wp-content\/uploads\/2025\/11\/hotel-caravel-bb-colazione-croissant-150x150.jpg 150w, https:\/\/hotelcaravelmisano.it\/wp-content\/uploads\/2025\/11\/hotel-caravel-bb-colazione-croissant-57x57.jpg 57w, https:\/\/hotelcaravelmisano.it\/wp-content\/uploads\/2025\/11\/hotel-caravel-bb-colazione-croissant-72x72.jpg 72w, https:\/\/hotelcaravelmisano.it\/wp-content\/uploads\/2025\/11\/hotel-caravel-bb-colazione-croissant-114x114.jpg 114w, https:\/\/hotelcaravelmisano.it\/wp-content\/uploads\/2025\/11\/hotel-caravel-bb-colazione-croissant-144x144.jpg 144w, https:\/\/hotelcaravelmisano.it\/wp-content\/uploads\/2025\/11\/hotel-caravel-bb-colazione-croissant-290x290.jpg 290w\" sizes=\"auto, (max-width: 450px) 100vw, 450px\" \/><\/a>\n\t\t\t<\/div><\/figure><figure class='gallery-item'>\n\t\t\t<div class='gallery-icon landscape'>\n\t\t\t\t<a href='https:\/\/hotelcaravelmisano.it\/wp-content\/uploads\/2025\/11\/hotel-caravel-misano-bb-pasticcini-scaled.jpg' data-size=\"2560x2558\"><img loading=\"lazy\" decoding=\"async\" width=\"450\" height=\"450\" src=\"https:\/\/hotelcaravelmisano.it\/wp-content\/uploads\/2025\/11\/hotel-caravel-misano-bb-pasticcini-450x450.jpg\" class=\"attachment-gallery-thumb size-gallery-thumb\" alt=\"Biscotti appena sfornati al buffet dolce dell\u2019Hotel Caravel Misano Adriatico\" srcset=\"https:\/\/hotelcaravelmisano.it\/wp-content\/uploads\/2025\/11\/hotel-caravel-misano-bb-pasticcini-450x450.jpg 450w, https:\/\/hotelcaravelmisano.it\/wp-content\/uploads\/2025\/11\/hotel-caravel-misano-bb-pasticcini-300x300.jpg 300w, https:\/\/hotelcaravelmisano.it\/wp-content\/uploads\/2025\/11\/hotel-caravel-misano-bb-pasticcini-1024x1024.jpg 1024w, https:\/\/hotelcaravelmisano.it\/wp-content\/uploads\/2025\/11\/hotel-caravel-misano-bb-pasticcini-150x150.jpg 150w, https:\/\/hotelcaravelmisano.it\/wp-content\/uploads\/2025\/11\/hotel-caravel-misano-bb-pasticcini-768x767.jpg 768w, https:\/\/hotelcaravelmisano.it\/wp-content\/uploads\/2025\/11\/hotel-caravel-misano-bb-pasticcini-1536x1536.jpg 1536w, https:\/\/hotelcaravelmisano.it\/wp-content\/uploads\/2025\/11\/hotel-caravel-misano-bb-pasticcini-2048x2046.jpg 2048w, https:\/\/hotelcaravelmisano.it\/wp-content\/uploads\/2025\/11\/hotel-caravel-misano-bb-pasticcini-57x57.jpg 57w, https:\/\/hotelcaravelmisano.it\/wp-content\/uploads\/2025\/11\/hotel-caravel-misano-bb-pasticcini-72x72.jpg 72w, https:\/\/hotelcaravelmisano.it\/wp-content\/uploads\/2025\/11\/hotel-caravel-misano-bb-pasticcini-114x114.jpg 114w, https:\/\/hotelcaravelmisano.it\/wp-content\/uploads\/2025\/11\/hotel-caravel-misano-bb-pasticcini-144x144.jpg 144w, https:\/\/hotelcaravelmisano.it\/wp-content\/uploads\/2025\/11\/hotel-caravel-misano-bb-pasticcini-290x290.jpg 290w, https:\/\/hotelcaravelmisano.it\/wp-content\/uploads\/2025\/11\/hotel-caravel-misano-bb-pasticcini-600x600.jpg 600w\" sizes=\"auto, (max-width: 450px) 100vw, 450px\" \/><\/a>\n\t\t\t<\/div><\/figure><figure class='gallery-item'>\n\t\t\t<div class='gallery-icon portrait'>\n\t\t\t\t<a href='https:\/\/hotelcaravelmisano.it\/wp-content\/uploads\/2025\/11\/hotel-caravel-misano-bb-muffin.jpg' data-size=\"1125x1127\"><img loading=\"lazy\" decoding=\"async\" width=\"450\" height=\"450\" src=\"https:\/\/hotelcaravelmisano.it\/wp-content\/uploads\/2025\/11\/hotel-caravel-misano-bb-muffin-450x450.jpg\" class=\"attachment-gallery-thumb size-gallery-thumb\" alt=\"Muffin artigianali al buffet dolce dell\u2019Hotel Caravel Misano Adriatico\" aria-describedby=\"gallery-1-4916\" srcset=\"https:\/\/hotelcaravelmisano.it\/wp-content\/uploads\/2025\/11\/hotel-caravel-misano-bb-muffin-450x450.jpg 450w, https:\/\/hotelcaravelmisano.it\/wp-content\/uploads\/2025\/11\/hotel-caravel-misano-bb-muffin-300x300.jpg 300w, https:\/\/hotelcaravelmisano.it\/wp-content\/uploads\/2025\/11\/hotel-caravel-misano-bb-muffin-1024x1024.jpg 1024w, https:\/\/hotelcaravelmisano.it\/wp-content\/uploads\/2025\/11\/hotel-caravel-misano-bb-muffin-150x150.jpg 150w, https:\/\/hotelcaravelmisano.it\/wp-content\/uploads\/2025\/11\/hotel-caravel-misano-bb-muffin-768x769.jpg 768w, https:\/\/hotelcaravelmisano.it\/wp-content\/uploads\/2025\/11\/hotel-caravel-misano-bb-muffin-57x57.jpg 57w, https:\/\/hotelcaravelmisano.it\/wp-content\/uploads\/2025\/11\/hotel-caravel-misano-bb-muffin-72x72.jpg 72w, https:\/\/hotelcaravelmisano.it\/wp-content\/uploads\/2025\/11\/hotel-caravel-misano-bb-muffin-114x114.jpg 114w, https:\/\/hotelcaravelmisano.it\/wp-content\/uploads\/2025\/11\/hotel-caravel-misano-bb-muffin-144x144.jpg 144w, https:\/\/hotelcaravelmisano.it\/wp-content\/uploads\/2025\/11\/hotel-caravel-misano-bb-muffin-290x290.jpg 290w, https:\/\/hotelcaravelmisano.it\/wp-content\/uploads\/2025\/11\/hotel-caravel-misano-bb-muffin-600x600.jpg 600w, https:\/\/hotelcaravelmisano.it\/wp-content\/uploads\/2025\/11\/hotel-caravel-misano-bb-muffin.jpg 1125w\" sizes=\"auto, (max-width: 450px) 100vw, 450px\" \/><\/a>\n\t\t\t<\/div>\n\t\t\t\t<figcaption class='wp-caption-text gallery-caption' id='gallery-1-4916'>\n\t\t\t\tScreenshot\n\t\t\t\t<\/figcaption><\/figure><figure class='gallery-item'>\n\t\t\t<div class='gallery-icon landscape'>\n\t\t\t\t<a href='https:\/\/hotelcaravelmisano.it\/wp-content\/uploads\/2025\/11\/hotel-caravel-bb-misano-torta.jpg' data-size=\"720x720\"><img loading=\"lazy\" decoding=\"async\" width=\"450\" height=\"450\" src=\"https:\/\/hotelcaravelmisano.it\/wp-content\/uploads\/2025\/11\/hotel-caravel-bb-misano-torta-450x450.jpg\" class=\"attachment-gallery-thumb size-gallery-thumb\" alt=\"Dolcetti artigianali e piccola pasticceria al buffet dolce dell\u2019Hotel Caravel Misano Adriatico\" srcset=\"https:\/\/hotelcaravelmisano.it\/wp-content\/uploads\/2025\/11\/hotel-caravel-bb-misano-torta-450x450.jpg 450w, https:\/\/hotelcaravelmisano.it\/wp-content\/uploads\/2025\/11\/hotel-caravel-bb-misano-torta-300x300.jpg 300w, https:\/\/hotelcaravelmisano.it\/wp-content\/uploads\/2025\/11\/hotel-caravel-bb-misano-torta-150x150.jpg 150w, https:\/\/hotelcaravelmisano.it\/wp-content\/uploads\/2025\/11\/hotel-caravel-bb-misano-torta-57x57.jpg 57w, https:\/\/hotelcaravelmisano.it\/wp-content\/uploads\/2025\/11\/hotel-caravel-bb-misano-torta-72x72.jpg 72w, https:\/\/hotelcaravelmisano.it\/wp-content\/uploads\/2025\/11\/hotel-caravel-bb-misano-torta-114x114.jpg 114w, https:\/\/hotelcaravelmisano.it\/wp-content\/uploads\/2025\/11\/hotel-caravel-bb-misano-torta-144x144.jpg 144w, https:\/\/hotelcaravelmisano.it\/wp-content\/uploads\/2025\/11\/hotel-caravel-bb-misano-torta-290x290.jpg 290w, https:\/\/hotelcaravelmisano.it\/wp-content\/uploads\/2025\/11\/hotel-caravel-bb-misano-torta-600x600.jpg 600w, https:\/\/hotelcaravelmisano.it\/wp-content\/uploads\/2025\/11\/hotel-caravel-bb-misano-torta.jpg 720w\" sizes=\"auto, (max-width: 450px) 100vw, 450px\" \/><\/a>\n\t\t\t<\/div><\/figure><figure class='gallery-item'>\n\t\t\t<div class='gallery-icon portrait'>\n\t\t\t\t<a href='https:\/\/hotelcaravelmisano.it\/wp-content\/uploads\/2025\/11\/hotel-caravel-spremuta.jpg' data-size=\"1902x1903\"><img loading=\"lazy\" decoding=\"async\" width=\"450\" height=\"450\" src=\"https:\/\/hotelcaravelmisano.it\/wp-content\/uploads\/2025\/11\/hotel-caravel-spremuta-450x450.jpg\" class=\"attachment-gallery-thumb size-gallery-thumb\" alt=\"Spremuta d\u2019arancia fresca servita a colazione all\u2019Hotel Caravel Misano Adriatico\" srcset=\"https:\/\/hotelcaravelmisano.it\/wp-content\/uploads\/2025\/11\/hotel-caravel-spremuta-450x450.jpg 450w, https:\/\/hotelcaravelmisano.it\/wp-content\/uploads\/2025\/11\/hotel-caravel-spremuta-300x300.jpg 300w, https:\/\/hotelcaravelmisano.it\/wp-content\/uploads\/2025\/11\/hotel-caravel-spremuta-1024x1024.jpg 1024w, https:\/\/hotelcaravelmisano.it\/wp-content\/uploads\/2025\/11\/hotel-caravel-spremuta-150x150.jpg 150w, https:\/\/hotelcaravelmisano.it\/wp-content\/uploads\/2025\/11\/hotel-caravel-spremuta-768x768.jpg 768w, https:\/\/hotelcaravelmisano.it\/wp-content\/uploads\/2025\/11\/hotel-caravel-spremuta-1536x1536.jpg 1536w, https:\/\/hotelcaravelmisano.it\/wp-content\/uploads\/2025\/11\/hotel-caravel-spremuta-57x57.jpg 57w, https:\/\/hotelcaravelmisano.it\/wp-content\/uploads\/2025\/11\/hotel-caravel-spremuta-72x72.jpg 72w, https:\/\/hotelcaravelmisano.it\/wp-content\/uploads\/2025\/11\/hotel-caravel-spremuta-114x114.jpg 114w, https:\/\/hotelcaravelmisano.it\/wp-content\/uploads\/2025\/11\/hotel-caravel-spremuta-144x144.jpg 144w, https:\/\/hotelcaravelmisano.it\/wp-content\/uploads\/2025\/11\/hotel-caravel-spremuta-290x290.jpg 290w, https:\/\/hotelcaravelmisano.it\/wp-content\/uploads\/2025\/11\/hotel-caravel-spremuta-600x600.jpg 600w, https:\/\/hotelcaravelmisano.it\/wp-content\/uploads\/2025\/11\/hotel-caravel-spremuta.jpg 1902w\" sizes=\"auto, (max-width: 450px) 100vw, 450px\" \/><\/a>\n\t\t\t<\/div><\/figure><figure class='gallery-item'>\n\t\t\t<div class='gallery-icon landscape'>\n\t\t\t\t<a href='https:\/\/hotelcaravelmisano.it\/wp-content\/uploads\/2025\/11\/hote-caravel-misano-colazione-caffe.jpg' data-size=\"450x450\"><img loading=\"lazy\" decoding=\"async\" width=\"450\" height=\"450\" src=\"https:\/\/hotelcaravelmisano.it\/wp-content\/uploads\/2025\/11\/hote-caravel-misano-colazione-caffe.jpg\" class=\"attachment-gallery-thumb size-gallery-thumb\" alt=\"Caff\u00e8 espresso appena preparato servito a colazione all\u2019Hotel Caravel B&amp;B Misano Adriatico\" srcset=\"https:\/\/hotelcaravelmisano.it\/wp-content\/uploads\/2025\/11\/hote-caravel-misano-colazione-caffe.jpg 450w, https:\/\/hotelcaravelmisano.it\/wp-content\/uploads\/2025\/11\/hote-caravel-misano-colazione-caffe-300x300.jpg 300w, https:\/\/hotelcaravelmisano.it\/wp-content\/uploads\/2025\/11\/hote-caravel-misano-colazione-caffe-150x150.jpg 150w, https:\/\/hotelcaravelmisano.it\/wp-content\/uploads\/2025\/11\/hote-caravel-misano-colazione-caffe-57x57.jpg 57w, https:\/\/hotelcaravelmisano.it\/wp-content\/uploads\/2025\/11\/hote-caravel-misano-colazione-caffe-72x72.jpg 72w, https:\/\/hotelcaravelmisano.it\/wp-content\/uploads\/2025\/11\/hote-caravel-misano-colazione-caffe-114x114.jpg 114w, https:\/\/hotelcaravelmisano.it\/wp-content\/uploads\/2025\/11\/hote-caravel-misano-colazione-caffe-144x144.jpg 144w, https:\/\/hotelcaravelmisano.it\/wp-content\/uploads\/2025\/11\/hote-caravel-misano-colazione-caffe-290x290.jpg 290w\" sizes=\"auto, (max-width: 450px) 100vw, 450px\" \/><\/a>\n\t\t\t<\/div><\/figure><figure class='gallery-item'>\n\t\t\t<div class='gallery-icon landscape'>\n\t\t\t\t<a href='https:\/\/hotelcaravelmisano.it\/wp-content\/uploads\/2025\/11\/hotel-caravel-misano-colazione-muesli.jpg' data-size=\"450x450\"><img loading=\"lazy\" decoding=\"async\" width=\"450\" height=\"450\" src=\"https:\/\/hotelcaravelmisano.it\/wp-content\/uploads\/2025\/11\/hotel-caravel-misano-colazione-muesli.jpg\" class=\"attachment-gallery-thumb size-gallery-thumb\" alt=\"Muesli croccante con cereali e frutta secca servito a colazione all\u2019Hotel Caravel Misano Adriatico\" srcset=\"https:\/\/hotelcaravelmisano.it\/wp-content\/uploads\/2025\/11\/hotel-caravel-misano-colazione-muesli.jpg 450w, https:\/\/hotelcaravelmisano.it\/wp-content\/uploads\/2025\/11\/hotel-caravel-misano-colazione-muesli-300x300.jpg 300w, https:\/\/hotelcaravelmisano.it\/wp-content\/uploads\/2025\/11\/hotel-caravel-misano-colazione-muesli-150x150.jpg 150w, https:\/\/hotelcaravelmisano.it\/wp-content\/uploads\/2025\/11\/hotel-caravel-misano-colazione-muesli-57x57.jpg 57w, https:\/\/hotelcaravelmisano.it\/wp-content\/uploads\/2025\/11\/hotel-caravel-misano-colazione-muesli-72x72.jpg 72w, https:\/\/hotelcaravelmisano.it\/wp-content\/uploads\/2025\/11\/hotel-caravel-misano-colazione-muesli-114x114.jpg 114w, https:\/\/hotelcaravelmisano.it\/wp-content\/uploads\/2025\/11\/hotel-caravel-misano-colazione-muesli-144x144.jpg 144w, https:\/\/hotelcaravelmisano.it\/wp-content\/uploads\/2025\/11\/hotel-caravel-misano-colazione-muesli-290x290.jpg 290w\" sizes=\"auto, (max-width: 450px) 100vw, 450px\" \/><\/a>\n\t\t\t<\/div><\/figure>\n\t\t<\/div>\n\n","protected":false},"excerpt":{"rendered":"<p>Commencez la journ\u00e9e avec le parfum du caf\u00e9 et la lumi\u00e8re du matin. Au H\u00f4tel Caravel de Misano Adriatico, le petit-d\u00e9jeuner est un v\u00e9ritable moment de bien-\u00eatre, un petit rituel quotidien \u00e0 savourer en toute tranquillit\u00e9 dans notre salle de petit-d\u00e9jeuner enti\u00e8rement r\u00e9nov\u00e9e, lumineuse et accueillante. De 07h30 \u00e0 11h00, un riche buffet sucr\u00e9 et sal\u00e9 vous attend, pens\u00e9 pour vous offrir \u00e9nergie et plaisir d\u00e8s la premi\u00e8re bouch\u00e9e. G\u00e2teaux &#8230;<\/p>\n","protected":false},"author":1,"featured_media":3422,"parent":0,"menu_order":0,"comment_status":"closed","ping_status":"closed","template":"","meta":{"_acf_changed":false},"class_list":["post-3002","page","type-page","status-publish","has-post-thumbnail","hentry"],"acf":[],"_links":{"self":[{"href":"https:\/\/hotelcaravelmisano.it\/fr\/wp-json\/wp\/v2\/pages\/3002","targetHints":{"allow":["GET"]}}],"collection":[{"href":"https:\/\/hotelcaravelmisano.it\/fr\/wp-json\/wp\/v2\/pages"}],"about":[{"href":"https:\/\/hotelcaravelmisano.it\/fr\/wp-json\/wp\/v2\/types\/page"}],"author":[{"embeddable":true,"href":"https:\/\/hotelcaravelmisano.it\/fr\/wp-json\/wp\/v2\/users\/1"}],"replies":[{"embeddable":true,"href":"https:\/\/hotelcaravelmisano.it\/fr\/wp-json\/wp\/v2\/comments?post=3002"}],"version-history":[{"count":0,"href":"https:\/\/hotelcaravelmisano.it\/fr\/wp-json\/wp\/v2\/pages\/3002\/revisions"}],"wp:featuredmedia":[{"embeddable":true,"href":"https:\/\/hotelcaravelmisano.it\/fr\/wp-json\/wp\/v2\/media\/3422"}],"wp:attachment":[{"href":"https:\/\/hotelcaravelmisano.it\/fr\/wp-json\/wp\/v2\/media?parent=3002"}],"curies":[{"name":"wp","href":"https:\/\/api.w.org\/{rel}","templated":true}]}}