{"id":2991,"date":"2019-12-12T17:58:33","date_gmt":"2019-12-12T16:58:33","guid":{"rendered":"https:\/\/hotelcaravelmisano.itambienti-curati\/"},"modified":"2025-11-15T12:59:12","modified_gmt":"2025-11-15T11:59:12","slug":"services","status":"publish","type":"page","link":"https:\/\/hotelcaravelmisano.it\/fr\/services\/","title":{"rendered":"Espaces soign\u00e9s"},"content":{"rendered":"<p style=\"font-size: 16pt;color: #333;line-height: 1.6;margin-bottom: 16px\">\n\u00c0 l\u2019<strong style=\"color: #22acc5\">H\u00f4tel Caravel B&amp;B<\/strong>, chaque espace est con\u00e7u pour que vous vous sentiez comme chez vous : du <strong>hall<\/strong> lumineux \u00e0 la <strong>salle du petit-d\u00e9jeuner<\/strong> enti\u00e8rement r\u00e9nov\u00e9e, jusqu\u2019aux espaces ext\u00e9rieurs avec piscine et solarium. Le mobilier moderne, les d\u00e9tails soign\u00e9s et les mat\u00e9riaux naturels cr\u00e9ent une atmosph\u00e8re de confort et de bien-\u00eatre, id\u00e9ale pour se d\u00e9tendre apr\u00e8s une journ\u00e9e de soleil \u00e0 la mer.\n<\/p>\n<h3 style=\"color: #22acc5;font-size: 18pt;margin-top: 8px\">Ce que vous trouverez dans nos espaces<\/h3>\n<ul style=\"font-size: 14pt;color: #333;line-height: 1.7;margin-left: 18px;margin-bottom: 16px\">\n<li><strong style=\"color: #ad8b63\">Hall et r\u00e9ception<\/strong> accueillants, avec un espace d\u00e9tente et un coin informations.<\/li>\n<li><strong style=\"color: #ad8b63\">Salle du petit-d\u00e9jeuner<\/strong> r\u00e9nov\u00e9e : buffet sucr\u00e9 et sal\u00e9, caf\u00e9 pr\u00e9par\u00e9 \u00e0 la demande.<\/li>\n<li><strong style=\"color: #ad8b63\">Espaces d\u00e9tente<\/strong> int\u00e9rieurs et ext\u00e9rieurs pour lire, discuter ou travailler en toute tranquillit\u00e9.<\/li>\n<li><strong style=\"color: #ad8b63\">Zone piscine et solarium<\/strong> soign\u00e9e, avec chaises longues et parasols gratuits.<\/li>\n<li><strong style=\"color: #ad8b63\">Services pour familles<\/strong> : aire de jeux pour enfants, espaces pratiques pour poussettes et consigne \u00e0 bagages.<\/li>\n<\/ul>\n<p style=\"font-size: 15pt;color: #333;line-height: 1.6;margin-bottom: 14px\">\nChaque espace est pens\u00e9 pour \u00eatre fonctionnel et agr\u00e9able : \u00e9clairages doux en soir\u00e9e et un splendide jardin o\u00f9 d\u00e9guster des cocktails pr\u00e9par\u00e9s avec soin. Le souci du d\u00e9tail est notre fa\u00e7on de vous offrir un s\u00e9jour serein et pleinement relaxant.\n<\/p>\n<p style=\"text-align: center;font-size: 15pt;line-height: 1.6;margin-top: 50px;margin-bottom: 20px;color: #333\">\nLe meilleur de nos <strong>espaces modernes et soign\u00e9s<\/strong> se trouve dans nos <strong>chambres r\u00e9cemment r\u00e9nov\u00e9es<\/strong>, con\u00e7ues pour vous offrir un maximum de confort, de praticit\u00e9 et de d\u00e9tente pendant vos vacances au bord de la mer.\n<\/p>\n<div style=\"text-align: center;margin-top: 50px\">\n  <a style=\"background-color: #8a5fdd;color: #fff;padding: 12px 22px;border-radius: 30px;text-decoration: none;font-weight: bold;font-size: 16px;max-width: 90%;overflow: hidden\" href=\"https:\/\/hotelcaravelmisano.it\/fr\/camere\/chambres\/\" target=\"_blank\" rel=\"noopener noreferrer\">D\u00c9COUVREZ NOS CHAMBRES<\/a>\n<\/div>\n<p style=\"font-size: 13pt;color: #555;text-align: center;margin-top: 50px\">\nPour plus d\u2019informations, contactez-nous :<br \/>\n<a style=\"color: #8e6dc0;font-weight: bold;text-decoration: underline\" href=\"\/contatti\/\">Contacts<\/a>.<\/p>\n","protected":false},"excerpt":{"rendered":"<p>\u00c0 l\u2019H\u00f4tel Caravel B&amp;B, chaque espace est con\u00e7u pour que vous vous sentiez comme chez vous : du hall lumineux \u00e0 la salle du petit-d\u00e9jeuner enti\u00e8rement r\u00e9nov\u00e9e, jusqu\u2019aux espaces ext\u00e9rieurs avec piscine et solarium. Le mobilier moderne, les d\u00e9tails soign\u00e9s et les mat\u00e9riaux naturels cr\u00e9ent une atmosph\u00e8re de confort et de bien-\u00eatre, id\u00e9ale pour se d\u00e9tendre apr\u00e8s une journ\u00e9e de soleil \u00e0 la mer. Ce que vous trouverez dans nos &#8230;<\/p>\n","protected":false},"author":1,"featured_media":0,"parent":0,"menu_order":0,"comment_status":"closed","ping_status":"closed","template":"","meta":{"_acf_changed":false},"class_list":["post-2991","page","type-page","status-publish","hentry"],"acf":[],"_links":{"self":[{"href":"https:\/\/hotelcaravelmisano.it\/fr\/wp-json\/wp\/v2\/pages\/2991","targetHints":{"allow":["GET"]}}],"collection":[{"href":"https:\/\/hotelcaravelmisano.it\/fr\/wp-json\/wp\/v2\/pages"}],"about":[{"href":"https:\/\/hotelcaravelmisano.it\/fr\/wp-json\/wp\/v2\/types\/page"}],"author":[{"embeddable":true,"href":"https:\/\/hotelcaravelmisano.it\/fr\/wp-json\/wp\/v2\/users\/1"}],"replies":[{"embeddable":true,"href":"https:\/\/hotelcaravelmisano.it\/fr\/wp-json\/wp\/v2\/comments?post=2991"}],"version-history":[{"count":0,"href":"https:\/\/hotelcaravelmisano.it\/fr\/wp-json\/wp\/v2\/pages\/2991\/revisions"}],"wp:attachment":[{"href":"https:\/\/hotelcaravelmisano.it\/fr\/wp-json\/wp\/v2\/media?parent=2991"}],"curies":[{"name":"wp","href":"https:\/\/api.w.org\/{rel}","templated":true}]}}