{"id":2986,"date":"2017-09-08T11:53:45","date_gmt":"2017-09-08T09:53:45","guid":{"rendered":"https:\/\/hotelcaravelmisano.itpiscina\/"},"modified":"2025-11-20T12:45:01","modified_gmt":"2025-11-20T11:45:01","slug":"piscine","status":"publish","type":"page","link":"https:\/\/hotelcaravelmisano.it\/fr\/piscine\/","title":{"rendered":"Piscine priv\u00e9e et espace d\u00e9tente"},"content":{"rendered":"<p>Imaginez vous r\u00e9veiller sous un soleil radieux, avec la libert\u00e9 de choisir : un plongeon r\u00e9g\u00e9n\u00e9rant, un moment de d\u00e9tente dans l\u2019hydromassage ou un apr\u00e8s-midi de jeux et de rires avec vos enfants. Au <strong>H\u00f4tel Caravel B&amp;B de Misano Adriatico<\/strong>, une <strong>grande piscine avec solarium<\/strong> vous attend, parfaite pour profiter de chaque instant de vos vacances dans le plus grand confort.<\/p>\n<h2 style=\"color: #ad8b63\">Une piscine pour tous: plaisir et bien-\u00eatre<\/h2>\n<p> Notre <strong>piscine pour adultes<\/strong> (22 x 13 m) est spacieuse et accueillante, <strong>\u00e9quip\u00e9e d\u2019un toboggan aquatique et d\u2019un bassin d\u2019hydromassage<\/strong> pour se relaxer ou s\u2019amuser sous le soleil. Tout autour s\u2019\u00e9tend une <strong>vaste zone solarium<\/strong> avec transats et parasols (gratuits), o\u00f9 vous pourrez savourer un moment de repos en toute tranquillit\u00e9.<\/p>\n<p>Pour les plus petits, nous avons cr\u00e9\u00e9 une <strong>piscine pour enfants<\/strong> color\u00e9e, avec <strong>eau peu profonde et aire de jeux<\/strong> d\u00e9di\u00e9e, id\u00e9ale pour s\u2019amuser en toute s\u00e9curit\u00e9.<\/p>\n<h2 style=\"color: #ad8b63\">Bar et espace d\u00e9tente ombrag\u00e9<\/h2>\n<p> \u00c0 quelques pas de l\u2019eau, le <strong>bar de la piscine<\/strong> est l\u2019endroit parfait pour se rafra\u00eechir en d\u00e9gustant un snack, une glace ou une boisson. Un coin paisible o\u00f9 vivre pleinement l\u2019esprit estival, entre d\u00e9tente et convivialit\u00e9. <\/p>\n<h2 style=\"color: #ad8b63\">Bien-\u00eatre sous le soleil de Misano<\/h2>\n<p> Si vous recherchez un <strong>h\u00f4tel avec piscine \u00e0 Misano Adriatico<\/strong> alliant divertissement, confort et bien-\u00eatre, l\u2019<strong>H\u00f4tel Caravel B&amp;B<\/strong> est le choix id\u00e9al. Laissez-vous choyer par notre \u00e9quipe et vivez des journ\u00e9es insouciantes faites de soleil, de sourires et de plongeons inoubliables.<\/p>\n<div id='gallery-1' class='gallery galleryid-2986 gallery-columns-3 gallery-size-gallery-thumb'><figure class='gallery-item'>\n\t\t\t<div class='gallery-icon landscape'>\n\t\t\t\t<a href='https:\/\/hotelcaravelmisano.it\/wp-content\/uploads\/2025\/11\/hotel-caravel-misano-scivolo-alto.jpg' data-size=\"532x532\"><img loading=\"lazy\" decoding=\"async\" width=\"450\" height=\"450\" src=\"https:\/\/hotelcaravelmisano.it\/wp-content\/uploads\/2025\/11\/hotel-caravel-misano-scivolo-alto-450x450.jpg\" class=\"attachment-gallery-thumb size-gallery-thumb\" alt=\"Scivolo della piscina visto dall\u2019alto all\u2019Hotel Caravel B&amp;B di Misano Adriatico\" srcset=\"https:\/\/hotelcaravelmisano.it\/wp-content\/uploads\/2025\/11\/hotel-caravel-misano-scivolo-alto-450x450.jpg 450w, https:\/\/hotelcaravelmisano.it\/wp-content\/uploads\/2025\/11\/hotel-caravel-misano-scivolo-alto-300x300.jpg 300w, https:\/\/hotelcaravelmisano.it\/wp-content\/uploads\/2025\/11\/hotel-caravel-misano-scivolo-alto-150x150.jpg 150w, https:\/\/hotelcaravelmisano.it\/wp-content\/uploads\/2025\/11\/hotel-caravel-misano-scivolo-alto-57x57.jpg 57w, https:\/\/hotelcaravelmisano.it\/wp-content\/uploads\/2025\/11\/hotel-caravel-misano-scivolo-alto-72x72.jpg 72w, https:\/\/hotelcaravelmisano.it\/wp-content\/uploads\/2025\/11\/hotel-caravel-misano-scivolo-alto-114x114.jpg 114w, https:\/\/hotelcaravelmisano.it\/wp-content\/uploads\/2025\/11\/hotel-caravel-misano-scivolo-alto-144x144.jpg 144w, https:\/\/hotelcaravelmisano.it\/wp-content\/uploads\/2025\/11\/hotel-caravel-misano-scivolo-alto-290x290.jpg 290w, https:\/\/hotelcaravelmisano.it\/wp-content\/uploads\/2025\/11\/hotel-caravel-misano-scivolo-alto.jpg 532w\" sizes=\"auto, (max-width: 450px) 100vw, 450px\" \/><\/a>\n\t\t\t<\/div><\/figure><figure class='gallery-item'>\n\t\t\t<div class='gallery-icon landscape'>\n\t\t\t\t<a href='https:\/\/hotelcaravelmisano.it\/wp-content\/uploads\/2025\/11\/hotel-caravel-misano-piscina-dettaglio.jpg' data-size=\"838x838\"><img loading=\"lazy\" decoding=\"async\" width=\"450\" height=\"450\" src=\"https:\/\/hotelcaravelmisano.it\/wp-content\/uploads\/2025\/11\/hotel-caravel-misano-piscina-dettaglio-450x450.jpg\" class=\"attachment-gallery-thumb size-gallery-thumb\" alt=\"Dettaglio ravvicinato della piscina dell\u2019Hotel Caravel B&amp;B di Misano Adriatico\" srcset=\"https:\/\/hotelcaravelmisano.it\/wp-content\/uploads\/2025\/11\/hotel-caravel-misano-piscina-dettaglio-450x450.jpg 450w, https:\/\/hotelcaravelmisano.it\/wp-content\/uploads\/2025\/11\/hotel-caravel-misano-piscina-dettaglio-300x300.jpg 300w, https:\/\/hotelcaravelmisano.it\/wp-content\/uploads\/2025\/11\/hotel-caravel-misano-piscina-dettaglio-150x150.jpg 150w, https:\/\/hotelcaravelmisano.it\/wp-content\/uploads\/2025\/11\/hotel-caravel-misano-piscina-dettaglio-768x768.jpg 768w, https:\/\/hotelcaravelmisano.it\/wp-content\/uploads\/2025\/11\/hotel-caravel-misano-piscina-dettaglio-57x57.jpg 57w, https:\/\/hotelcaravelmisano.it\/wp-content\/uploads\/2025\/11\/hotel-caravel-misano-piscina-dettaglio-72x72.jpg 72w, https:\/\/hotelcaravelmisano.it\/wp-content\/uploads\/2025\/11\/hotel-caravel-misano-piscina-dettaglio-114x114.jpg 114w, https:\/\/hotelcaravelmisano.it\/wp-content\/uploads\/2025\/11\/hotel-caravel-misano-piscina-dettaglio-144x144.jpg 144w, https:\/\/hotelcaravelmisano.it\/wp-content\/uploads\/2025\/11\/hotel-caravel-misano-piscina-dettaglio-290x290.jpg 290w, https:\/\/hotelcaravelmisano.it\/wp-content\/uploads\/2025\/11\/hotel-caravel-misano-piscina-dettaglio-600x600.jpg 600w, https:\/\/hotelcaravelmisano.it\/wp-content\/uploads\/2025\/11\/hotel-caravel-misano-piscina-dettaglio.jpg 838w\" sizes=\"auto, (max-width: 450px) 100vw, 450px\" \/><\/a>\n\t\t\t<\/div><\/figure><figure class='gallery-item'>\n\t\t\t<div class='gallery-icon landscape'>\n\t\t\t\t<a href='https:\/\/hotelcaravelmisano.it\/wp-content\/uploads\/2025\/11\/hotel-caravel-bb-misano-scivolo.jpg' data-size=\"928x928\"><img loading=\"lazy\" decoding=\"async\" width=\"450\" height=\"450\" src=\"https:\/\/hotelcaravelmisano.it\/wp-content\/uploads\/2025\/11\/hotel-caravel-bb-misano-scivolo-450x450.jpg\" class=\"attachment-gallery-thumb size-gallery-thumb\" alt=\"Piscina grande dell\u2019Hotel Caravel Misano ideale per relax e divertimento estivo\" srcset=\"https:\/\/hotelcaravelmisano.it\/wp-content\/uploads\/2025\/11\/hotel-caravel-bb-misano-scivolo-450x450.jpg 450w, https:\/\/hotelcaravelmisano.it\/wp-content\/uploads\/2025\/11\/hotel-caravel-bb-misano-scivolo-300x300.jpg 300w, https:\/\/hotelcaravelmisano.it\/wp-content\/uploads\/2025\/11\/hotel-caravel-bb-misano-scivolo-150x150.jpg 150w, https:\/\/hotelcaravelmisano.it\/wp-content\/uploads\/2025\/11\/hotel-caravel-bb-misano-scivolo-768x768.jpg 768w, https:\/\/hotelcaravelmisano.it\/wp-content\/uploads\/2025\/11\/hotel-caravel-bb-misano-scivolo-57x57.jpg 57w, https:\/\/hotelcaravelmisano.it\/wp-content\/uploads\/2025\/11\/hotel-caravel-bb-misano-scivolo-72x72.jpg 72w, https:\/\/hotelcaravelmisano.it\/wp-content\/uploads\/2025\/11\/hotel-caravel-bb-misano-scivolo-114x114.jpg 114w, https:\/\/hotelcaravelmisano.it\/wp-content\/uploads\/2025\/11\/hotel-caravel-bb-misano-scivolo-144x144.jpg 144w, https:\/\/hotelcaravelmisano.it\/wp-content\/uploads\/2025\/11\/hotel-caravel-bb-misano-scivolo-290x290.jpg 290w, https:\/\/hotelcaravelmisano.it\/wp-content\/uploads\/2025\/11\/hotel-caravel-bb-misano-scivolo-600x600.jpg 600w, https:\/\/hotelcaravelmisano.it\/wp-content\/uploads\/2025\/11\/hotel-caravel-bb-misano-scivolo.jpg 928w\" sizes=\"auto, (max-width: 450px) 100vw, 450px\" \/><\/a>\n\t\t\t<\/div><\/figure><figure class='gallery-item'>\n\t\t\t<div class='gallery-icon landscape'>\n\t\t\t\t<a href='https:\/\/hotelcaravelmisano.it\/wp-content\/uploads\/2025\/11\/hotel-caravel-misano-adriatico-piscina-scaled.jpg' data-size=\"2560x2560\"><img loading=\"lazy\" decoding=\"async\" width=\"450\" height=\"450\" src=\"https:\/\/hotelcaravelmisano.it\/wp-content\/uploads\/2025\/11\/hotel-caravel-misano-adriatico-piscina-450x450.jpg\" class=\"attachment-gallery-thumb size-gallery-thumb\" alt=\"Piscina per bambini colorata con scivolo all\u2019Hotel Caravel Misano\" srcset=\"https:\/\/hotelcaravelmisano.it\/wp-content\/uploads\/2025\/11\/hotel-caravel-misano-adriatico-piscina-450x450.jpg 450w, https:\/\/hotelcaravelmisano.it\/wp-content\/uploads\/2025\/11\/hotel-caravel-misano-adriatico-piscina-300x300.jpg 300w, https:\/\/hotelcaravelmisano.it\/wp-content\/uploads\/2025\/11\/hotel-caravel-misano-adriatico-piscina-1024x1024.jpg 1024w, https:\/\/hotelcaravelmisano.it\/wp-content\/uploads\/2025\/11\/hotel-caravel-misano-adriatico-piscina-150x150.jpg 150w, https:\/\/hotelcaravelmisano.it\/wp-content\/uploads\/2025\/11\/hotel-caravel-misano-adriatico-piscina-768x768.jpg 768w, https:\/\/hotelcaravelmisano.it\/wp-content\/uploads\/2025\/11\/hotel-caravel-misano-adriatico-piscina-1536x1536.jpg 1536w, https:\/\/hotelcaravelmisano.it\/wp-content\/uploads\/2025\/11\/hotel-caravel-misano-adriatico-piscina-2048x2048.jpg 2048w, https:\/\/hotelcaravelmisano.it\/wp-content\/uploads\/2025\/11\/hotel-caravel-misano-adriatico-piscina-57x57.jpg 57w, https:\/\/hotelcaravelmisano.it\/wp-content\/uploads\/2025\/11\/hotel-caravel-misano-adriatico-piscina-72x72.jpg 72w, https:\/\/hotelcaravelmisano.it\/wp-content\/uploads\/2025\/11\/hotel-caravel-misano-adriatico-piscina-114x114.jpg 114w, https:\/\/hotelcaravelmisano.it\/wp-content\/uploads\/2025\/11\/hotel-caravel-misano-adriatico-piscina-144x144.jpg 144w, https:\/\/hotelcaravelmisano.it\/wp-content\/uploads\/2025\/11\/hotel-caravel-misano-adriatico-piscina-290x290.jpg 290w, https:\/\/hotelcaravelmisano.it\/wp-content\/uploads\/2025\/11\/hotel-caravel-misano-adriatico-piscina-600x600.jpg 600w\" sizes=\"auto, (max-width: 450px) 100vw, 450px\" \/><\/a>\n\t\t\t<\/div><\/figure><figure class='gallery-item'>\n\t\t\t<div class='gallery-icon portrait'>\n\t\t\t\t<a href='https:\/\/hotelcaravelmisano.it\/wp-content\/uploads\/2025\/11\/hotel-caravel-dettaglio-piscina.jpg' data-size=\"2544x2547\"><img loading=\"lazy\" decoding=\"async\" width=\"450\" height=\"450\" src=\"https:\/\/hotelcaravelmisano.it\/wp-content\/uploads\/2025\/11\/hotel-caravel-dettaglio-piscina-450x450.jpg\" class=\"attachment-gallery-thumb size-gallery-thumb\" alt=\"Primo piano dell\u2019acqua cristallina nella piscina dell\u2019Hotel Caravel Misano\" srcset=\"https:\/\/hotelcaravelmisano.it\/wp-content\/uploads\/2025\/11\/hotel-caravel-dettaglio-piscina-450x450.jpg 450w, https:\/\/hotelcaravelmisano.it\/wp-content\/uploads\/2025\/11\/hotel-caravel-dettaglio-piscina-300x300.jpg 300w, https:\/\/hotelcaravelmisano.it\/wp-content\/uploads\/2025\/11\/hotel-caravel-dettaglio-piscina-1024x1024.jpg 1024w, https:\/\/hotelcaravelmisano.it\/wp-content\/uploads\/2025\/11\/hotel-caravel-dettaglio-piscina-150x150.jpg 150w, https:\/\/hotelcaravelmisano.it\/wp-content\/uploads\/2025\/11\/hotel-caravel-dettaglio-piscina-768x769.jpg 768w, https:\/\/hotelcaravelmisano.it\/wp-content\/uploads\/2025\/11\/hotel-caravel-dettaglio-piscina-1534x1536.jpg 1534w, https:\/\/hotelcaravelmisano.it\/wp-content\/uploads\/2025\/11\/hotel-caravel-dettaglio-piscina-2046x2048.jpg 2046w, https:\/\/hotelcaravelmisano.it\/wp-content\/uploads\/2025\/11\/hotel-caravel-dettaglio-piscina-57x57.jpg 57w, https:\/\/hotelcaravelmisano.it\/wp-content\/uploads\/2025\/11\/hotel-caravel-dettaglio-piscina-72x72.jpg 72w, https:\/\/hotelcaravelmisano.it\/wp-content\/uploads\/2025\/11\/hotel-caravel-dettaglio-piscina-114x114.jpg 114w, https:\/\/hotelcaravelmisano.it\/wp-content\/uploads\/2025\/11\/hotel-caravel-dettaglio-piscina-144x144.jpg 144w, https:\/\/hotelcaravelmisano.it\/wp-content\/uploads\/2025\/11\/hotel-caravel-dettaglio-piscina-290x290.jpg 290w, https:\/\/hotelcaravelmisano.it\/wp-content\/uploads\/2025\/11\/hotel-caravel-dettaglio-piscina-600x600.jpg 600w\" sizes=\"auto, (max-width: 450px) 100vw, 450px\" \/><\/a>\n\t\t\t<\/div><\/figure><figure class='gallery-item'>\n\t\t\t<div class='gallery-icon landscape'>\n\t\t\t\t<a href='https:\/\/hotelcaravelmisano.it\/wp-content\/uploads\/2025\/11\/hote-caravel-bb-idromassaggio-piscina.jpg' data-size=\"768x768\"><img loading=\"lazy\" decoding=\"async\" width=\"450\" height=\"450\" src=\"https:\/\/hotelcaravelmisano.it\/wp-content\/uploads\/2025\/11\/hote-caravel-bb-idromassaggio-piscina-450x450.jpg\" class=\"attachment-gallery-thumb size-gallery-thumb\" alt=\"Dettaglio della piscina con idromassaggio dell\u2019Hotel Caravel Misano Adriatico\" srcset=\"https:\/\/hotelcaravelmisano.it\/wp-content\/uploads\/2025\/11\/hote-caravel-bb-idromassaggio-piscina-450x450.jpg 450w, https:\/\/hotelcaravelmisano.it\/wp-content\/uploads\/2025\/11\/hote-caravel-bb-idromassaggio-piscina-300x300.jpg 300w, https:\/\/hotelcaravelmisano.it\/wp-content\/uploads\/2025\/11\/hote-caravel-bb-idromassaggio-piscina-150x150.jpg 150w, https:\/\/hotelcaravelmisano.it\/wp-content\/uploads\/2025\/11\/hote-caravel-bb-idromassaggio-piscina-57x57.jpg 57w, https:\/\/hotelcaravelmisano.it\/wp-content\/uploads\/2025\/11\/hote-caravel-bb-idromassaggio-piscina-72x72.jpg 72w, https:\/\/hotelcaravelmisano.it\/wp-content\/uploads\/2025\/11\/hote-caravel-bb-idromassaggio-piscina-114x114.jpg 114w, https:\/\/hotelcaravelmisano.it\/wp-content\/uploads\/2025\/11\/hote-caravel-bb-idromassaggio-piscina-144x144.jpg 144w, https:\/\/hotelcaravelmisano.it\/wp-content\/uploads\/2025\/11\/hote-caravel-bb-idromassaggio-piscina-290x290.jpg 290w, https:\/\/hotelcaravelmisano.it\/wp-content\/uploads\/2025\/11\/hote-caravel-bb-idromassaggio-piscina-600x600.jpg 600w, https:\/\/hotelcaravelmisano.it\/wp-content\/uploads\/2025\/11\/hote-caravel-bb-idromassaggio-piscina.jpg 768w\" sizes=\"auto, (max-width: 450px) 100vw, 450px\" \/><\/a>\n\t\t\t<\/div><\/figure><figure class='gallery-item'>\n\t\t\t<div class='gallery-icon landscape'>\n\t\t\t\t<a href='https:\/\/hotelcaravelmisano.it\/wp-content\/uploads\/2025\/11\/hotel-caravel-misano-piscina-di-sera.jpg' data-size=\"928x928\"><img loading=\"lazy\" decoding=\"async\" width=\"450\" height=\"450\" src=\"https:\/\/hotelcaravelmisano.it\/wp-content\/uploads\/2025\/11\/hotel-caravel-misano-piscina-di-sera-450x450.jpg\" class=\"attachment-gallery-thumb size-gallery-thumb\" alt=\"La piscina illuminata dell\u2019Hotel Caravel Misano Adriatico\" srcset=\"https:\/\/hotelcaravelmisano.it\/wp-content\/uploads\/2025\/11\/hotel-caravel-misano-piscina-di-sera-450x450.jpg 450w, https:\/\/hotelcaravelmisano.it\/wp-content\/uploads\/2025\/11\/hotel-caravel-misano-piscina-di-sera-300x300.jpg 300w, https:\/\/hotelcaravelmisano.it\/wp-content\/uploads\/2025\/11\/hotel-caravel-misano-piscina-di-sera-150x150.jpg 150w, https:\/\/hotelcaravelmisano.it\/wp-content\/uploads\/2025\/11\/hotel-caravel-misano-piscina-di-sera-768x768.jpg 768w, https:\/\/hotelcaravelmisano.it\/wp-content\/uploads\/2025\/11\/hotel-caravel-misano-piscina-di-sera-57x57.jpg 57w, https:\/\/hotelcaravelmisano.it\/wp-content\/uploads\/2025\/11\/hotel-caravel-misano-piscina-di-sera-72x72.jpg 72w, https:\/\/hotelcaravelmisano.it\/wp-content\/uploads\/2025\/11\/hotel-caravel-misano-piscina-di-sera-114x114.jpg 114w, https:\/\/hotelcaravelmisano.it\/wp-content\/uploads\/2025\/11\/hotel-caravel-misano-piscina-di-sera-144x144.jpg 144w, https:\/\/hotelcaravelmisano.it\/wp-content\/uploads\/2025\/11\/hotel-caravel-misano-piscina-di-sera-290x290.jpg 290w, https:\/\/hotelcaravelmisano.it\/wp-content\/uploads\/2025\/11\/hotel-caravel-misano-piscina-di-sera-600x600.jpg 600w, https:\/\/hotelcaravelmisano.it\/wp-content\/uploads\/2025\/11\/hotel-caravel-misano-piscina-di-sera.jpg 928w\" sizes=\"auto, (max-width: 450px) 100vw, 450px\" \/><\/a>\n\t\t\t<\/div><\/figure><figure class='gallery-item'>\n\t\t\t<div class='gallery-icon landscape'>\n\t\t\t\t<a href='https:\/\/hotelcaravelmisano.it\/wp-content\/uploads\/2025\/11\/hotel-caravel-misano-bar-piscina-scaled.jpg' data-size=\"2560x2558\"><img loading=\"lazy\" decoding=\"async\" width=\"450\" height=\"450\" src=\"https:\/\/hotelcaravelmisano.it\/wp-content\/uploads\/2025\/11\/hotel-caravel-misano-bar-piscina-450x450.jpg\" class=\"attachment-gallery-thumb size-gallery-thumb\" alt=\"Bar della piscina dell\u2019Hotel Caravel Misano con tavolini all\u2019ombra\" srcset=\"https:\/\/hotelcaravelmisano.it\/wp-content\/uploads\/2025\/11\/hotel-caravel-misano-bar-piscina-450x450.jpg 450w, https:\/\/hotelcaravelmisano.it\/wp-content\/uploads\/2025\/11\/hotel-caravel-misano-bar-piscina-300x300.jpg 300w, https:\/\/hotelcaravelmisano.it\/wp-content\/uploads\/2025\/11\/hotel-caravel-misano-bar-piscina-1024x1024.jpg 1024w, https:\/\/hotelcaravelmisano.it\/wp-content\/uploads\/2025\/11\/hotel-caravel-misano-bar-piscina-150x150.jpg 150w, https:\/\/hotelcaravelmisano.it\/wp-content\/uploads\/2025\/11\/hotel-caravel-misano-bar-piscina-768x767.jpg 768w, https:\/\/hotelcaravelmisano.it\/wp-content\/uploads\/2025\/11\/hotel-caravel-misano-bar-piscina-1536x1536.jpg 1536w, https:\/\/hotelcaravelmisano.it\/wp-content\/uploads\/2025\/11\/hotel-caravel-misano-bar-piscina-2048x2046.jpg 2048w, https:\/\/hotelcaravelmisano.it\/wp-content\/uploads\/2025\/11\/hotel-caravel-misano-bar-piscina-57x57.jpg 57w, https:\/\/hotelcaravelmisano.it\/wp-content\/uploads\/2025\/11\/hotel-caravel-misano-bar-piscina-72x72.jpg 72w, https:\/\/hotelcaravelmisano.it\/wp-content\/uploads\/2025\/11\/hotel-caravel-misano-bar-piscina-114x114.jpg 114w, https:\/\/hotelcaravelmisano.it\/wp-content\/uploads\/2025\/11\/hotel-caravel-misano-bar-piscina-144x144.jpg 144w, https:\/\/hotelcaravelmisano.it\/wp-content\/uploads\/2025\/11\/hotel-caravel-misano-bar-piscina-290x290.jpg 290w, https:\/\/hotelcaravelmisano.it\/wp-content\/uploads\/2025\/11\/hotel-caravel-misano-bar-piscina-600x600.jpg 600w\" sizes=\"auto, (max-width: 450px) 100vw, 450px\" \/><\/a>\n\t\t\t<\/div><\/figure><figure class='gallery-item'>\n\t\t\t<div class='gallery-icon landscape'>\n\t\t\t\t<a href='https:\/\/hotelcaravelmisano.it\/wp-content\/uploads\/2025\/11\/hotel-caravel-misano-giochi-in-piscina.jpg' data-size=\"928x928\"><img loading=\"lazy\" decoding=\"async\" width=\"450\" height=\"450\" src=\"https:\/\/hotelcaravelmisano.it\/wp-content\/uploads\/2025\/11\/hotel-caravel-misano-giochi-in-piscina-450x450.jpg\" class=\"attachment-gallery-thumb size-gallery-thumb\" alt=\"Giochi e divertimenti nella piscina dell&#039;Hotel Caravel di Misano\" srcset=\"https:\/\/hotelcaravelmisano.it\/wp-content\/uploads\/2025\/11\/hotel-caravel-misano-giochi-in-piscina-450x450.jpg 450w, https:\/\/hotelcaravelmisano.it\/wp-content\/uploads\/2025\/11\/hotel-caravel-misano-giochi-in-piscina-300x300.jpg 300w, https:\/\/hotelcaravelmisano.it\/wp-content\/uploads\/2025\/11\/hotel-caravel-misano-giochi-in-piscina-150x150.jpg 150w, https:\/\/hotelcaravelmisano.it\/wp-content\/uploads\/2025\/11\/hotel-caravel-misano-giochi-in-piscina-768x768.jpg 768w, https:\/\/hotelcaravelmisano.it\/wp-content\/uploads\/2025\/11\/hotel-caravel-misano-giochi-in-piscina-57x57.jpg 57w, https:\/\/hotelcaravelmisano.it\/wp-content\/uploads\/2025\/11\/hotel-caravel-misano-giochi-in-piscina-72x72.jpg 72w, https:\/\/hotelcaravelmisano.it\/wp-content\/uploads\/2025\/11\/hotel-caravel-misano-giochi-in-piscina-114x114.jpg 114w, https:\/\/hotelcaravelmisano.it\/wp-content\/uploads\/2025\/11\/hotel-caravel-misano-giochi-in-piscina-144x144.jpg 144w, https:\/\/hotelcaravelmisano.it\/wp-content\/uploads\/2025\/11\/hotel-caravel-misano-giochi-in-piscina-290x290.jpg 290w, https:\/\/hotelcaravelmisano.it\/wp-content\/uploads\/2025\/11\/hotel-caravel-misano-giochi-in-piscina-600x600.jpg 600w, https:\/\/hotelcaravelmisano.it\/wp-content\/uploads\/2025\/11\/hotel-caravel-misano-giochi-in-piscina.jpg 928w\" sizes=\"auto, (max-width: 450px) 100vw, 450px\" \/><\/a>\n\t\t\t<\/div><\/figure><figure class='gallery-item'>\n\t\t\t<div class='gallery-icon landscape'>\n\t\t\t\t<a href='https:\/\/hotelcaravelmisano.it\/wp-content\/uploads\/2025\/11\/hotel-caravel-misano-facciata-laterale.jpg' data-size=\"928x928\"><img loading=\"lazy\" decoding=\"async\" width=\"450\" height=\"450\" src=\"https:\/\/hotelcaravelmisano.it\/wp-content\/uploads\/2025\/11\/hotel-caravel-misano-facciata-laterale-450x450.jpg\" class=\"attachment-gallery-thumb size-gallery-thumb\" alt=\"La facciata anteriore vista lateralmente dell&#039;Hotel Caravel B&amp;B\" srcset=\"https:\/\/hotelcaravelmisano.it\/wp-content\/uploads\/2025\/11\/hotel-caravel-misano-facciata-laterale-450x450.jpg 450w, https:\/\/hotelcaravelmisano.it\/wp-content\/uploads\/2025\/11\/hotel-caravel-misano-facciata-laterale-300x300.jpg 300w, https:\/\/hotelcaravelmisano.it\/wp-content\/uploads\/2025\/11\/hotel-caravel-misano-facciata-laterale-150x150.jpg 150w, https:\/\/hotelcaravelmisano.it\/wp-content\/uploads\/2025\/11\/hotel-caravel-misano-facciata-laterale-768x768.jpg 768w, https:\/\/hotelcaravelmisano.it\/wp-content\/uploads\/2025\/11\/hotel-caravel-misano-facciata-laterale-57x57.jpg 57w, https:\/\/hotelcaravelmisano.it\/wp-content\/uploads\/2025\/11\/hotel-caravel-misano-facciata-laterale-72x72.jpg 72w, https:\/\/hotelcaravelmisano.it\/wp-content\/uploads\/2025\/11\/hotel-caravel-misano-facciata-laterale-114x114.jpg 114w, https:\/\/hotelcaravelmisano.it\/wp-content\/uploads\/2025\/11\/hotel-caravel-misano-facciata-laterale-144x144.jpg 144w, https:\/\/hotelcaravelmisano.it\/wp-content\/uploads\/2025\/11\/hotel-caravel-misano-facciata-laterale-290x290.jpg 290w, https:\/\/hotelcaravelmisano.it\/wp-content\/uploads\/2025\/11\/hotel-caravel-misano-facciata-laterale-600x600.jpg 600w, https:\/\/hotelcaravelmisano.it\/wp-content\/uploads\/2025\/11\/hotel-caravel-misano-facciata-laterale.jpg 928w\" sizes=\"auto, (max-width: 450px) 100vw, 450px\" \/><\/a>\n\t\t\t<\/div><\/figure><figure class='gallery-item'>\n\t\t\t<div class='gallery-icon landscape'>\n\t\t\t\t<a href='https:\/\/hotelcaravelmisano.it\/wp-content\/uploads\/2025\/11\/hotel-caravel-misano-facciata.jpg' data-size=\"928x928\"><img loading=\"lazy\" decoding=\"async\" width=\"450\" height=\"450\" src=\"https:\/\/hotelcaravelmisano.it\/wp-content\/uploads\/2025\/11\/hotel-caravel-misano-facciata-450x450.jpg\" class=\"attachment-gallery-thumb size-gallery-thumb\" alt=\"La facciata anteriore dell&#039;Hotel Caravel B&amp;B di Misano\" srcset=\"https:\/\/hotelcaravelmisano.it\/wp-content\/uploads\/2025\/11\/hotel-caravel-misano-facciata-450x450.jpg 450w, https:\/\/hotelcaravelmisano.it\/wp-content\/uploads\/2025\/11\/hotel-caravel-misano-facciata-300x300.jpg 300w, https:\/\/hotelcaravelmisano.it\/wp-content\/uploads\/2025\/11\/hotel-caravel-misano-facciata-150x150.jpg 150w, https:\/\/hotelcaravelmisano.it\/wp-content\/uploads\/2025\/11\/hotel-caravel-misano-facciata-768x768.jpg 768w, https:\/\/hotelcaravelmisano.it\/wp-content\/uploads\/2025\/11\/hotel-caravel-misano-facciata-57x57.jpg 57w, https:\/\/hotelcaravelmisano.it\/wp-content\/uploads\/2025\/11\/hotel-caravel-misano-facciata-72x72.jpg 72w, https:\/\/hotelcaravelmisano.it\/wp-content\/uploads\/2025\/11\/hotel-caravel-misano-facciata-114x114.jpg 114w, https:\/\/hotelcaravelmisano.it\/wp-content\/uploads\/2025\/11\/hotel-caravel-misano-facciata-144x144.jpg 144w, https:\/\/hotelcaravelmisano.it\/wp-content\/uploads\/2025\/11\/hotel-caravel-misano-facciata-290x290.jpg 290w, https:\/\/hotelcaravelmisano.it\/wp-content\/uploads\/2025\/11\/hotel-caravel-misano-facciata-600x600.jpg 600w, https:\/\/hotelcaravelmisano.it\/wp-content\/uploads\/2025\/11\/hotel-caravel-misano-facciata.jpg 928w\" sizes=\"auto, (max-width: 450px) 100vw, 450px\" \/><\/a>\n\t\t\t<\/div><\/figure>\n\t\t<\/div>\n\n","protected":false},"excerpt":{"rendered":"<p>Imaginez vous r\u00e9veiller sous un soleil radieux, avec la libert\u00e9 de choisir : un plongeon r\u00e9g\u00e9n\u00e9rant, un moment de d\u00e9tente dans l\u2019hydromassage ou un apr\u00e8s-midi de jeux et de rires avec vos enfants. Au H\u00f4tel Caravel B&amp;B de Misano Adriatico, une grande piscine avec solarium vous attend, parfaite pour profiter de chaque instant de vos vacances dans le plus grand confort. Une piscine pour tous: plaisir et bien-\u00eatre Notre piscine &#8230;<\/p>\n","protected":false},"author":1,"featured_media":4417,"parent":0,"menu_order":0,"comment_status":"closed","ping_status":"closed","template":"","meta":{"_acf_changed":false},"class_list":["post-2986","page","type-page","status-publish","has-post-thumbnail","hentry"],"acf":[],"_links":{"self":[{"href":"https:\/\/hotelcaravelmisano.it\/fr\/wp-json\/wp\/v2\/pages\/2986","targetHints":{"allow":["GET"]}}],"collection":[{"href":"https:\/\/hotelcaravelmisano.it\/fr\/wp-json\/wp\/v2\/pages"}],"about":[{"href":"https:\/\/hotelcaravelmisano.it\/fr\/wp-json\/wp\/v2\/types\/page"}],"author":[{"embeddable":true,"href":"https:\/\/hotelcaravelmisano.it\/fr\/wp-json\/wp\/v2\/users\/1"}],"replies":[{"embeddable":true,"href":"https:\/\/hotelcaravelmisano.it\/fr\/wp-json\/wp\/v2\/comments?post=2986"}],"version-history":[{"count":0,"href":"https:\/\/hotelcaravelmisano.it\/fr\/wp-json\/wp\/v2\/pages\/2986\/revisions"}],"wp:featuredmedia":[{"embeddable":true,"href":"https:\/\/hotelcaravelmisano.it\/fr\/wp-json\/wp\/v2\/media\/4417"}],"wp:attachment":[{"href":"https:\/\/hotelcaravelmisano.it\/fr\/wp-json\/wp\/v2\/media?parent=2986"}],"curies":[{"name":"wp","href":"https:\/\/api.w.org\/{rel}","templated":true}]}}