{"id":2979,"date":"2018-08-30T10:09:57","date_gmt":"2018-08-30T08:09:57","guid":{"rendered":"https:\/\/hotelcaravelmisano.itpagina-di-esempio\/"},"modified":"2025-12-29T13:10:46","modified_gmt":"2025-12-29T12:10:46","slug":"pagina-di-esempio","status":"publish","type":"page","link":"https:\/\/hotelcaravelmisano.it\/fr\/","title":{"rendered":"Hotel Caravel B&amp;B \u2013 H\u00f4tel \u00e0 Misano Adriatico avec piscine"},"content":{"rendered":"<p style=\"text-align: center\"><span style=\"font-size: 16pt;margin-bottom: 40px\"><em>\u00c0 seulement 100 m\u00e8tres de la plage, en plein centre de Misano Adriatico, vous trouverez tout ce qu\u2019il faut pour vivre des <strong>vacances d\u2019\u00e9t\u00e9 inoubliables<\/strong> : soleil, mer, piscine, confort et v\u00e9ritable hospitalit\u00e9 romagnole.<\/em><\/span><\/p>\n<hr \/>\n<h2 style=\"color: #1394ad;font-size: 20pt;margin-bottom: 20px;margin-top: 60px;text-align: left\"><strong><a style=\"color: #22acc5\" href=\"https:\/\/hotelcaravelmisano.it\/fr\/piscine\/\">Piscine priv\u00e9e et espace d\u00e9tente<\/a>:<\/strong><\/h2>\n<p style=\"text-align: left;font-size: 14pt;line-height: 1.6\">notre mission est de vous offrir quelques jours de pur d\u00e9tente et de divertissement, que vous voyagiez en couple, entre amis ou en famille. Le fleuron du Caravel est la piscine priv\u00e9e Adriapark, situ\u00e9e juste en face de l\u2019h\u00f4tel : une structure compl\u00e8te avec piscine color\u00e9e pour les plus petits, grande piscine pour adultes d\u2019environ 280 m\u00b2, toboggan aquatique, hydromassage, terrains de beach tennis et volley, aire de jeux, espace bar et vaste solarium avec transats et parasols. Un v\u00e9ritable paradis pour ceux qui recherchent un <strong>h\u00f4tel avec piscine \u00e0 Misano Adriatico<\/strong>, id\u00e9al pour les familles et les enfants.<\/p>\n<h2 style=\"font-size: 20pt;color: #1394ad;margin-bottom: 20px;margin-top: 60px;text-align: left\"><strong><a style=\"color: #22acc5\" href=\"https:\/\/hotelcaravelmisano.it\/fr\/colazione-del-benessere\/\">Petit-d\u00e9jeuner Bien-\u00eatre<\/a>:<\/strong><\/h2>\n<p style=\"text-align: left;font-size: 14pt;line-height: 1.6\">chaque matin vous attend notre r\u00e9put\u00e9 <strong>Petit-d\u00e9jeuner Bien-\u00eatre<\/strong> (de 07h30 \u00e0 11h00) : g\u00e2teaux et biscuits faits maison, croissants, pancakes, fruits frais, yaourts, c\u00e9r\u00e9ales, \u0153ufs, charcuterie et fromages, eaux d\u00e9tox \u00e0 la menthe-citron vert, gingembre-citron et concombre. Vous pouvez choisir cappuccinos avec lait frais, sans lactose ou au soja, ainsi qu\u2019un caf\u00e9 espresso comme au bar. La fa\u00e7on id\u00e9ale de commencer vos <strong>vacances d\u2019\u00e9t\u00e9 au bord de la mer \u00e0 Misano Adriatico<\/strong> avec la bonne \u00e9nergie !<\/p>\n<h2 style=\"font-size: 20pt;color: #1394ad;margin-bottom: 20px;margin-top: 60px;text-align: left\"><strong><a style=\"color: #22acc5\" href=\"https:\/\/hotelcaravelmisano.it\/fr\/camere\/chambres\/\">Chambres confortables avec vue sur la mer :<\/a><\/strong><\/h2>\n<p style=\"text-align: left;font-size: 14pt;line-height: 1.6\">nos <strong>chambres<\/strong> sont \u00e9l\u00e9gantes et accueillantes, \u00e9quip\u00e9es de tout le confort n\u00e9cessaire pour profiter pleinement de chaque instant.<br \/>\nAu cinqui\u00e8me \u00e9tage, vous trouverez les <strong>chambres avec vue sur la mer<\/strong>, dot\u00e9es de terrasses panoramiques offrant une vue imprenable sur la Riviera.<\/p>\n<h2 style=\"font-size: 20pt;color: #1394ad;margin-bottom: 20px;margin-top: 60px;text-align: left\"><strong><a style=\"color: #22acc5\" href=\"https:\/\/hotelcaravelmisano.it\/fr\/parking-prive-gratuit\/\">Parking gratuit et situation id\u00e9ale :<\/a><\/strong><\/h2>\n<p style=\"text-align: left;font-size: 14pt;line-height: 1.6\">un <strong>parking priv\u00e9 gratuit et couvert<\/strong> est \u00e0 la disposition de nos h\u00f4tes, \u00e0 seulement 50 m\u00e8tres de l\u2019h\u00f4tel, un avantage rare \u00e0 Misano Adriatico ! Nous sommes situ\u00e9s pr\u00e8s de la mer, en centre-ville et \u00e0 quelques minutes de l\u2019<strong>Autodromo de Misano \u00ab Marco Simoncelli \u00bb<\/strong>, une position id\u00e9ale pour ceux qui recherchent un <strong>h\u00f4tel \u00e0 Misano Adriatico avec piscine et parking<\/strong>.<\/p>\n<p>&nbsp;<\/p>\n<hr \/>\n<p style=\"font-family: 'Georgia', 'Times New Roman', serif;font-size: 25px;font-style: italic;color: #ab8c6b;text-align: center;margin: 70px 0 70px 0;line-height: 1.6\">Que vous voyagiez pour le travail ou pour des <strong>vacances \u00e0 Misano Adriatico<\/strong>, au Caravel vous trouverez une atmosph\u00e8re familiale, soign\u00e9e et relaxante. Notre exp\u00e9rience dans l\u2019accueil rendra votre s\u00e9jour sp\u00e9cial, serein et rempli de sourires. R\u00e9servez vos vacances d\u2019\u00e9t\u00e9 \u00e0 Misano Adriatico. D\u00e9couvrez le plaisir de s\u00e9journer \u00e0 l\u2019 <strong>Hotel Caravel B&amp;B<\/strong>, votre <strong>h\u00f4tel proche de la mer avec piscine priv\u00e9e et parking gratuit<\/strong>.<\/p>\n<hr \/>\n<p>&nbsp;<\/p>\n<p><a style=\"background-color: #8a5fdd;color: #fff;padding: 20px 50px;border-radius: 30px;text-decoration: none;font-weight: bold;font-size: 18pt;max-width: 90%;text-align: center;margin-bottom: 40px;margin-top: 40px\" href=\"https:\/\/hotelcaravelmisano.it\/fr\/offres\/\" target=\"_blank\" rel=\"noopener noreferrer\">D\u00c9COUVREZ LES OFFRES<\/a><\/p>\n","protected":false},"excerpt":{"rendered":"<p>\u00c0 seulement 100 m\u00e8tres de la plage, en plein centre de Misano Adriatico, vous trouverez tout ce qu\u2019il faut pour vivre des vacances d\u2019\u00e9t\u00e9 inoubliables : soleil, mer, piscine, confort et v\u00e9ritable hospitalit\u00e9 romagnole. Piscine priv\u00e9e et espace d\u00e9tente: notre mission est de vous offrir quelques jours de pur d\u00e9tente et de divertissement, que vous voyagiez en couple, entre amis ou en famille. Le fleuron du Caravel est la piscine &#8230;<\/p>\n","protected":false},"author":1,"featured_media":0,"parent":0,"menu_order":0,"comment_status":"closed","ping_status":"closed","template":"","meta":{"_acf_changed":false},"class_list":["post-2979","page","type-page","status-publish","hentry"],"acf":[],"_links":{"self":[{"href":"https:\/\/hotelcaravelmisano.it\/fr\/wp-json\/wp\/v2\/pages\/2979","targetHints":{"allow":["GET"]}}],"collection":[{"href":"https:\/\/hotelcaravelmisano.it\/fr\/wp-json\/wp\/v2\/pages"}],"about":[{"href":"https:\/\/hotelcaravelmisano.it\/fr\/wp-json\/wp\/v2\/types\/page"}],"author":[{"embeddable":true,"href":"https:\/\/hotelcaravelmisano.it\/fr\/wp-json\/wp\/v2\/users\/1"}],"replies":[{"embeddable":true,"href":"https:\/\/hotelcaravelmisano.it\/fr\/wp-json\/wp\/v2\/comments?post=2979"}],"version-history":[{"count":0,"href":"https:\/\/hotelcaravelmisano.it\/fr\/wp-json\/wp\/v2\/pages\/2979\/revisions"}],"wp:attachment":[{"href":"https:\/\/hotelcaravelmisano.it\/fr\/wp-json\/wp\/v2\/media?parent=2979"}],"curies":[{"name":"wp","href":"https:\/\/api.w.org\/{rel}","templated":true}]}}