{"id":5799,"date":"2025-12-06T16:00:42","date_gmt":"2025-12-06T15:00:42","guid":{"rendered":"https:\/\/hotelcaravelmisano.it\/?page_id=5799"},"modified":"2025-12-06T16:07:27","modified_gmt":"2025-12-06T15:07:27","slug":"bb-misano-adriatico","status":"publish","type":"page","link":"https:\/\/hotelcaravelmisano.it\/de\/bb-misano-adriatico\/","title":{"rendered":"B&amp;B in Misano Adriatico \u2013 Hotel Caravel mit Pool und nah am Meer"},"content":{"rendered":"<section id=\"bb-misano-adriatico\">\n<div style=\"line-height:1.7;font-size:19px\">Wenn Sie ein <strong>B&amp;B in Misano Adriatico<\/strong> suchen, ist das Hotel Caravel die ideale Wahl f\u00fcr alle, die einen flexiblen und komfortablen Urlaub m\u00f6chten. Wir verbinden die Freiheit eines <strong>Bed &amp; Breakfast<\/strong> mit den Services eines modernen Hotels: reichhaltiges Fr\u00fchst\u00fcck jeden Morgen, neu renovierte Zimmer, Pool mit Whirlpool und eine hervorragende Lage nur wenige Schritte vom Meer entfernt.<\/section>\n<div style=\"width:100%;height:480px;overflow:hidden;margin:70px 0 100px 0;border-radius:16px\"><img decoding=\"async\" src=\"https:\/\/hotelcaravelmisano.it\/wp-content\/uploads\/2025\/01\/piscina_DSC4429-3-1.jpg\" style=\"width:100%;height:100%;object-fit:cover\"><\/div>\n<section><!-- PERCH\u00c9 SCEGLIERCI --><\/p>\n<h2><\/h2>\n<h2 style=\"color: #a3876a\">Warum ein B&amp;B in Misano Adriatico w\u00e4hlen (und warum uns)<\/h2>\n<div style=\"line-height:1.7;font-size:19px\">Ein <strong>B&amp;B<\/strong> zu w\u00e4hlen bedeutet, den Urlaub mit mehr Freiheit zu genie\u00dfen \u2013 ohne starre Essenszeiten und ohne Verpflichtung zu Halbpension oder Vollpension.<br \/>\nEs ist die ideale L\u00f6sung f\u00fcr alle, die ihre Tage selbst gestalten m\u00f6chten: jeden Tag neu entscheiden, wo man zu Mittag isst, was man besichtigt, wie viel Zeit man am Strand oder beim Spaziergang an der Promenade verbringt.<br \/>\nViele unserer G\u00e4ste entscheiden sich f\u00fcr ein B&amp;B, weil sie einen <strong>flexibleren<\/strong>, dynamischen und authentischen Aufenthalt bevorzugen.<br \/>\nKeine Zw\u00e4nge, keine engen Zeitpl\u00e4ne, keine Pflicht zur R\u00fcckkehr zu festen Essenszeiten: nur das Vergn\u00fcgen, Misano Adriatico im eigenen Rhythmus zu erleben und das gro\u00dfe Angebot an Restaurants, Piadinerien, Bars und typischen Trattorien zu nutzen \u2013 alle nur wenige Schritte vom Caravel entfernt.<br \/>\nIm <strong>Hotel Caravel B&amp;B<\/strong> trifft diese Freiheit auf einen echten Mehrwert im Vergleich zu klassischen Bed &amp; Breakfasts: Wir bieten zus\u00e4tzliche Services, die Ihren Aufenthalt noch komfortabler und gepflegter machen, zum Beispiel:<\/div>\n<\/p>\n<ul style=\"line-height: 1.9;margin-top:10px;margin-bottom:25px;font-size:18px\">\n<li style=\"margin-bottom: 10px\">\ud83e\udd50 <strong>Reichhaltiges und abwechslungsreiches Fr\u00fchst\u00fcck<\/strong>, s\u00fc\u00df und herzhaft, perfekt, um den Tag bestm\u00f6glich zu beginnen;<\/li>\n<li style=\"margin-bottom: 10px\">\ud83d\udecf <strong>Komplett neu renovierte Zimmer<\/strong> mit modernen M\u00f6beln, hochwertigen Betten der neuesten Generation und Toppern f\u00fcr maximalen Schlafkomfort;<\/li>\n<li style=\"margin-bottom: 10px\">\ud83c\udfca\u200d\u2642\ufe0f <strong>Pool mit Whirlpool, Rutsche und Relaxbereich<\/strong>, ideal zum Entspannen w\u00e4hrend des Tages;<\/li>\n<li style=\"margin-bottom: 10px\">\ud83d\udeb6\u200d\u2642\ufe0f <strong>Strategische Lage nur 100 Meter vom Meer entfernt<\/strong>, 400 Meter vom Zentrum von Misano und nur 3,5 km vom Misano World Circuit entfernt;<\/li>\n<li style=\"margin-bottom: 10px\">\ud83d\ude97 <strong>Privater, kostenloser Parkplatz f\u00fcr Autos und Motorr\u00e4der nur 30 Meter vom Hotel entfernt;<\/strong><\/li>\n<li style=\"margin-bottom: 10px\">\ud83d\udeb4 <strong>Fahrr\u00e4der zur kostenlosen Nutzung f\u00fcr unsere G\u00e4ste;<\/strong><\/li>\n<li style=\"margin-bottom: 50px\">\ud83d\udc68\u200d\ud83d\udc69\u200d\ud83d\udc67 <strong>Famili\u00e4re Gastfreundschaft<\/strong> und ein Team, das 24 Stunden am Tag f\u00fcr Sie da ist.<\/li>\n<\/ul>\n<hr \/>\n<p style=\"font-family: 'Georgia', 'Times New Roman', serif;font-size: 25px;font-style: italic;color: #7a6a58;text-align: center;margin: 70px 0 70px 0\">Nun laden wir Sie zu einer kleinen Reise durch die Details ein, die den Aufenthalt unserer G\u00e4ste unvergesslich machen:\n<\/p>\n<hr \/>\n<p><!-- COLAZIONE --><\/p>\n<h2 style=\"color: #a3876a\">Das Wohlf\u00fchl-Fr\u00fchst\u00fcck: der Start in Ihren Urlaubstag<\/h2>\n<div style=\"width:100%;height:480px;overflow:hidden;margin:50px 0 50px;border-radius:12px\"><img decoding=\"async\" src=\"https:\/\/hotelcaravelmisano.it\/wp-content\/uploads\/2021\/12\/frutta-fresca-rid.jpg\" style=\"width:100%;height:100%;object-fit:cover\">\n<\/div>\n<div style=\"line-height:1.7;font-size:19px\">Das Fr\u00fchst\u00fcck ist einer der beliebtesten Momente unserer G\u00e4ste. Jeden Morgen erwarten Sie frische und abwechslungsreiche Produkte, die auf unterschiedliche Geschm\u00e4cker abgestimmt sind:<\/div>\n<ul style=\"line-height: 1.9;margin-top:10px;margin-bottom:25px;font-size:18px\">\n<li style=\"margin-bottom: 10px\">Hausgemachte Kuchen und S\u00fc\u00dfspeisen<\/li>\n<li style=\"margin-bottom: 10px\">Croissants, frisches Brot und Konfit\u00fcren<\/li>\n<li style=\"margin-bottom: 10px\">Herzhaftes Buffet mit Wurst, K\u00e4se und typischen regionalen Produkten<\/li>\n<li style=\"margin-bottom: 10px\">Joghurt, M\u00fcsli und frisches Obst<\/li>\n<li style=\"margin-bottom: 10px\">Kaffee und Cappuccino, frisch zubereitet mit der Espressomaschine<\/li>\n<li style=\"margin-bottom: 10px\">verschiedene Milchsorten f\u00fcr jede Ern\u00e4hrungsbed\u00fcrfnisse: Frischmilch, fettarme Milch, laktosefreie Milch, Sojamilch<\/li>\n<li style=\"margin-bottom: 50px\">Produkte f\u00fcr Z\u00f6liakie-Betroffene und Optionen bei Unvertr\u00e4glichkeiten (auf Anfrage)<\/li>\n<\/ul>\n<p><span style=\"font-style: italic\">Entdecken Sie unser Wohlf\u00fchl-Fr\u00fchst\u00fcck:<\/span><\/p>\n<div style=\"width: 500px;max-width: 100%;margin: 30px 0 100px 0\">\n  <a href=\"https:\/\/hotelcaravelmisano.it\/de\/colazione-del-benessere\/\" style=\"text-decoration:none;width:100%\"><\/p>\n<div style=\"width:100%;padding: 20px 0;border: 2px solid #3CA6E8;border-radius: 40px;background: #f2f2f2;font-weight: bold;font-size: 20px;letter-spacing: 2px;text-transform: uppercase;color: #000;text-align: center;cursor: pointer\">FR\u00dcHST\u00dcCK\n    <\/div>\n<p>  <\/a>\n<\/div>\n<p><!-- CAMERE --><\/p>\n<hr \/>\n<h2 style=\"color: #a3876a\">Die Zimmer: neu, gepflegt und auf maximalen Komfort ausgelegt<\/h2>\n<div style=\"width:100%;height:480px;overflow:hidden;margin:50px 0 50px;border-radius:12px\"><img decoding=\"async\" src=\"https:\/\/hotelcaravelmisano.it\/wp-content\/uploads\/2019\/10\/hotel-caravel-bb-camera-arredi.jpg\" style=\"width:100%;height:100%;object-fit:cover\">\n<\/div>\n<div style=\"line-height:1.7;font-size:19px\">Die Zimmer des Hotel Caravel wurden <strong>k\u00fcrzlich (2025!) vollst\u00e4ndig renoviert<\/strong> und im modernen, einladenden Stil gestaltet. Wir haben hochwertige M\u00f6bel, beruhigende Farben und ein funktionelles Design gew\u00e4hlt, um zu jeder Tageszeit eine angenehme Atmosph\u00e4re zu schaffen. Alle Zimmer verf\u00fcgen \u00fcber:<\/div>\n<ul style=\"line-height: 1.9;margin-top:10px;margin-bottom:25px;font-size:18px\">\n<li style=\"margin-bottom: 10px\"><strong>Neue Betten<\/strong> mit hochwertigen Matratzen der neuesten Generation<\/li>\n<li style=\"margin-bottom: 10px\"><strong>Weiche Topper<\/strong> f\u00fcr perfekten Schlafkomfort<\/li>\n<li style=\"margin-bottom: 10px\">Komplett erneuerte Einrichtung<\/li>\n<li style=\"margin-bottom: 10px\">Helle und funktionale R\u00e4ume<\/li>\n<li style=\"margin-bottom: 10px\">Eigenen Balkon in allen Zimmern<\/li>\n<li style=\"margin-bottom: 10px\">Klimaanlage<\/li>\n<li style=\"margin-bottom: 10px\">Kostenloses WLAN<\/li>\n<li style=\"margin-bottom: 10px\">Eigenes Bad mit Duschkabine<\/li>\n<li style=\"margin-bottom: 10px\">T\u00e4gliche Reinigung<\/li>\n<li style=\"margin-bottom: 50px\"><strong>Bettw\u00e4sche und Handt\u00fccher<\/strong>, die regelm\u00e4\u00dfig gewechselt werden, damit immer alles frisch und komfortabel ist.<\/li>\n<\/ul>\n<p><span style=\"font-style: italic\">Entdecken Sie unsere Zimmer:<\/span><\/p>\n<div style=\"width: 500px;max-width: 100%;margin: 30px 0 100px 0\">\n  <a href=\"https:\/\/hotelcaravelmisano.it\/de\/camere\/le-camere\/\" style=\"text-decoration:none;width:100%\"><\/p>\n<div style=\"width:100%;padding: 20px 0;border: 2px solid #3CA6E8;border-radius: 40px;background: #f2f2f2;font-weight: bold;font-size: 20px;letter-spacing: 2px;text-transform: uppercase;color: #000;text-align: center;cursor: pointer\">ZIMMER\n    <\/div>\n<p>  <\/a>\n<\/div>\n<p><!-- PISCINA --><\/p>\n<hr \/>\n<h2 style=\"color: #a3876a\">Pool mit Whirlpool: Ihr Relax-Bereich im Hotel<\/h2>\n<div style=\"width:100%;height:480px;overflow:hidden;margin:50px 0 50px;border-radius:12px\"><img decoding=\"async\" src=\"https:\/\/hotelcaravelmisano.it\/wp-content\/uploads\/2025\/11\/hotel-caravel-bb-misano-piscina-ragazzi-giocano.jpg\" style=\"width:100%;height:100%;object-fit:cover\">\n<\/div>\n<div style=\"line-height:1.7;font-size:19px\">Ein besonderes Highlight unseres B&amp;B ist der <strong>Pool mit Whirlpool, Rutsche und Relaxbereich<\/strong> \u2013 perfekt zum Entspannen zu jeder Tageszeit. Der Poolbereich eignet sich ideal, um:<\/div>\n<ul style=\"line-height: 1.9;margin-top:10px;margin-bottom:25px;font-size:18px\">\n<li style=\"margin-bottom: 10px\">sich in den hei\u00dfesten Stunden des Tages zu erfrischen<\/li>\n<li style=\"margin-bottom: 10px\">im Whirlpool zu entspannen<\/li>\n<li style=\"margin-bottom: 10px\">den Kindern einen sicheren Bereich mit flachem Wasser zum Spielen zu bieten<\/li>\n<li style=\"margin-bottom: 50px\">an unserer fantastischen Poolbar in aller Ruhe ein erfrischendes Getr\u00e4nk oder einen sorgf\u00e4ltig zubereiteten Cocktail zu genie\u00dfen<\/li>\n<\/ul>\n<p><span style=\"font-style: italic\">Mehr \u00fcber unseren Pool erfahren:<\/span><\/p>\n<div style=\"width: 500px;max-width: 100%;margin: 30px 0 100px 0\">\n  <a href=\"https:\/\/hotelcaravelmisano.it\/de\/pool\/\" style=\"text-decoration:none;width:100%\"><\/p>\n<div style=\"width:100%;padding: 20px 0;border: 2px solid #3CA6E8;border-radius: 40px;background: #f2f2f2;font-weight: bold;font-size: 20px;letter-spacing: 2px;text-transform: uppercase;color: #000;text-align: center;cursor: pointer\">POOL\n    <\/div>\n<p>  <\/a>\n<\/div>\n<p><!-- POSIZIONE --><\/p>\n<hr \/>\n<h2 style=\"color: #a3876a\">Lage: Ihr B&amp;B in Misano Adriatico nahe Meer, Zentrum und Attraktionen<\/h2>\n<div style=\"width:100%;height:480px;overflow:hidden;margin:50px 0 50px;border-radius:12px\"><img decoding=\"async\" src=\"https:\/\/hotelcaravelmisano.it\/wp-content\/uploads\/2025\/11\/hotel-caravel-bb-misano-spiaggia-ombrelloni-scaled.jpg\" style=\"width:100%;height:100%;object-fit:cover\">\n<\/div>\n<div style=\"line-height:1.7;font-size:19px\">Das Hotel Caravel liegt in einer <strong>strategisch perfekten Lage<\/strong>, um Misano Adriatico besonders bequem zu erleben:<\/div>\n<ul style=\"line-height: 1.9;margin-top:10px;margin-bottom:25px;font-size:18px\">\n<li style=\"margin-bottom: 10px\"><strong>Nur 100 Meter vom Strand entfernt<\/strong><\/li>\n<li style=\"margin-bottom: 10px\">Nahe dem Zentrum und den Einkaufsstra\u00dfen<\/li>\n<li style=\"margin-bottom: 10px\">In der N\u00e4he der beliebtesten Restaurants von Misano (mit uns partnerbetrieben)<\/li>\n<li style=\"margin-bottom: 10px\">Nur wenige Minuten von Riccione und Cattolica entfernt<\/li>\n<li style=\"margin-bottom: 50px\">In der N\u00e4he des <strong>Misano World Circuit<\/strong> \u2013 ideal f\u00fcr alle, die an Sportevents teilnehmen<\/li>\n<\/ul>\n<p><span style=\"font-style: italic\">Mehr Informationen zu unserer Lage:<\/span><\/p>\n<div style=\"width: 500px;max-width: 100%;margin: 30px 0 100px 0\">\n  <a href=\"https:\/\/hotelcaravelmisano.it\/de\/lage\/\" style=\"text-decoration:none;width:100%\"><\/p>\n<div style=\"width:100%;padding: 20px 0;border: 2px solid #3CA6E8;border-radius: 40px;background: #f2f2f2;font-weight: bold;font-size: 20px;letter-spacing: 2px;text-transform: uppercase;color: #000;text-align: center;cursor: pointer\">LAGE\n    <\/div>\n<p>  <\/a>\n<\/div>\n<p><!-- AUTODROMO --><\/p>\n<hr \/>\n<h2 style=\"color: #a3876a\">In der N\u00e4he des Misano World Circuit Marco Simoncelli<\/h2>\n<div style=\"width:100%;height:480px;overflow:hidden;margin:50px 0 50px;border-radius:12px\"><img decoding=\"async\" src=\"https:\/\/hotelcaravelmisano.it\/wp-content\/uploads\/2025\/11\/evento-moto-gp-2026-hotel-caravel-misano.jpg\" style=\"width:100%;height:100%;object-fit:cover\">\n<\/div>\n<div style=\"line-height:1.7;font-size:19px\">Wenn Sie Misano Adriatico anl\u00e4sslich eines Events am <strong>Misano World Circuit Marco Simoncelli<\/strong> besuchen, ist unser B&amp;B die ideale L\u00f6sung: Wir befinden uns in einer \u00e4u\u00dferst bequemen Lage, von der aus Sie die Rennstrecke in wenigen Minuten erreichen und dabei Staus, lange Wege und Wartezeiten vermeiden.<br \/>\nViele G\u00e4ste w\u00e4hlen uns gerade wegen der N\u00e4he zur Rennstrecke, insbesondere bei Veranstaltungen wie <strong>MotoGP, Superbike, Misano Classic Weekend, World Ducati Week und Track Days<\/strong> f\u00fcr Fahrer und Motorsportfans.<\/p>\n<p>Mit einem Aufenthalt im <strong>Hotel Caravel B&amp;B in der N\u00e4he des Misano Circuit<\/strong> genie\u00dfen Sie Ruhe und Entspannung, kombiniert mit dem Komfort unserer <strong>neu renovierten Zimmer<\/strong>, einem reichhaltigen Fr\u00fchst\u00fcck jeden Morgen und der M\u00f6glichkeit, sich nach einem intensiven Tag an der Strecke in einer ruhigen Umgebung zu erholen.<br \/>\nWir sind eine ausgezeichnete Wahl f\u00fcr <strong>Fahrer, technische Teams, Mechaniker, Begleitpersonen und Familien<\/strong>, die eine gastfreundliche, gut angebundene Unterkunft suchen.<\/p>\n<p>Unsere Lage ist auch ideal, wenn Sie Leidenschaft und Urlaub verbinden m\u00f6chten: In wenigen Minuten erreichen Sie nicht nur die Rennstrecke, sondern auch das <strong>Meer, das Zentrum von Misano, Riccione und Cattolica<\/strong>.<br \/>\nEine perfekte Kombination f\u00fcr alle, die ein <strong>B&amp;B in der N\u00e4he des Misano Circuit<\/strong> suchen, ohne auf die Ruhe und die Dienstleistungen der Riviera Romagnola zu verzichten.<\/div>\n<\/p>\n<p><span style=\"font-style: italic\">Alle Events an der Rennstrecke und in der Umgebung finden Sie auf unserer speziellen Eventseite.<\/span><\/p>\n<div style=\"width: 500px;max-width: 100%;margin: 30px 0 100px 0\">\n  <a href=\"https:\/\/hotelcaravelmisano.it\/de\/veranstaltungen\/\" style=\"text-decoration:none;width:100%\"><\/p>\n<div style=\"width:100%;padding: 20px 0;border: 2px solid #3CA6E8;border-radius: 40px;background: #f2f2f2;font-weight: bold;font-size: 20px;letter-spacing: 2px;text-transform: uppercase;color: #000;text-align: center;cursor: pointer\">EVENTS\n    <\/div>\n<p>  <\/a>\n<\/div>\n<p><!-- CTA --><\/p>\n<hr \/>\n<h2 style=\"color: #a3876a\">Zum Bestpreis direkt auf der offiziellen Website buchen<\/h2>\n<div style=\"line-height:1.7;font-size:19px\">Wenn Sie direkt hier auf unserer Website buchen, profitieren Sie von:<\/div>\n<ul style=\"line-height: 1.9;margin-top:10px;margin-bottom:25px;font-size:20px\">\n<li style=\"margin-bottom: 10px\">Bestpreis-Garantie<\/li>\n<li style=\"margin-bottom: 10px\">Keine versteckten Kosten<\/li>\n<li style=\"margin-bottom: 10px\">Flexiblere Konditionen<\/li>\n<li style=\"margin-bottom: 50px\">Direkter Kontakt und pers\u00f6nliche Betreuung<\/li>\n<\/ul>\n<div style=\"text-align: center;margin-top: 25px\"><a style=\"background-color: #8a5fdd;color: #fff;padding: 14px 22px;border-radius: 30px;text-decoration: none;font-weight: bold;font-size: 15pt;max-width: 100%;text-align: center\" href=\"https:\/\/booking.bedzzle.com\/desktop\/?&amp;apikey=d7d190e286c64fdc5c9b9b3af5debc26&amp;lang=de\" target=\"_blank\" rel=\"noopener noreferrer\">HIER ZUM BESTPREIS BUCHEN<\/a><\/div>\n<div style=\"height: 30px\"><\/div>\n<\/div>\n<\/section>\n","protected":false},"excerpt":{"rendered":"<p>Wenn Sie ein B&amp;B in Misano Adriatico suchen, ist das Hotel Caravel die ideale Wahl f\u00fcr alle, die einen flexiblen und komfortablen Urlaub m\u00f6chten. Wir verbinden die Freiheit eines Bed &amp; Breakfast mit den Services eines modernen Hotels: reichhaltiges Fr\u00fchst\u00fcck jeden Morgen, neu renovierte Zimmer, Pool mit Whirlpool und eine hervorragende Lage nur wenige Schritte vom Meer entfernt. Warum ein B&amp;B in Misano Adriatico w\u00e4hlen (und warum uns) Ein B&amp;B &#8230;<\/p>\n","protected":false},"author":4,"featured_media":0,"parent":0,"menu_order":0,"comment_status":"closed","ping_status":"closed","template":"","meta":{"_acf_changed":false},"class_list":["post-5799","page","type-page","status-publish","hentry"],"acf":[],"_links":{"self":[{"href":"https:\/\/hotelcaravelmisano.it\/de\/wp-json\/wp\/v2\/pages\/5799","targetHints":{"allow":["GET"]}}],"collection":[{"href":"https:\/\/hotelcaravelmisano.it\/de\/wp-json\/wp\/v2\/pages"}],"about":[{"href":"https:\/\/hotelcaravelmisano.it\/de\/wp-json\/wp\/v2\/types\/page"}],"author":[{"embeddable":true,"href":"https:\/\/hotelcaravelmisano.it\/de\/wp-json\/wp\/v2\/users\/4"}],"replies":[{"embeddable":true,"href":"https:\/\/hotelcaravelmisano.it\/de\/wp-json\/wp\/v2\/comments?post=5799"}],"version-history":[{"count":0,"href":"https:\/\/hotelcaravelmisano.it\/de\/wp-json\/wp\/v2\/pages\/5799\/revisions"}],"wp:attachment":[{"href":"https:\/\/hotelcaravelmisano.it\/de\/wp-json\/wp\/v2\/media?parent=5799"}],"curies":[{"name":"wp","href":"https:\/\/api.w.org\/{rel}","templated":true}]}}