{"id":5658,"date":"2025-11-20T17:01:32","date_gmt":"2025-11-20T16:01:32","guid":{"rendered":"https:\/\/hotelcaravelmisano.it\/?page_id=5658"},"modified":"2025-12-01T17:04:38","modified_gmt":"2025-12-01T16:04:38","slug":"world-ducati-week-misano-adriatico","status":"publish","type":"page","link":"https:\/\/hotelcaravelmisano.it\/de\/veranstaltungen\/world-ducati-week-misano-adriatico\/","title":{"rendered":"World Ducati Week 2026 \u2013 Misano Adriatico | 3.\u20135. Juli"},"content":{"rendered":"<div style=\"text-align: center;margin-bottom: 40px\"><img decoding=\"async\" class=\"aligncenter\" style=\"width: 65%;max-width: 400px;height: auto;border-radius: 8px\" src=\"https:\/\/hotelcaravelmisano.it\/wp-content\/uploads\/2025\/11\/evento-wdw-centenario-2026-hotel-caravel-misano.jpg\" alt=\"World Ducati Week 2026 Misano - Ducati Jubil\u00e4um\" \/><\/div>\n<p><!-- TESTO (FONT GRANDE 16\/17) --><\/p>\n<p style=\"font-size: 20px;line-height: 1.8;margin-bottom: 20px\">Vom <strong>3. bis 5. Juli 2026<\/strong> empf\u00e4ngt Misano Adriatico die <strong>World Ducati Week<\/strong>, die Sonderedition zum <strong>100-j\u00e4hrigen Ducati-Jubil\u00e4um<\/strong>. Ein einzigartiges Event mit spektakul\u00e4ren Paraden, Streckensessions, Fahrern, Abendshows und tausenden Motorradfans aus aller Welt.<\/p>\n<p style=\"font-size: 20px;line-height: 1.8;margin-bottom: 40px\">Der <strong>Misano World Circuit \u201eMarco Simoncelli\u201c<\/strong> wird zum Zentrum der Feierlichkeiten \u2013 zwischen Motorensound, Adrenalin, Ducati-Neuheiten und der unverwechselbaren Atmosph\u00e4re, die nur die Adriak\u00fcste bieten kann.<\/p>\n<p><!-- PERCH\u00c9 SCEGLIERE IL CARAVEL --><\/p>\n<h2 style=\"color: #1394ad;font-size: 26px;margin: 28px 0 15px 0\"><strong>Warum das Hotel Caravel B&amp;B f\u00fcr die WDW 2026 w\u00e4hlen:<\/strong><\/h2>\n<ul style=\"padding-left: 20px\">\n<li style=\"margin-bottom: 12px\"><span style=\"font-size: 16pt\"><strong>Kostenloses Parken<\/strong>, bequem und in der N\u00e4he des Hotels.<\/span><\/li>\n<li style=\"margin-bottom: 12px\"><span style=\"font-size: 16pt\"><strong>Privater Pool, Ruhebereich,<\/strong> Wasserrutschen, Sportpl\u00e4tze und Bar.<\/span><\/li>\n<li style=\"margin-bottom: 12px\"><span style=\"font-size: 16pt\"><strong>Wellness-Fr\u00fchst\u00fcck<\/strong> mit hausgemachten Kuchen, s\u00fc\u00dfen &amp; herzhaften Optionen und leichten Speisen.<\/span><\/li>\n<li style=\"margin-bottom: 12px\"><span style=\"font-size: 16pt\"><strong>Moderne und komfortable Zimmer<\/strong> mit neuen Betten, Federkern- und Memory-Foam-Matratzen, Topper, Duschkabine, Klimaanlage, Balkon und allem Komfort.<\/span><\/li>\n<li style=\"margin-bottom: 12px\"><span style=\"font-size: 16pt\"><strong>Partnerrestaurants<\/strong> mit exklusiven Rabatten f\u00fcr unsere G\u00e4ste.<\/span><\/li>\n<li style=\"margin-bottom: 12px\"><span style=\"font-size: 16pt\"><strong>Perfekte Lage<\/strong>: in der N\u00e4he der Rennstrecke und nur wenige Schritte vom Strand und dem Zentrum von Misano Adriatico entfernt.<\/span><\/li>\n<\/ul>\n<p><\/p>\n<div style=\"border: 3px solid #8f6ce8;padding: 20px;border-radius: 12px;margin: 50px auto;max-width: 850px;background: #f9f7ff\">\n<p style=\"font-size: 20px;line-height: 1.8;text-align: center;margin: 0\">Erlebe die einzigartige Energie der <strong>WDW 2026<\/strong> mit der Freiheit eines Aufenthalts, der ganz auf dich zugeschnitten ist: <strong>Bei Direktbuchung \u00fcber unsere Website erh\u00e4ltst du sofort 10% Rabatt<\/strong> und sicherst dir deinen Platz im Herzen des meist erwarteten Ducati-Events des Jahres.<\/p>\n<\/div>\n<div style=\"height: 6px\"><\/div>\n<div style=\"text-align: center;margin-top: 25px\"><a style=\"background-color: #8a5fdd;color: #fff;padding: 14px 22px;border-radius: 30px;text-decoration: none;font-weight: bold;font-size: 15pt;max-width: 100%;text-align: center\" href=\"https:\/\/booking.bedzzle.com\/desktop\/?apikey=d7d190e286c64fdc5c9b9b3af5debc26&amp;lang=de\" target=\"_blank\" rel=\"noopener noreferrer\">HIER BUCHEN<\/a><\/div>\n<div style=\"height: 30px\"><\/div>\n","protected":false},"excerpt":{"rendered":"<p>Vom 3. bis 5. Juli 2026 empf\u00e4ngt Misano Adriatico die World Ducati Week, die Sonderedition zum 100-j\u00e4hrigen Ducati-Jubil\u00e4um. Ein einzigartiges Event mit spektakul\u00e4ren Paraden, Streckensessions, Fahrern, Abendshows und tausenden Motorradfans aus aller Welt. Der Misano World Circuit \u201eMarco Simoncelli\u201c wird zum Zentrum der Feierlichkeiten \u2013 zwischen Motorensound, Adrenalin, Ducati-Neuheiten und der unverwechselbaren Atmosph\u00e4re, die nur die Adriak\u00fcste bieten kann. Warum das Hotel Caravel B&amp;B f\u00fcr die WDW 2026 w\u00e4hlen: Kostenloses &#8230;<\/p>\n","protected":false},"author":4,"featured_media":0,"parent":5648,"menu_order":0,"comment_status":"closed","ping_status":"closed","template":"","meta":{"_acf_changed":false},"class_list":["post-5658","page","type-page","status-publish","hentry"],"acf":[],"_links":{"self":[{"href":"https:\/\/hotelcaravelmisano.it\/de\/wp-json\/wp\/v2\/pages\/5658","targetHints":{"allow":["GET"]}}],"collection":[{"href":"https:\/\/hotelcaravelmisano.it\/de\/wp-json\/wp\/v2\/pages"}],"about":[{"href":"https:\/\/hotelcaravelmisano.it\/de\/wp-json\/wp\/v2\/types\/page"}],"author":[{"embeddable":true,"href":"https:\/\/hotelcaravelmisano.it\/de\/wp-json\/wp\/v2\/users\/4"}],"replies":[{"embeddable":true,"href":"https:\/\/hotelcaravelmisano.it\/de\/wp-json\/wp\/v2\/comments?post=5658"}],"version-history":[{"count":0,"href":"https:\/\/hotelcaravelmisano.it\/de\/wp-json\/wp\/v2\/pages\/5658\/revisions"}],"up":[{"embeddable":true,"href":"https:\/\/hotelcaravelmisano.it\/de\/wp-json\/wp\/v2\/pages\/5648"}],"wp:attachment":[{"href":"https:\/\/hotelcaravelmisano.it\/de\/wp-json\/wp\/v2\/media?parent=5658"}],"curies":[{"name":"wp","href":"https:\/\/api.w.org\/{rel}","templated":true}]}}