{"id":5462,"date":"2025-11-14T23:36:22","date_gmt":"2025-11-14T22:36:22","guid":{"rendered":"https:\/\/hotelcaravelmisano.it\/?page_id=5462"},"modified":"2025-11-14T23:47:24","modified_gmt":"2025-11-14T22:47:24","slug":"bewertungen-ueber-das-hotel-caravel-bb-in-misano-adriatico","status":"publish","type":"page","link":"https:\/\/hotelcaravelmisano.it\/de\/bewertungen-ueber-das-hotel-caravel-bb-in-misano-adriatico\/","title":{"rendered":"Bewertungen \u00fcber das Hotel Caravel B&amp;B in Misano Adriatico"},"content":{"rendered":"<p>Jede Bewertung, die wir erhalten, erf\u00fcllt uns mit Stolz und Dankbarkeit. Zu wissen, dass ihr angenehme Momente im <strong>Hotel Caravel B&amp;B in Misano Adriatico<\/strong> verbracht habt, ist unsere gr\u00f6\u00dfte Zufriedenheit.<\/p>\n<p>Wir engagieren uns jeden Tag daf\u00fcr, euch <strong>authentische Gastfreundschaft, Komfort und ehrliche Herzlichkeit<\/strong> zu bieten. Eure Kommentare best\u00e4tigen uns, dass die Leidenschaft und Sorgfalt, mit der wir jeden Gast empfangen, wirklich einen Unterschied machen.<\/p>\n<p>Ein besonderer Dank gilt all jenen, die ihre Erfahrung mit uns geteilt haben: Eure <strong>positiven Bewertungen<\/strong> motivieren uns, uns stets weiter zu verbessern, damit ihr euch bei jedem Aufenthalt wie zu Hause f\u00fchlt.<\/p>\n<h3 style=\"color: #2092a1\">Warum Bewertungen lesen?<\/h3>\n<p>Die Worte unserer G\u00e4ste sind das ehrlichste Zeugnis dessen, wer wir sind. Von unseren gem\u00fctlichen Zimmern \u00fcber den <strong>Pool mit Whirlpool<\/strong> bis hin zum reichhaltigen und leckeren Fr\u00fchst\u00fcck und der Freundlichkeit unseres Teams \u2013 jede Bewertung erz\u00e4hlt ein kleines St\u00fcck unserer Gastfreundschaftsgeschichte.<\/p>\n<p>Wenn ihr bereits bei uns \u00fcbernachtet habt, freuen wir uns sehr \u00fcber eure Meinung! Ihr k\u00f6nnt eure Bewertung auf <strong>Google<\/strong> oder <strong>Tripadvisor<\/strong> hinterlassen \u2013 damit helft ihr uns zu wachsen und unser Hotel neuen G\u00e4sten n\u00e4herzubringen.<\/p>\n<h3 style=\"color: #2092a1\">Eure neuesten Bewertungen<\/h3>\n<p style=\"font-style: italic;text-align: center;margin-top: 20px\">\nEin herzliches Dankesch\u00f6n vom gesamten Team des Hotel Caravel B&amp;B \ud83d\udc99<\/p>\n","protected":false},"excerpt":{"rendered":"<p>Jede Bewertung, die wir erhalten, erf\u00fcllt uns mit Stolz und Dankbarkeit. Zu wissen, dass ihr angenehme Momente im Hotel Caravel B&amp;B in Misano Adriatico verbracht habt, ist unsere gr\u00f6\u00dfte Zufriedenheit. Wir engagieren uns jeden Tag daf\u00fcr, euch authentische Gastfreundschaft, Komfort und ehrliche Herzlichkeit zu bieten. Eure Kommentare best\u00e4tigen uns, dass die Leidenschaft und Sorgfalt, mit der wir jeden Gast empfangen, wirklich einen Unterschied machen. Ein besonderer Dank gilt all jenen, &#8230;<\/p>\n","protected":false},"author":4,"featured_media":0,"parent":0,"menu_order":0,"comment_status":"closed","ping_status":"closed","template":"template\/template.feedback.php","meta":{"_acf_changed":false},"class_list":["post-5462","page","type-page","status-publish","hentry"],"acf":[],"_links":{"self":[{"href":"https:\/\/hotelcaravelmisano.it\/de\/wp-json\/wp\/v2\/pages\/5462","targetHints":{"allow":["GET"]}}],"collection":[{"href":"https:\/\/hotelcaravelmisano.it\/de\/wp-json\/wp\/v2\/pages"}],"about":[{"href":"https:\/\/hotelcaravelmisano.it\/de\/wp-json\/wp\/v2\/types\/page"}],"author":[{"embeddable":true,"href":"https:\/\/hotelcaravelmisano.it\/de\/wp-json\/wp\/v2\/users\/4"}],"replies":[{"embeddable":true,"href":"https:\/\/hotelcaravelmisano.it\/de\/wp-json\/wp\/v2\/comments?post=5462"}],"version-history":[{"count":0,"href":"https:\/\/hotelcaravelmisano.it\/de\/wp-json\/wp\/v2\/pages\/5462\/revisions"}],"wp:attachment":[{"href":"https:\/\/hotelcaravelmisano.it\/de\/wp-json\/wp\/v2\/media?parent=5462"}],"curies":[{"name":"wp","href":"https:\/\/api.w.org\/{rel}","templated":true}]}}