{"id":5446,"date":"2025-11-14T19:33:05","date_gmt":"2025-11-14T18:33:05","guid":{"rendered":"https:\/\/hotelcaravelmisano.it\/?page_id=5446"},"modified":"2025-11-14T19:37:30","modified_gmt":"2025-11-14T18:37:30","slug":"partnerrestaurants","status":"publish","type":"page","link":"https:\/\/hotelcaravelmisano.it\/de\/partnerrestaurants\/","title":{"rendered":"Partnerrestaurants"},"content":{"rendered":"<div class=\"section-title\" style=\"margin-bottom: 35px;padding-top: 10px;padding-bottom: 20px\"><span style=\"font-size: 14pt\"><em>Willkommen im Herzen der Riviera Romagnola: Im Hotel Caravel B&amp;B \u00f6ffnen wir dir die T\u00fcren zu einer exklusiven Auswahl an Partnerrestaurants in Misano Adriatico \u2014 Lokale, in denen die romagnolische K\u00fcche gefeiert wird: mit fangfrischen Fischgerichten, hausgemachter Pasta, duftenden Pizzen und gro\u00dfz\u00fcgigen Portionen, serviert mit einem ehrlichen L\u00e4cheln. Entdecke die authentischen Aromen dieser Region, nur wenige Schritte von unserem Hotel entfernt, und verwandle jede Mahlzeit in einen unvergesslichen Moment.<\/em><\/span><\/div>\n<div style=\"border: 3px solid #6b4e9b;border-radius: 15px;padding: 25px 20px;background-color: #f2f2f2;margin-top: 25px;margin-bottom: 35px;text-align: center\">\n<p style=\"margin: 0;font-size: 16pt;color: #333\"><strong style=\"color: #6b4e9b;font-size: 18pt\">\ud83c\udf7d\ufe0f PROFITIERE VON DEINEM EXKLUSIVEN RABATT!<\/strong><br \/> In den <strong>Partnerrestaurants<\/strong> des Hotel Caravel B&amp;B erh\u00e4ltst du <strong>10% Rabatt<\/strong> auf dein Mittag- oder Abendessen (<strong>5%<\/strong> in den Feinkostl\u00e4den). Hole dir einfach deinen <strong>Guest Food Coupon<\/strong> an der Rezeption ab, bevor du ausgehst.<\/p>\n<\/p><\/div>\n<div class=\"section-content\">\n<ul style=\"font-size: 15pt;color: #333;line-height: 1.8;list-style-type: none;padding: 0;margin-top: 25px\">\n<li style=\"margin-bottom: 22px\"><span style=\"color: #ab8c6b\"><strong>Ristorante Anna<\/strong><\/span> \u2013 Fischk\u00fcche direkt am Meer. 200 m vom Hotel.<\/li>\n<li style=\"margin-bottom: 22px\"><span style=\"color: #ab8c6b\"><strong>Ristorante Alla Stazione<\/strong><\/span> \u2013 Pizzeria, Fleisch- und Fischrestaurant, ein historisches Lokal im Zentrum von Misano. 500 m vom Hotel.<\/li>\n<li style=\"margin-bottom: 22px\"><span style=\"color: #ab8c6b\"><strong>Ristorante Osteria Vecia<\/strong><\/span> \u2013 Traditionelle romagnolische Gerichte mit Fleisch, hausgemachter Pasta und lokalen Weinen in rustikaler Atmosph\u00e4re. 300 m vom Hotel.<\/li>\n<li style=\"margin-bottom: 22px\"><span style=\"color: #ab8c6b\"><strong>Ristorante Il Bianco<\/strong><\/span> \u2013 Fischspezialit\u00e4ten direkt am Strand. 200 m vom Caravel.<\/li>\n<li style=\"margin-bottom: 22px\"><span style=\"color: #ab8c6b\"><strong>Ristorante Grazia<\/strong><\/span> \u2013 Pizzeria, Fleisch- und Fischrestaurant am Strand. 200 m vom Caravel.<\/li>\n<li style=\"margin-bottom: 22px\"><span style=\"color: #ab8c6b\"><strong>Ristorante La Piazzetta<\/strong><\/span> \u2013 Romagnolische Fleisch- und Fischk\u00fcche, Pizzeria, direkt am Strand im Zentrum von Misano. 400 m vom Hotel.<\/li>\n<li style=\"margin-bottom: 22px\"><span style=\"color: #ab8c6b\"><strong>Ristorante La Lanterna Rossa<\/strong><\/span> \u2013 Fleisch- und Fischgerichte, Pizzeria, am Strand im Zentrum von Misano. 400 m vom Hotel.<\/li>\n<li style=\"margin-bottom: 22px\"><span style=\"color: #ab8c6b\"><strong>Ristorante Piccolo Bar<\/strong><\/span> \u2013 Romagnolische Fischk\u00fcche und hausgemachte Pasta, ideal f\u00fcr romantische Abendessen, im Zentrum von Misano. 500 m vom Hotel.<\/li>\n<li style=\"margin-bottom: 22px\"><span style=\"color: #ab8c6b\"><strong>Ristorante Tintarella di Luna<\/strong><\/span> \u2013 Fischrestaurant am Strand im Zentrum von Misano. 400 m vom Hotel.<\/li>\n<li style=\"margin-bottom: 22px\"><span style=\"color: #ab8c6b\"><strong>Ristorante Living<\/strong><\/span> \u2013 Disco Dinner und Cocktailbar, perfekt f\u00fcr lebhafte Sommerabende. 700 m vom Hotel.<\/li>\n<li style=\"margin-bottom: 22px\"><span style=\"color: #ab8c6b\"><strong>Gastronomia Gnam Gnam<\/strong><\/span> \u2013 Typische romagnolische Gerichte, fertig zum Mitnehmen \u2013 ideal f\u00fcr eine schnelle und leckere Mahlzeit. 400 m vom Hotel.<\/li>\n<li style=\"margin-bottom: 22px\"><span style=\"color: #ab8c6b\"><strong>Gastronomia Da M\u00f2<\/strong><\/span> \u2013 Romagnolische Spezialit\u00e4ten und frischer Fisch, auch zum Mitnehmen \u2013 perfekt auch f\u00fcr den Strand. 600 m vom Hotel.<\/li>\n<\/ul>\n<p style=\"text-align: center;color: #1394ad;font-weight: bold;margin-top: 30px\"><span style=\"font-size: 18pt\">Caravel \u2013 wo Misano sich wie Zuhause anf\u00fchlt<\/span><\/p>\n<\/p><\/div>\n","protected":false},"excerpt":{"rendered":"<p>Willkommen im Herzen der Riviera Romagnola: Im Hotel Caravel B&amp;B \u00f6ffnen wir dir die T\u00fcren zu einer exklusiven Auswahl an Partnerrestaurants in Misano Adriatico \u2014 Lokale, in denen die romagnolische K\u00fcche gefeiert wird: mit fangfrischen Fischgerichten, hausgemachter Pasta, duftenden Pizzen und gro\u00dfz\u00fcgigen Portionen, serviert mit einem ehrlichen L\u00e4cheln. Entdecke die authentischen Aromen dieser Region, nur wenige Schritte von unserem Hotel entfernt, und verwandle jede Mahlzeit in einen unvergesslichen Moment. \ud83c\udf7d\ufe0f &#8230;<\/p>\n","protected":false},"author":4,"featured_media":0,"parent":0,"menu_order":0,"comment_status":"closed","ping_status":"closed","template":"","meta":{"_acf_changed":false},"class_list":["post-5446","page","type-page","status-publish","hentry"],"acf":[],"_links":{"self":[{"href":"https:\/\/hotelcaravelmisano.it\/de\/wp-json\/wp\/v2\/pages\/5446","targetHints":{"allow":["GET"]}}],"collection":[{"href":"https:\/\/hotelcaravelmisano.it\/de\/wp-json\/wp\/v2\/pages"}],"about":[{"href":"https:\/\/hotelcaravelmisano.it\/de\/wp-json\/wp\/v2\/types\/page"}],"author":[{"embeddable":true,"href":"https:\/\/hotelcaravelmisano.it\/de\/wp-json\/wp\/v2\/users\/4"}],"replies":[{"embeddable":true,"href":"https:\/\/hotelcaravelmisano.it\/de\/wp-json\/wp\/v2\/comments?post=5446"}],"version-history":[{"count":0,"href":"https:\/\/hotelcaravelmisano.it\/de\/wp-json\/wp\/v2\/pages\/5446\/revisions"}],"wp:attachment":[{"href":"https:\/\/hotelcaravelmisano.it\/de\/wp-json\/wp\/v2\/media?parent=5446"}],"curies":[{"name":"wp","href":"https:\/\/api.w.org\/{rel}","templated":true}]}}