{"id":3028,"date":"2016-12-23T11:10:32","date_gmt":"2016-12-23T10:10:32","guid":{"rendered":"https:\/\/hotelcaravelmisano.itofferte\/"},"modified":"2025-11-18T11:53:48","modified_gmt":"2025-11-18T10:53:48","slug":"angebote","status":"publish","type":"page","link":"https:\/\/hotelcaravelmisano.it\/de\/angebote\/","title":{"rendered":"Angebote"},"content":{"rendered":"<p>Entdecke alle <strong>Sonderangebote des Hotel Caravel B&amp;B in Misano Adriatico<\/strong>! Nutze unsere <strong>exklusiven Aktionen<\/strong> f\u00fcr alle, die direkt \u00fcber die offizielle Website buchen: Rabatte, Vorteile und spezielle Services, die deinen Urlaub noch g\u00fcnstiger und angenehmer machen.<br \/>\nBuche jetzt und sichere dir den <strong>garantiert besten Preis<\/strong>!<\/p>\n","protected":false},"excerpt":{"rendered":"<p>Entdecke alle Sonderangebote des Hotel Caravel B&amp;B in Misano Adriatico! Nutze unsere exklusiven Aktionen f\u00fcr alle, die direkt \u00fcber die offizielle Website buchen: Rabatte, Vorteile und spezielle Services, die deinen Urlaub noch g\u00fcnstiger und angenehmer machen. Buche jetzt und sichere dir den garantiert besten Preis!<\/p>\n","protected":false},"author":1,"featured_media":0,"parent":0,"menu_order":0,"comment_status":"closed","ping_status":"closed","template":"template\/template.offerte.php","meta":{"_acf_changed":false},"class_list":["post-3028","page","type-page","status-publish","hentry"],"acf":[],"_links":{"self":[{"href":"https:\/\/hotelcaravelmisano.it\/de\/wp-json\/wp\/v2\/pages\/3028","targetHints":{"allow":["GET"]}}],"collection":[{"href":"https:\/\/hotelcaravelmisano.it\/de\/wp-json\/wp\/v2\/pages"}],"about":[{"href":"https:\/\/hotelcaravelmisano.it\/de\/wp-json\/wp\/v2\/types\/page"}],"author":[{"embeddable":true,"href":"https:\/\/hotelcaravelmisano.it\/de\/wp-json\/wp\/v2\/users\/1"}],"replies":[{"embeddable":true,"href":"https:\/\/hotelcaravelmisano.it\/de\/wp-json\/wp\/v2\/comments?post=3028"}],"version-history":[{"count":0,"href":"https:\/\/hotelcaravelmisano.it\/de\/wp-json\/wp\/v2\/pages\/3028\/revisions"}],"wp:attachment":[{"href":"https:\/\/hotelcaravelmisano.it\/de\/wp-json\/wp\/v2\/media?parent=3028"}],"curies":[{"name":"wp","href":"https:\/\/api.w.org\/{rel}","templated":true}]}}