{"id":3016,"date":"2019-09-30T14:12:31","date_gmt":"2019-09-30T12:12:31","guid":{"rendered":"https:\/\/hotelcaravelmisano.itposizione-privilegiata\/"},"modified":"2025-11-14T19:25:51","modified_gmt":"2025-11-14T18:25:51","slug":"lage","status":"publish","type":"page","link":"https:\/\/hotelcaravelmisano.it\/de\/lage\/","title":{"rendered":"Beste Lage"},"content":{"rendered":"<h3>Hotel Caravel, nur einen Schritt vom Meer entfernt und ganz in der N\u00e4he von:<\/h3>\n<ul>\n<li>2,5 km von den <strong>Thermen von Riccione<\/strong><\/li>\n<li>2,8 km vom <strong>MWC \u2013 Misano World Circuit<\/strong><\/li>\n<li>800 m von der Sporthalle, dem <strong>Rollsportzentrum<\/strong> und dem Tennisclub<\/li>\n<li>100 m von den <strong>Linienbushaltestellen<\/strong> nach Riccione und Cattolica Zentrum<\/li>\n<li>300 m vom touristischen Zentrum von Misano Adriatico<\/li>\n<li>4 km vom touristischen Zentrum von Riccione und Cattolica<\/li>\n<li>5 km vom Wasserpark <strong>Aquafan Riccione<\/strong> und vom Themenpark <strong>Oltremare<\/strong><\/li>\n<li>2 km vom <strong> Aquarium von Cattolica<\/strong> \u201eLe Navi\u201c<\/li>\n<\/ul>\n<p style=\"margin-top: 25px;text-align: center;text-transform: uppercase;font-weight: bold;color: #8a5fdd\">Erreiche uns f\u00fcr deinen n\u00e4chsten Urlaub!<br \/>\n<a style=\"color: #8a5fdd;font-weight: bold;text-transform: uppercase;text-decoration: underline\" href=\"https:\/\/hotelcaravelmisano.it\/de\/angebote\/\">Entdecke die exklusiven Angebote<\/a><br \/>\nund buche deinen Aufenthalt jetzt zum besten Preis!<\/p>\n<h2 style=\"color: #2092a1\">Wie du uns erreichst<\/h2>\n<p>Das Erreichen des Hotel Caravel in Misano Adriatico ist ganz einfach, egal welches Verkehrsmittel du nutzt. Hier findest du alle wichtigen Hinweise, um uns mit dem Auto, Zug oder Flugzeug zu erreichen.<\/p>\n<h3><strong>Mit dem Auto<\/strong><\/h3>\n<p><strong>Von Norden:<\/strong> Autobahn A1 Mailand\u2013Bologna, dann A14 Bologna\u2013Ancona (Ausfahrt Riccione). Weiter Richtung S\u00fcden (Pesaro) auf der Adriatica-Schnellstra\u00dfe SS16 f\u00fcr ca. 5 km bis Misano Adriatico.<br \/>\n<strong>Von S\u00fcden:<\/strong> Autobahn A14 Tarent\u2013Bologna (Ausfahrt Cattolica). Weiter Richtung Norden (Rimini\u2013Ravenna) auf der Adriatica-Schnellstra\u00dfe SS16 f\u00fcr ca. 4,5 km bis Misano Adriatico.<\/p>\n<h3>Mit dem Zug<\/h3>\n<p><strong>FF.SS Zugverbindungen:<\/strong> Bahnhof Misano Adriatico oder die Bahnh\u00f6fe von Riccione oder Cattolica; anschlie\u00dfend Linienbus (Nr. 125) bis Misano Adriatico.<\/p>\n<h3>Mit dem Flugzeug<\/h3>\n<ul>\n<li><strong>9 km von Misano Adriatico entfernt:<\/strong><br \/>\nAeroporto Internazionale Federico Fellini Rimini<br \/>\nwww.riminiairport.com<br \/>\nVia Flaminia, 409 \u2013 47831 Miramare di Rimini<br \/>\nTickets &amp; Info: Tel. 0541\/715711 \u2013 0541\/715711<\/li>\n<li><strong>120 km von Misano Adriatico entfernt:<\/strong><br \/>\nAeroporto Internazionale \u201eG. Marconi\u201c Bologna<br \/>\nwww.bologna-airport.it<br \/>\nVia Aeroporto Civile \u2013 Bologna<br \/>\nInformationen &amp; Reservierungen: Tel. 051\/6479615 \u2013 051\/6479615<\/li>\n<\/ul>\n","protected":false},"excerpt":{"rendered":"<p>Hotel Caravel, nur einen Schritt vom Meer entfernt und ganz in der N\u00e4he von: 2,5 km von den Thermen von Riccione 2,8 km vom MWC \u2013 Misano World Circuit 800 m von der Sporthalle, dem Rollsportzentrum und dem Tennisclub 100 m von den Linienbushaltestellen nach Riccione und Cattolica Zentrum 300 m vom touristischen Zentrum von Misano Adriatico 4 km vom touristischen Zentrum von Riccione und Cattolica 5 km vom Wasserpark &#8230;<\/p>\n","protected":false},"author":1,"featured_media":5366,"parent":0,"menu_order":0,"comment_status":"closed","ping_status":"closed","template":"template\/template.mappa.php","meta":{"_acf_changed":false},"class_list":["post-3016","page","type-page","status-publish","has-post-thumbnail","hentry"],"acf":[],"_links":{"self":[{"href":"https:\/\/hotelcaravelmisano.it\/de\/wp-json\/wp\/v2\/pages\/3016","targetHints":{"allow":["GET"]}}],"collection":[{"href":"https:\/\/hotelcaravelmisano.it\/de\/wp-json\/wp\/v2\/pages"}],"about":[{"href":"https:\/\/hotelcaravelmisano.it\/de\/wp-json\/wp\/v2\/types\/page"}],"author":[{"embeddable":true,"href":"https:\/\/hotelcaravelmisano.it\/de\/wp-json\/wp\/v2\/users\/1"}],"replies":[{"embeddable":true,"href":"https:\/\/hotelcaravelmisano.it\/de\/wp-json\/wp\/v2\/comments?post=3016"}],"version-history":[{"count":0,"href":"https:\/\/hotelcaravelmisano.it\/de\/wp-json\/wp\/v2\/pages\/3016\/revisions"}],"wp:featuredmedia":[{"embeddable":true,"href":"https:\/\/hotelcaravelmisano.it\/de\/wp-json\/wp\/v2\/media\/5366"}],"wp:attachment":[{"href":"https:\/\/hotelcaravelmisano.it\/de\/wp-json\/wp\/v2\/media?parent=3016"}],"curies":[{"name":"wp","href":"https:\/\/api.w.org\/{rel}","templated":true}]}}