{"id":3003,"date":"2017-12-11T10:19:45","date_gmt":"2017-12-11T09:19:45","guid":{"rendered":"https:\/\/hotelcaravelmisano.itcucina\/"},"modified":"2025-11-14T23:03:39","modified_gmt":"2025-11-14T22:03:39","slug":"colazione-del-benessere","status":"publish","type":"page","link":"https:\/\/hotelcaravelmisano.it\/de\/colazione-del-benessere\/","title":{"rendered":"Wellnessfr\u00fchst\u00fcck"},"content":{"rendered":"<p><span style=\"font-size: 18pt\"><strong><span style=\"color: #22acc5\">Beginne den Tag mit dem Duft von Kaffee und dem Licht des Morgens.<\/span><\/strong><\/span><\/p>\n<p>Im <strong>Hotel Caravel in Misano Adriatico<\/strong> ist das Fr\u00fchst\u00fcck ein Moment echten Wohlbefindens \u2013 ein kleiner, t\u00e4glicher Genuss, den du in aller Ruhe in unserem <strong>vollst\u00e4ndig renovierten Fr\u00fchst\u00fccksraum<\/strong> genie\u00dfen kannst, hell und einladend.<\/p>\n<p>Von <span style=\"font-size: 16pt\"><strong><span style=\"color: #22acc5\">07:30<\/span><\/strong><\/span> bis <span style=\"font-size: 14pt\"><strong><span style=\"color: #22acc5\">11:00<\/span><\/strong><\/span> erwartet dich ein <strong>reichhaltiges s\u00fc\u00dfes und herzhaftes Buffet<\/strong>, das dir bereits mit dem ersten Bissen Energie und Genuss schenkt.<\/p>\n<ul>\n<li><strong>Hausgemachte Kuchen und Kekse<\/strong>, t\u00e4glich mit ausgew\u00e4hlten Zutaten zubereitet<\/li>\n<li><strong>Warme Croissants<\/strong> und <strong>fluffige Pancakes<\/strong><\/li>\n<li><strong>Frisches Obst<\/strong> der Saison und <strong>N\u00fcsse<\/strong><\/li>\n<li><strong>Joghurt<\/strong>, <strong>Cerealien<\/strong> und <strong>M\u00fcsli<\/strong> f\u00fcr ein ausgewogenes Fr\u00fchst\u00fcck<\/li>\n<li><strong>Eier, Bacon, Wurst- und K\u00e4sesorten<\/strong> in hoher Qualit\u00e4t f\u00fcr Liebhaber des Herzhaften<\/li>\n<li><strong>Detox-Tees und Kr\u00e4uteraufg\u00fcsse<\/strong> f\u00fcr einen leichten und nat\u00fcrlichen Start in den Tag<\/li>\n<\/ul>\n<p style=\"font-size: 16pt;margin-top: 20px\">\n    <span style=\"color: #22acc5\"><strong>Qualit\u00e4t steht bei uns immer im Mittelpunkt: <\/strong><\/span><br \/>\n    Der <strong><span style=\"color: #b89663\">Cappuccino und der Kaffee<\/span><\/strong> werden von Hand wie in einer Bar mit der Espressomaschine zubereitet.<br \/>\n    Jeden Tag verw\u00f6hnen wir dich mit <strong>hausgemachten Desserts und Kuchen<\/strong>, serviert mit einem L\u00e4cheln und der F\u00fcrsorge, die uns auszeichnet.\n<\/p>\n<p style=\"font-size: 16pt\">\n    Hast du besondere Bed\u00fcrfnisse? Kein Problem! Beim Fr\u00fchst\u00fcck findest du auch <strong><span style=\"color: #22acc5\">Sojamilch<\/span><\/strong>, <strong><span style=\"color: #22acc5\">laktosefreie Milch<\/span><\/strong> und <strong><span style=\"color: #22acc5\">Produkte f\u00fcr Z\u00f6liakie-Betroffene<\/span><\/strong> (auf Anfrage am Vortag bei der Direktion).\n<\/p>\n<p style=\"text-align: center;font-size: 16pt;margin-top: 25px\">\n    <strong><span style=\"color: #b89663\">Energie, Genuss und Wohlbefinden<\/span><\/strong> \u2014 der beste Start in jeden sonnigen Tag voller Meer und Entspannung in Misano Adriatico!\n<\/p>\n<div id='gallery-1' class='gallery galleryid-3003 gallery-columns-3 gallery-size-gallery-thumb'><figure class='gallery-item'>\n\t\t\t<div class='gallery-icon landscape'>\n\t\t\t\t<a href='https:\/\/hotelcaravelmisano.it\/wp-content\/uploads\/2025\/11\/hotel-caravel-misano-colazione-frutta.jpg' data-size=\"450x450\"><img loading=\"lazy\" decoding=\"async\" width=\"450\" height=\"450\" src=\"https:\/\/hotelcaravelmisano.it\/wp-content\/uploads\/2025\/11\/hotel-caravel-misano-colazione-frutta.jpg\" class=\"attachment-gallery-thumb size-gallery-thumb\" alt=\"Frutta fresca e colorata servita a colazione all\u2019Hotel Caravel B&amp;B Misano Adriatico\" srcset=\"https:\/\/hotelcaravelmisano.it\/wp-content\/uploads\/2025\/11\/hotel-caravel-misano-colazione-frutta.jpg 450w, https:\/\/hotelcaravelmisano.it\/wp-content\/uploads\/2025\/11\/hotel-caravel-misano-colazione-frutta-300x300.jpg 300w, https:\/\/hotelcaravelmisano.it\/wp-content\/uploads\/2025\/11\/hotel-caravel-misano-colazione-frutta-150x150.jpg 150w, https:\/\/hotelcaravelmisano.it\/wp-content\/uploads\/2025\/11\/hotel-caravel-misano-colazione-frutta-57x57.jpg 57w, https:\/\/hotelcaravelmisano.it\/wp-content\/uploads\/2025\/11\/hotel-caravel-misano-colazione-frutta-72x72.jpg 72w, https:\/\/hotelcaravelmisano.it\/wp-content\/uploads\/2025\/11\/hotel-caravel-misano-colazione-frutta-114x114.jpg 114w, https:\/\/hotelcaravelmisano.it\/wp-content\/uploads\/2025\/11\/hotel-caravel-misano-colazione-frutta-144x144.jpg 144w, https:\/\/hotelcaravelmisano.it\/wp-content\/uploads\/2025\/11\/hotel-caravel-misano-colazione-frutta-290x290.jpg 290w\" sizes=\"auto, (max-width: 450px) 100vw, 450px\" \/><\/a>\n\t\t\t<\/div><\/figure><figure class='gallery-item'>\n\t\t\t<div class='gallery-icon landscape'>\n\t\t\t\t<a href='https:\/\/hotelcaravelmisano.it\/wp-content\/uploads\/2025\/11\/hotel-caravel-bb-colazione-croissant.jpg' data-size=\"450x450\"><img loading=\"lazy\" decoding=\"async\" width=\"450\" height=\"450\" src=\"https:\/\/hotelcaravelmisano.it\/wp-content\/uploads\/2025\/11\/hotel-caravel-bb-colazione-croissant.jpg\" class=\"attachment-gallery-thumb size-gallery-thumb\" alt=\"Croissant caldi e fragranti al buffet colazione dell\u2019Hotel Caravel B&amp;B Misano Adriatico\" srcset=\"https:\/\/hotelcaravelmisano.it\/wp-content\/uploads\/2025\/11\/hotel-caravel-bb-colazione-croissant.jpg 450w, https:\/\/hotelcaravelmisano.it\/wp-content\/uploads\/2025\/11\/hotel-caravel-bb-colazione-croissant-300x300.jpg 300w, https:\/\/hotelcaravelmisano.it\/wp-content\/uploads\/2025\/11\/hotel-caravel-bb-colazione-croissant-150x150.jpg 150w, https:\/\/hotelcaravelmisano.it\/wp-content\/uploads\/2025\/11\/hotel-caravel-bb-colazione-croissant-57x57.jpg 57w, https:\/\/hotelcaravelmisano.it\/wp-content\/uploads\/2025\/11\/hotel-caravel-bb-colazione-croissant-72x72.jpg 72w, https:\/\/hotelcaravelmisano.it\/wp-content\/uploads\/2025\/11\/hotel-caravel-bb-colazione-croissant-114x114.jpg 114w, https:\/\/hotelcaravelmisano.it\/wp-content\/uploads\/2025\/11\/hotel-caravel-bb-colazione-croissant-144x144.jpg 144w, https:\/\/hotelcaravelmisano.it\/wp-content\/uploads\/2025\/11\/hotel-caravel-bb-colazione-croissant-290x290.jpg 290w\" sizes=\"auto, (max-width: 450px) 100vw, 450px\" \/><\/a>\n\t\t\t<\/div><\/figure><figure class='gallery-item'>\n\t\t\t<div class='gallery-icon landscape'>\n\t\t\t\t<a href='https:\/\/hotelcaravelmisano.it\/wp-content\/uploads\/2025\/11\/hotel-caravel-misano-bb-pasticcini-scaled.jpg' data-size=\"2560x2558\"><img loading=\"lazy\" decoding=\"async\" width=\"450\" height=\"450\" src=\"https:\/\/hotelcaravelmisano.it\/wp-content\/uploads\/2025\/11\/hotel-caravel-misano-bb-pasticcini-450x450.jpg\" class=\"attachment-gallery-thumb size-gallery-thumb\" alt=\"Biscotti appena sfornati al buffet dolce dell\u2019Hotel Caravel Misano Adriatico\" srcset=\"https:\/\/hotelcaravelmisano.it\/wp-content\/uploads\/2025\/11\/hotel-caravel-misano-bb-pasticcini-450x450.jpg 450w, https:\/\/hotelcaravelmisano.it\/wp-content\/uploads\/2025\/11\/hotel-caravel-misano-bb-pasticcini-300x300.jpg 300w, https:\/\/hotelcaravelmisano.it\/wp-content\/uploads\/2025\/11\/hotel-caravel-misano-bb-pasticcini-1024x1024.jpg 1024w, https:\/\/hotelcaravelmisano.it\/wp-content\/uploads\/2025\/11\/hotel-caravel-misano-bb-pasticcini-150x150.jpg 150w, https:\/\/hotelcaravelmisano.it\/wp-content\/uploads\/2025\/11\/hotel-caravel-misano-bb-pasticcini-768x767.jpg 768w, https:\/\/hotelcaravelmisano.it\/wp-content\/uploads\/2025\/11\/hotel-caravel-misano-bb-pasticcini-1536x1536.jpg 1536w, https:\/\/hotelcaravelmisano.it\/wp-content\/uploads\/2025\/11\/hotel-caravel-misano-bb-pasticcini-2048x2046.jpg 2048w, https:\/\/hotelcaravelmisano.it\/wp-content\/uploads\/2025\/11\/hotel-caravel-misano-bb-pasticcini-57x57.jpg 57w, https:\/\/hotelcaravelmisano.it\/wp-content\/uploads\/2025\/11\/hotel-caravel-misano-bb-pasticcini-72x72.jpg 72w, https:\/\/hotelcaravelmisano.it\/wp-content\/uploads\/2025\/11\/hotel-caravel-misano-bb-pasticcini-114x114.jpg 114w, https:\/\/hotelcaravelmisano.it\/wp-content\/uploads\/2025\/11\/hotel-caravel-misano-bb-pasticcini-144x144.jpg 144w, https:\/\/hotelcaravelmisano.it\/wp-content\/uploads\/2025\/11\/hotel-caravel-misano-bb-pasticcini-290x290.jpg 290w, https:\/\/hotelcaravelmisano.it\/wp-content\/uploads\/2025\/11\/hotel-caravel-misano-bb-pasticcini-600x600.jpg 600w\" sizes=\"auto, (max-width: 450px) 100vw, 450px\" \/><\/a>\n\t\t\t<\/div><\/figure><figure class='gallery-item'>\n\t\t\t<div class='gallery-icon portrait'>\n\t\t\t\t<a href='https:\/\/hotelcaravelmisano.it\/wp-content\/uploads\/2025\/11\/hotel-caravel-misano-bb-muffin.jpg' data-size=\"1125x1127\"><img loading=\"lazy\" decoding=\"async\" width=\"450\" height=\"450\" src=\"https:\/\/hotelcaravelmisano.it\/wp-content\/uploads\/2025\/11\/hotel-caravel-misano-bb-muffin-450x450.jpg\" class=\"attachment-gallery-thumb size-gallery-thumb\" alt=\"Muffin artigianali al buffet dolce dell\u2019Hotel Caravel Misano Adriatico\" aria-describedby=\"gallery-1-4917\" srcset=\"https:\/\/hotelcaravelmisano.it\/wp-content\/uploads\/2025\/11\/hotel-caravel-misano-bb-muffin-450x450.jpg 450w, https:\/\/hotelcaravelmisano.it\/wp-content\/uploads\/2025\/11\/hotel-caravel-misano-bb-muffin-300x300.jpg 300w, https:\/\/hotelcaravelmisano.it\/wp-content\/uploads\/2025\/11\/hotel-caravel-misano-bb-muffin-1024x1024.jpg 1024w, https:\/\/hotelcaravelmisano.it\/wp-content\/uploads\/2025\/11\/hotel-caravel-misano-bb-muffin-150x150.jpg 150w, https:\/\/hotelcaravelmisano.it\/wp-content\/uploads\/2025\/11\/hotel-caravel-misano-bb-muffin-768x769.jpg 768w, https:\/\/hotelcaravelmisano.it\/wp-content\/uploads\/2025\/11\/hotel-caravel-misano-bb-muffin-57x57.jpg 57w, https:\/\/hotelcaravelmisano.it\/wp-content\/uploads\/2025\/11\/hotel-caravel-misano-bb-muffin-72x72.jpg 72w, https:\/\/hotelcaravelmisano.it\/wp-content\/uploads\/2025\/11\/hotel-caravel-misano-bb-muffin-114x114.jpg 114w, https:\/\/hotelcaravelmisano.it\/wp-content\/uploads\/2025\/11\/hotel-caravel-misano-bb-muffin-144x144.jpg 144w, https:\/\/hotelcaravelmisano.it\/wp-content\/uploads\/2025\/11\/hotel-caravel-misano-bb-muffin-290x290.jpg 290w, https:\/\/hotelcaravelmisano.it\/wp-content\/uploads\/2025\/11\/hotel-caravel-misano-bb-muffin-600x600.jpg 600w, https:\/\/hotelcaravelmisano.it\/wp-content\/uploads\/2025\/11\/hotel-caravel-misano-bb-muffin.jpg 1125w\" sizes=\"auto, (max-width: 450px) 100vw, 450px\" \/><\/a>\n\t\t\t<\/div>\n\t\t\t\t<figcaption class='wp-caption-text gallery-caption' id='gallery-1-4917'>\n\t\t\t\tScreenshot\n\t\t\t\t<\/figcaption><\/figure><figure class='gallery-item'>\n\t\t\t<div class='gallery-icon landscape'>\n\t\t\t\t<a href='https:\/\/hotelcaravelmisano.it\/wp-content\/uploads\/2025\/11\/hotel-caravel-bb-misano-torta.jpg' data-size=\"720x720\"><img loading=\"lazy\" decoding=\"async\" width=\"450\" height=\"450\" src=\"https:\/\/hotelcaravelmisano.it\/wp-content\/uploads\/2025\/11\/hotel-caravel-bb-misano-torta-450x450.jpg\" class=\"attachment-gallery-thumb size-gallery-thumb\" alt=\"Dolcetti artigianali e piccola pasticceria al buffet dolce dell\u2019Hotel Caravel Misano Adriatico\" srcset=\"https:\/\/hotelcaravelmisano.it\/wp-content\/uploads\/2025\/11\/hotel-caravel-bb-misano-torta-450x450.jpg 450w, https:\/\/hotelcaravelmisano.it\/wp-content\/uploads\/2025\/11\/hotel-caravel-bb-misano-torta-300x300.jpg 300w, https:\/\/hotelcaravelmisano.it\/wp-content\/uploads\/2025\/11\/hotel-caravel-bb-misano-torta-150x150.jpg 150w, https:\/\/hotelcaravelmisano.it\/wp-content\/uploads\/2025\/11\/hotel-caravel-bb-misano-torta-57x57.jpg 57w, https:\/\/hotelcaravelmisano.it\/wp-content\/uploads\/2025\/11\/hotel-caravel-bb-misano-torta-72x72.jpg 72w, https:\/\/hotelcaravelmisano.it\/wp-content\/uploads\/2025\/11\/hotel-caravel-bb-misano-torta-114x114.jpg 114w, https:\/\/hotelcaravelmisano.it\/wp-content\/uploads\/2025\/11\/hotel-caravel-bb-misano-torta-144x144.jpg 144w, https:\/\/hotelcaravelmisano.it\/wp-content\/uploads\/2025\/11\/hotel-caravel-bb-misano-torta-290x290.jpg 290w, https:\/\/hotelcaravelmisano.it\/wp-content\/uploads\/2025\/11\/hotel-caravel-bb-misano-torta-600x600.jpg 600w, https:\/\/hotelcaravelmisano.it\/wp-content\/uploads\/2025\/11\/hotel-caravel-bb-misano-torta.jpg 720w\" sizes=\"auto, (max-width: 450px) 100vw, 450px\" \/><\/a>\n\t\t\t<\/div><\/figure><figure class='gallery-item'>\n\t\t\t<div class='gallery-icon portrait'>\n\t\t\t\t<a href='https:\/\/hotelcaravelmisano.it\/wp-content\/uploads\/2025\/11\/hotel-caravel-spremuta.jpg' data-size=\"1902x1903\"><img loading=\"lazy\" decoding=\"async\" width=\"450\" height=\"450\" src=\"https:\/\/hotelcaravelmisano.it\/wp-content\/uploads\/2025\/11\/hotel-caravel-spremuta-450x450.jpg\" class=\"attachment-gallery-thumb size-gallery-thumb\" alt=\"Spremuta d\u2019arancia fresca servita a colazione all\u2019Hotel Caravel Misano Adriatico\" srcset=\"https:\/\/hotelcaravelmisano.it\/wp-content\/uploads\/2025\/11\/hotel-caravel-spremuta-450x450.jpg 450w, https:\/\/hotelcaravelmisano.it\/wp-content\/uploads\/2025\/11\/hotel-caravel-spremuta-300x300.jpg 300w, https:\/\/hotelcaravelmisano.it\/wp-content\/uploads\/2025\/11\/hotel-caravel-spremuta-1024x1024.jpg 1024w, https:\/\/hotelcaravelmisano.it\/wp-content\/uploads\/2025\/11\/hotel-caravel-spremuta-150x150.jpg 150w, https:\/\/hotelcaravelmisano.it\/wp-content\/uploads\/2025\/11\/hotel-caravel-spremuta-768x768.jpg 768w, https:\/\/hotelcaravelmisano.it\/wp-content\/uploads\/2025\/11\/hotel-caravel-spremuta-1536x1536.jpg 1536w, https:\/\/hotelcaravelmisano.it\/wp-content\/uploads\/2025\/11\/hotel-caravel-spremuta-57x57.jpg 57w, https:\/\/hotelcaravelmisano.it\/wp-content\/uploads\/2025\/11\/hotel-caravel-spremuta-72x72.jpg 72w, https:\/\/hotelcaravelmisano.it\/wp-content\/uploads\/2025\/11\/hotel-caravel-spremuta-114x114.jpg 114w, https:\/\/hotelcaravelmisano.it\/wp-content\/uploads\/2025\/11\/hotel-caravel-spremuta-144x144.jpg 144w, https:\/\/hotelcaravelmisano.it\/wp-content\/uploads\/2025\/11\/hotel-caravel-spremuta-290x290.jpg 290w, https:\/\/hotelcaravelmisano.it\/wp-content\/uploads\/2025\/11\/hotel-caravel-spremuta-600x600.jpg 600w, https:\/\/hotelcaravelmisano.it\/wp-content\/uploads\/2025\/11\/hotel-caravel-spremuta.jpg 1902w\" sizes=\"auto, (max-width: 450px) 100vw, 450px\" \/><\/a>\n\t\t\t<\/div><\/figure><figure class='gallery-item'>\n\t\t\t<div class='gallery-icon landscape'>\n\t\t\t\t<a href='https:\/\/hotelcaravelmisano.it\/wp-content\/uploads\/2025\/11\/hote-caravel-misano-colazione-caffe.jpg' data-size=\"450x450\"><img loading=\"lazy\" decoding=\"async\" width=\"450\" height=\"450\" src=\"https:\/\/hotelcaravelmisano.it\/wp-content\/uploads\/2025\/11\/hote-caravel-misano-colazione-caffe.jpg\" class=\"attachment-gallery-thumb size-gallery-thumb\" alt=\"Caff\u00e8 espresso appena preparato servito a colazione all\u2019Hotel Caravel B&amp;B Misano Adriatico\" srcset=\"https:\/\/hotelcaravelmisano.it\/wp-content\/uploads\/2025\/11\/hote-caravel-misano-colazione-caffe.jpg 450w, https:\/\/hotelcaravelmisano.it\/wp-content\/uploads\/2025\/11\/hote-caravel-misano-colazione-caffe-300x300.jpg 300w, https:\/\/hotelcaravelmisano.it\/wp-content\/uploads\/2025\/11\/hote-caravel-misano-colazione-caffe-150x150.jpg 150w, https:\/\/hotelcaravelmisano.it\/wp-content\/uploads\/2025\/11\/hote-caravel-misano-colazione-caffe-57x57.jpg 57w, https:\/\/hotelcaravelmisano.it\/wp-content\/uploads\/2025\/11\/hote-caravel-misano-colazione-caffe-72x72.jpg 72w, https:\/\/hotelcaravelmisano.it\/wp-content\/uploads\/2025\/11\/hote-caravel-misano-colazione-caffe-114x114.jpg 114w, https:\/\/hotelcaravelmisano.it\/wp-content\/uploads\/2025\/11\/hote-caravel-misano-colazione-caffe-144x144.jpg 144w, https:\/\/hotelcaravelmisano.it\/wp-content\/uploads\/2025\/11\/hote-caravel-misano-colazione-caffe-290x290.jpg 290w\" sizes=\"auto, (max-width: 450px) 100vw, 450px\" \/><\/a>\n\t\t\t<\/div><\/figure><figure class='gallery-item'>\n\t\t\t<div class='gallery-icon landscape'>\n\t\t\t\t<a href='https:\/\/hotelcaravelmisano.it\/wp-content\/uploads\/2025\/11\/hotel-caravel-misano-colazione-muesli.jpg' data-size=\"450x450\"><img loading=\"lazy\" decoding=\"async\" width=\"450\" height=\"450\" src=\"https:\/\/hotelcaravelmisano.it\/wp-content\/uploads\/2025\/11\/hotel-caravel-misano-colazione-muesli.jpg\" class=\"attachment-gallery-thumb size-gallery-thumb\" alt=\"Muesli croccante con cereali e frutta secca servito a colazione all\u2019Hotel Caravel Misano Adriatico\" srcset=\"https:\/\/hotelcaravelmisano.it\/wp-content\/uploads\/2025\/11\/hotel-caravel-misano-colazione-muesli.jpg 450w, https:\/\/hotelcaravelmisano.it\/wp-content\/uploads\/2025\/11\/hotel-caravel-misano-colazione-muesli-300x300.jpg 300w, https:\/\/hotelcaravelmisano.it\/wp-content\/uploads\/2025\/11\/hotel-caravel-misano-colazione-muesli-150x150.jpg 150w, https:\/\/hotelcaravelmisano.it\/wp-content\/uploads\/2025\/11\/hotel-caravel-misano-colazione-muesli-57x57.jpg 57w, https:\/\/hotelcaravelmisano.it\/wp-content\/uploads\/2025\/11\/hotel-caravel-misano-colazione-muesli-72x72.jpg 72w, https:\/\/hotelcaravelmisano.it\/wp-content\/uploads\/2025\/11\/hotel-caravel-misano-colazione-muesli-114x114.jpg 114w, https:\/\/hotelcaravelmisano.it\/wp-content\/uploads\/2025\/11\/hotel-caravel-misano-colazione-muesli-144x144.jpg 144w, https:\/\/hotelcaravelmisano.it\/wp-content\/uploads\/2025\/11\/hotel-caravel-misano-colazione-muesli-290x290.jpg 290w\" sizes=\"auto, (max-width: 450px) 100vw, 450px\" \/><\/a>\n\t\t\t<\/div><\/figure>\n\t\t<\/div>\n\n<p>&nbsp;<\/p>\n","protected":false},"excerpt":{"rendered":"<p>Beginne den Tag mit dem Duft von Kaffee und dem Licht des Morgens. Im Hotel Caravel in Misano Adriatico ist das Fr\u00fchst\u00fcck ein Moment echten Wohlbefindens \u2013 ein kleiner, t\u00e4glicher Genuss, den du in aller Ruhe in unserem vollst\u00e4ndig renovierten Fr\u00fchst\u00fccksraum genie\u00dfen kannst, hell und einladend. Von 07:30 bis 11:00 erwartet dich ein reichhaltiges s\u00fc\u00dfes und herzhaftes Buffet, das dir bereits mit dem ersten Bissen Energie und Genuss schenkt. Hausgemachte &#8230;<\/p>\n","protected":false},"author":1,"featured_media":3423,"parent":0,"menu_order":0,"comment_status":"closed","ping_status":"closed","template":"","meta":{"_acf_changed":false},"class_list":["post-3003","page","type-page","status-publish","has-post-thumbnail","hentry"],"acf":[],"_links":{"self":[{"href":"https:\/\/hotelcaravelmisano.it\/de\/wp-json\/wp\/v2\/pages\/3003","targetHints":{"allow":["GET"]}}],"collection":[{"href":"https:\/\/hotelcaravelmisano.it\/de\/wp-json\/wp\/v2\/pages"}],"about":[{"href":"https:\/\/hotelcaravelmisano.it\/de\/wp-json\/wp\/v2\/types\/page"}],"author":[{"embeddable":true,"href":"https:\/\/hotelcaravelmisano.it\/de\/wp-json\/wp\/v2\/users\/1"}],"replies":[{"embeddable":true,"href":"https:\/\/hotelcaravelmisano.it\/de\/wp-json\/wp\/v2\/comments?post=3003"}],"version-history":[{"count":0,"href":"https:\/\/hotelcaravelmisano.it\/de\/wp-json\/wp\/v2\/pages\/3003\/revisions"}],"wp:featuredmedia":[{"embeddable":true,"href":"https:\/\/hotelcaravelmisano.it\/de\/wp-json\/wp\/v2\/media\/3423"}],"wp:attachment":[{"href":"https:\/\/hotelcaravelmisano.it\/de\/wp-json\/wp\/v2\/media?parent=3003"}],"curies":[{"name":"wp","href":"https:\/\/api.w.org\/{rel}","templated":true}]}}