{"id":2987,"date":"2017-09-08T11:53:45","date_gmt":"2017-09-08T09:53:45","guid":{"rendered":"https:\/\/hotelcaravelmisano.itpiscina\/"},"modified":"2025-11-20T12:31:45","modified_gmt":"2025-11-20T11:31:45","slug":"pool","status":"publish","type":"page","link":"https:\/\/hotelcaravelmisano.it\/de\/pool\/","title":{"rendered":"Privater Pool und Ruhebereich"},"content":{"rendered":"<p>\nStell dir vor, du wachst mit strahlendem Sonnenschein auf und hast die Freiheit zu w\u00e4hlen: ein erfrischender Sprung ins Wasser, ein Moment der Entspannung im Whirlpool oder ein Nachmittag voller Spiele und Lachen mit deinen Kindern.<br \/>\nIm <strong>Hotel Caravel B&amp;B in Misano Adriatico<\/strong> erwartet dich ein <strong>gro\u00dfer Pool mit Solarium<\/strong> \u2013 perfekt, um jeden Moment deines Urlaubs in bestem Komfort zu genie\u00dfen.\n<\/p>\n<h2 style=\"color: #ad8b63\">Ein Pool f\u00fcr alle: Entspannung, Spa\u00df und Wohlbefinden<\/h2>\n<p>\nUnser <strong>Pool f\u00fcr Erwachsene<\/strong> (22 x 13 m) ist gro\u00dfz\u00fcgig und einladend, <strong>ausgestattet mit einer Wasserrutsche und einem Whirlpool<\/strong>, ideal zum Entspannen oder Spa\u00dfhaben in der Sonne.<br \/>\nRundherum erstreckt sich eine <strong>gro\u00dfe Sonnenterrasse<\/strong> mit kostenlosen Sonnenliegen und Sonnenschirmen \u2013 perfekt f\u00fcr deine Auszeit in absoluter Ruhe.\n<\/p>\n<p>\nF\u00fcr die Kleinen gibt es einen <strong>bunten Kinderpool<\/strong> mit <strong>seichtem Wasser und einem eigenen Spielbereich<\/strong>, ideal zum sicheren Spielen und Spa\u00dfhaben.\n<\/p>\n<h2 style=\"color: #ad8b63\">Bar und schattige Relax-Zone<\/h2>\n<p>\nNur wenige Schritte vom Wasser entfernt befindet sich die <strong>Poolbar<\/strong> \u2013 der perfekte Ort, um sich mit einem Snack, einem Eis oder einem Drink zu erfrischen.<br \/>\nEin ruhiger Bereich, in dem du den echten Sommergeist genie\u00dfen kannst: Entspannung, Geselligkeit und Genuss.\n<\/p>\n<h2 style=\"color: #ad8b63\">Entspannung und Wohlbefinden unter der Sonne von Misano<\/h2>\n<p>\nWenn du ein <strong>Hotel mit Pool in Misano Adriatico<\/strong> suchst, das Spa\u00df, Komfort und Wohlbefinden vereint, ist das <strong>Hotel Caravel B&amp;B<\/strong> die perfekte Wahl.<br \/>\nLass dich von unserem Team verw\u00f6hnen und erlebe unbeschwerte Tage voller Sonne, L\u00e4cheln und unvergesslicher Momente im Wasser.\n<\/p>\n<div id='gallery-1' class='gallery galleryid-2987 gallery-columns-3 gallery-size-gallery-thumb'><figure class='gallery-item'>\n\t\t\t<div class='gallery-icon landscape'>\n\t\t\t\t<a href='https:\/\/hotelcaravelmisano.it\/wp-content\/uploads\/2025\/11\/hotel-caravel-misano-scivolo-alto.jpg' data-size=\"532x532\"><img loading=\"lazy\" decoding=\"async\" width=\"450\" height=\"450\" src=\"https:\/\/hotelcaravelmisano.it\/wp-content\/uploads\/2025\/11\/hotel-caravel-misano-scivolo-alto-450x450.jpg\" class=\"attachment-gallery-thumb size-gallery-thumb\" alt=\"Scivolo della piscina visto dall\u2019alto all\u2019Hotel Caravel B&amp;B di Misano Adriatico\" srcset=\"https:\/\/hotelcaravelmisano.it\/wp-content\/uploads\/2025\/11\/hotel-caravel-misano-scivolo-alto-450x450.jpg 450w, https:\/\/hotelcaravelmisano.it\/wp-content\/uploads\/2025\/11\/hotel-caravel-misano-scivolo-alto-300x300.jpg 300w, https:\/\/hotelcaravelmisano.it\/wp-content\/uploads\/2025\/11\/hotel-caravel-misano-scivolo-alto-150x150.jpg 150w, https:\/\/hotelcaravelmisano.it\/wp-content\/uploads\/2025\/11\/hotel-caravel-misano-scivolo-alto-57x57.jpg 57w, https:\/\/hotelcaravelmisano.it\/wp-content\/uploads\/2025\/11\/hotel-caravel-misano-scivolo-alto-72x72.jpg 72w, https:\/\/hotelcaravelmisano.it\/wp-content\/uploads\/2025\/11\/hotel-caravel-misano-scivolo-alto-114x114.jpg 114w, https:\/\/hotelcaravelmisano.it\/wp-content\/uploads\/2025\/11\/hotel-caravel-misano-scivolo-alto-144x144.jpg 144w, https:\/\/hotelcaravelmisano.it\/wp-content\/uploads\/2025\/11\/hotel-caravel-misano-scivolo-alto-290x290.jpg 290w, https:\/\/hotelcaravelmisano.it\/wp-content\/uploads\/2025\/11\/hotel-caravel-misano-scivolo-alto.jpg 532w\" sizes=\"auto, (max-width: 450px) 100vw, 450px\" \/><\/a>\n\t\t\t<\/div><\/figure><figure class='gallery-item'>\n\t\t\t<div class='gallery-icon landscape'>\n\t\t\t\t<a href='https:\/\/hotelcaravelmisano.it\/wp-content\/uploads\/2025\/11\/hotel-caravel-misano-piscina-dettaglio.jpg' data-size=\"838x838\"><img loading=\"lazy\" decoding=\"async\" width=\"450\" height=\"450\" src=\"https:\/\/hotelcaravelmisano.it\/wp-content\/uploads\/2025\/11\/hotel-caravel-misano-piscina-dettaglio-450x450.jpg\" class=\"attachment-gallery-thumb size-gallery-thumb\" alt=\"Dettaglio ravvicinato della piscina dell\u2019Hotel Caravel B&amp;B di Misano Adriatico\" srcset=\"https:\/\/hotelcaravelmisano.it\/wp-content\/uploads\/2025\/11\/hotel-caravel-misano-piscina-dettaglio-450x450.jpg 450w, https:\/\/hotelcaravelmisano.it\/wp-content\/uploads\/2025\/11\/hotel-caravel-misano-piscina-dettaglio-300x300.jpg 300w, https:\/\/hotelcaravelmisano.it\/wp-content\/uploads\/2025\/11\/hotel-caravel-misano-piscina-dettaglio-150x150.jpg 150w, https:\/\/hotelcaravelmisano.it\/wp-content\/uploads\/2025\/11\/hotel-caravel-misano-piscina-dettaglio-768x768.jpg 768w, https:\/\/hotelcaravelmisano.it\/wp-content\/uploads\/2025\/11\/hotel-caravel-misano-piscina-dettaglio-57x57.jpg 57w, https:\/\/hotelcaravelmisano.it\/wp-content\/uploads\/2025\/11\/hotel-caravel-misano-piscina-dettaglio-72x72.jpg 72w, https:\/\/hotelcaravelmisano.it\/wp-content\/uploads\/2025\/11\/hotel-caravel-misano-piscina-dettaglio-114x114.jpg 114w, https:\/\/hotelcaravelmisano.it\/wp-content\/uploads\/2025\/11\/hotel-caravel-misano-piscina-dettaglio-144x144.jpg 144w, https:\/\/hotelcaravelmisano.it\/wp-content\/uploads\/2025\/11\/hotel-caravel-misano-piscina-dettaglio-290x290.jpg 290w, https:\/\/hotelcaravelmisano.it\/wp-content\/uploads\/2025\/11\/hotel-caravel-misano-piscina-dettaglio-600x600.jpg 600w, https:\/\/hotelcaravelmisano.it\/wp-content\/uploads\/2025\/11\/hotel-caravel-misano-piscina-dettaglio.jpg 838w\" sizes=\"auto, (max-width: 450px) 100vw, 450px\" \/><\/a>\n\t\t\t<\/div><\/figure><figure class='gallery-item'>\n\t\t\t<div class='gallery-icon landscape'>\n\t\t\t\t<a href='https:\/\/hotelcaravelmisano.it\/wp-content\/uploads\/2025\/11\/hotel-caravel-bb-misano-scivolo.jpg' data-size=\"928x928\"><img loading=\"lazy\" decoding=\"async\" width=\"450\" height=\"450\" src=\"https:\/\/hotelcaravelmisano.it\/wp-content\/uploads\/2025\/11\/hotel-caravel-bb-misano-scivolo-450x450.jpg\" class=\"attachment-gallery-thumb size-gallery-thumb\" alt=\"Piscina grande dell\u2019Hotel Caravel Misano ideale per relax e divertimento estivo\" srcset=\"https:\/\/hotelcaravelmisano.it\/wp-content\/uploads\/2025\/11\/hotel-caravel-bb-misano-scivolo-450x450.jpg 450w, https:\/\/hotelcaravelmisano.it\/wp-content\/uploads\/2025\/11\/hotel-caravel-bb-misano-scivolo-300x300.jpg 300w, https:\/\/hotelcaravelmisano.it\/wp-content\/uploads\/2025\/11\/hotel-caravel-bb-misano-scivolo-150x150.jpg 150w, https:\/\/hotelcaravelmisano.it\/wp-content\/uploads\/2025\/11\/hotel-caravel-bb-misano-scivolo-768x768.jpg 768w, https:\/\/hotelcaravelmisano.it\/wp-content\/uploads\/2025\/11\/hotel-caravel-bb-misano-scivolo-57x57.jpg 57w, https:\/\/hotelcaravelmisano.it\/wp-content\/uploads\/2025\/11\/hotel-caravel-bb-misano-scivolo-72x72.jpg 72w, https:\/\/hotelcaravelmisano.it\/wp-content\/uploads\/2025\/11\/hotel-caravel-bb-misano-scivolo-114x114.jpg 114w, https:\/\/hotelcaravelmisano.it\/wp-content\/uploads\/2025\/11\/hotel-caravel-bb-misano-scivolo-144x144.jpg 144w, https:\/\/hotelcaravelmisano.it\/wp-content\/uploads\/2025\/11\/hotel-caravel-bb-misano-scivolo-290x290.jpg 290w, https:\/\/hotelcaravelmisano.it\/wp-content\/uploads\/2025\/11\/hotel-caravel-bb-misano-scivolo-600x600.jpg 600w, https:\/\/hotelcaravelmisano.it\/wp-content\/uploads\/2025\/11\/hotel-caravel-bb-misano-scivolo.jpg 928w\" sizes=\"auto, (max-width: 450px) 100vw, 450px\" \/><\/a>\n\t\t\t<\/div><\/figure><figure class='gallery-item'>\n\t\t\t<div class='gallery-icon landscape'>\n\t\t\t\t<a href='https:\/\/hotelcaravelmisano.it\/wp-content\/uploads\/2025\/11\/hotel-caravel-misano-adriatico-piscina-scaled.jpg' data-size=\"2560x2560\"><img loading=\"lazy\" decoding=\"async\" width=\"450\" height=\"450\" src=\"https:\/\/hotelcaravelmisano.it\/wp-content\/uploads\/2025\/11\/hotel-caravel-misano-adriatico-piscina-450x450.jpg\" class=\"attachment-gallery-thumb size-gallery-thumb\" alt=\"Piscina per bambini colorata con scivolo all\u2019Hotel Caravel Misano\" srcset=\"https:\/\/hotelcaravelmisano.it\/wp-content\/uploads\/2025\/11\/hotel-caravel-misano-adriatico-piscina-450x450.jpg 450w, https:\/\/hotelcaravelmisano.it\/wp-content\/uploads\/2025\/11\/hotel-caravel-misano-adriatico-piscina-300x300.jpg 300w, https:\/\/hotelcaravelmisano.it\/wp-content\/uploads\/2025\/11\/hotel-caravel-misano-adriatico-piscina-1024x1024.jpg 1024w, https:\/\/hotelcaravelmisano.it\/wp-content\/uploads\/2025\/11\/hotel-caravel-misano-adriatico-piscina-150x150.jpg 150w, https:\/\/hotelcaravelmisano.it\/wp-content\/uploads\/2025\/11\/hotel-caravel-misano-adriatico-piscina-768x768.jpg 768w, https:\/\/hotelcaravelmisano.it\/wp-content\/uploads\/2025\/11\/hotel-caravel-misano-adriatico-piscina-1536x1536.jpg 1536w, https:\/\/hotelcaravelmisano.it\/wp-content\/uploads\/2025\/11\/hotel-caravel-misano-adriatico-piscina-2048x2048.jpg 2048w, https:\/\/hotelcaravelmisano.it\/wp-content\/uploads\/2025\/11\/hotel-caravel-misano-adriatico-piscina-57x57.jpg 57w, https:\/\/hotelcaravelmisano.it\/wp-content\/uploads\/2025\/11\/hotel-caravel-misano-adriatico-piscina-72x72.jpg 72w, https:\/\/hotelcaravelmisano.it\/wp-content\/uploads\/2025\/11\/hotel-caravel-misano-adriatico-piscina-114x114.jpg 114w, https:\/\/hotelcaravelmisano.it\/wp-content\/uploads\/2025\/11\/hotel-caravel-misano-adriatico-piscina-144x144.jpg 144w, https:\/\/hotelcaravelmisano.it\/wp-content\/uploads\/2025\/11\/hotel-caravel-misano-adriatico-piscina-290x290.jpg 290w, https:\/\/hotelcaravelmisano.it\/wp-content\/uploads\/2025\/11\/hotel-caravel-misano-adriatico-piscina-600x600.jpg 600w\" sizes=\"auto, (max-width: 450px) 100vw, 450px\" \/><\/a>\n\t\t\t<\/div><\/figure><figure class='gallery-item'>\n\t\t\t<div class='gallery-icon portrait'>\n\t\t\t\t<a href='https:\/\/hotelcaravelmisano.it\/wp-content\/uploads\/2025\/11\/hotel-caravel-dettaglio-piscina.jpg' data-size=\"2544x2547\"><img loading=\"lazy\" decoding=\"async\" width=\"450\" height=\"450\" src=\"https:\/\/hotelcaravelmisano.it\/wp-content\/uploads\/2025\/11\/hotel-caravel-dettaglio-piscina-450x450.jpg\" class=\"attachment-gallery-thumb size-gallery-thumb\" alt=\"Primo piano dell\u2019acqua cristallina nella piscina dell\u2019Hotel Caravel Misano\" srcset=\"https:\/\/hotelcaravelmisano.it\/wp-content\/uploads\/2025\/11\/hotel-caravel-dettaglio-piscina-450x450.jpg 450w, https:\/\/hotelcaravelmisano.it\/wp-content\/uploads\/2025\/11\/hotel-caravel-dettaglio-piscina-300x300.jpg 300w, https:\/\/hotelcaravelmisano.it\/wp-content\/uploads\/2025\/11\/hotel-caravel-dettaglio-piscina-1024x1024.jpg 1024w, https:\/\/hotelcaravelmisano.it\/wp-content\/uploads\/2025\/11\/hotel-caravel-dettaglio-piscina-150x150.jpg 150w, https:\/\/hotelcaravelmisano.it\/wp-content\/uploads\/2025\/11\/hotel-caravel-dettaglio-piscina-768x769.jpg 768w, https:\/\/hotelcaravelmisano.it\/wp-content\/uploads\/2025\/11\/hotel-caravel-dettaglio-piscina-1534x1536.jpg 1534w, https:\/\/hotelcaravelmisano.it\/wp-content\/uploads\/2025\/11\/hotel-caravel-dettaglio-piscina-2046x2048.jpg 2046w, https:\/\/hotelcaravelmisano.it\/wp-content\/uploads\/2025\/11\/hotel-caravel-dettaglio-piscina-57x57.jpg 57w, https:\/\/hotelcaravelmisano.it\/wp-content\/uploads\/2025\/11\/hotel-caravel-dettaglio-piscina-72x72.jpg 72w, https:\/\/hotelcaravelmisano.it\/wp-content\/uploads\/2025\/11\/hotel-caravel-dettaglio-piscina-114x114.jpg 114w, https:\/\/hotelcaravelmisano.it\/wp-content\/uploads\/2025\/11\/hotel-caravel-dettaglio-piscina-144x144.jpg 144w, https:\/\/hotelcaravelmisano.it\/wp-content\/uploads\/2025\/11\/hotel-caravel-dettaglio-piscina-290x290.jpg 290w, https:\/\/hotelcaravelmisano.it\/wp-content\/uploads\/2025\/11\/hotel-caravel-dettaglio-piscina-600x600.jpg 600w\" sizes=\"auto, (max-width: 450px) 100vw, 450px\" \/><\/a>\n\t\t\t<\/div><\/figure><figure class='gallery-item'>\n\t\t\t<div class='gallery-icon landscape'>\n\t\t\t\t<a href='https:\/\/hotelcaravelmisano.it\/wp-content\/uploads\/2025\/11\/hote-caravel-bb-idromassaggio-piscina.jpg' data-size=\"768x768\"><img loading=\"lazy\" decoding=\"async\" width=\"450\" height=\"450\" src=\"https:\/\/hotelcaravelmisano.it\/wp-content\/uploads\/2025\/11\/hote-caravel-bb-idromassaggio-piscina-450x450.jpg\" class=\"attachment-gallery-thumb size-gallery-thumb\" alt=\"Dettaglio della piscina con idromassaggio dell\u2019Hotel Caravel Misano Adriatico\" srcset=\"https:\/\/hotelcaravelmisano.it\/wp-content\/uploads\/2025\/11\/hote-caravel-bb-idromassaggio-piscina-450x450.jpg 450w, https:\/\/hotelcaravelmisano.it\/wp-content\/uploads\/2025\/11\/hote-caravel-bb-idromassaggio-piscina-300x300.jpg 300w, https:\/\/hotelcaravelmisano.it\/wp-content\/uploads\/2025\/11\/hote-caravel-bb-idromassaggio-piscina-150x150.jpg 150w, https:\/\/hotelcaravelmisano.it\/wp-content\/uploads\/2025\/11\/hote-caravel-bb-idromassaggio-piscina-57x57.jpg 57w, https:\/\/hotelcaravelmisano.it\/wp-content\/uploads\/2025\/11\/hote-caravel-bb-idromassaggio-piscina-72x72.jpg 72w, https:\/\/hotelcaravelmisano.it\/wp-content\/uploads\/2025\/11\/hote-caravel-bb-idromassaggio-piscina-114x114.jpg 114w, https:\/\/hotelcaravelmisano.it\/wp-content\/uploads\/2025\/11\/hote-caravel-bb-idromassaggio-piscina-144x144.jpg 144w, https:\/\/hotelcaravelmisano.it\/wp-content\/uploads\/2025\/11\/hote-caravel-bb-idromassaggio-piscina-290x290.jpg 290w, https:\/\/hotelcaravelmisano.it\/wp-content\/uploads\/2025\/11\/hote-caravel-bb-idromassaggio-piscina-600x600.jpg 600w, https:\/\/hotelcaravelmisano.it\/wp-content\/uploads\/2025\/11\/hote-caravel-bb-idromassaggio-piscina.jpg 768w\" sizes=\"auto, (max-width: 450px) 100vw, 450px\" \/><\/a>\n\t\t\t<\/div><\/figure><figure class='gallery-item'>\n\t\t\t<div class='gallery-icon landscape'>\n\t\t\t\t<a href='https:\/\/hotelcaravelmisano.it\/wp-content\/uploads\/2025\/11\/hotel-caravel-misano-piscina-di-sera.jpg' data-size=\"928x928\"><img loading=\"lazy\" decoding=\"async\" width=\"450\" height=\"450\" src=\"https:\/\/hotelcaravelmisano.it\/wp-content\/uploads\/2025\/11\/hotel-caravel-misano-piscina-di-sera-450x450.jpg\" class=\"attachment-gallery-thumb size-gallery-thumb\" alt=\"La piscina illuminata dell\u2019Hotel Caravel Misano Adriatico\" srcset=\"https:\/\/hotelcaravelmisano.it\/wp-content\/uploads\/2025\/11\/hotel-caravel-misano-piscina-di-sera-450x450.jpg 450w, https:\/\/hotelcaravelmisano.it\/wp-content\/uploads\/2025\/11\/hotel-caravel-misano-piscina-di-sera-300x300.jpg 300w, https:\/\/hotelcaravelmisano.it\/wp-content\/uploads\/2025\/11\/hotel-caravel-misano-piscina-di-sera-150x150.jpg 150w, https:\/\/hotelcaravelmisano.it\/wp-content\/uploads\/2025\/11\/hotel-caravel-misano-piscina-di-sera-768x768.jpg 768w, https:\/\/hotelcaravelmisano.it\/wp-content\/uploads\/2025\/11\/hotel-caravel-misano-piscina-di-sera-57x57.jpg 57w, https:\/\/hotelcaravelmisano.it\/wp-content\/uploads\/2025\/11\/hotel-caravel-misano-piscina-di-sera-72x72.jpg 72w, https:\/\/hotelcaravelmisano.it\/wp-content\/uploads\/2025\/11\/hotel-caravel-misano-piscina-di-sera-114x114.jpg 114w, https:\/\/hotelcaravelmisano.it\/wp-content\/uploads\/2025\/11\/hotel-caravel-misano-piscina-di-sera-144x144.jpg 144w, https:\/\/hotelcaravelmisano.it\/wp-content\/uploads\/2025\/11\/hotel-caravel-misano-piscina-di-sera-290x290.jpg 290w, https:\/\/hotelcaravelmisano.it\/wp-content\/uploads\/2025\/11\/hotel-caravel-misano-piscina-di-sera-600x600.jpg 600w, https:\/\/hotelcaravelmisano.it\/wp-content\/uploads\/2025\/11\/hotel-caravel-misano-piscina-di-sera.jpg 928w\" sizes=\"auto, (max-width: 450px) 100vw, 450px\" \/><\/a>\n\t\t\t<\/div><\/figure><figure class='gallery-item'>\n\t\t\t<div class='gallery-icon landscape'>\n\t\t\t\t<a href='https:\/\/hotelcaravelmisano.it\/wp-content\/uploads\/2025\/11\/hotel-caravel-misano-bar-piscina-scaled.jpg' data-size=\"2560x2558\"><img loading=\"lazy\" decoding=\"async\" width=\"450\" height=\"450\" src=\"https:\/\/hotelcaravelmisano.it\/wp-content\/uploads\/2025\/11\/hotel-caravel-misano-bar-piscina-450x450.jpg\" class=\"attachment-gallery-thumb size-gallery-thumb\" alt=\"Bar della piscina dell\u2019Hotel Caravel Misano con tavolini all\u2019ombra\" srcset=\"https:\/\/hotelcaravelmisano.it\/wp-content\/uploads\/2025\/11\/hotel-caravel-misano-bar-piscina-450x450.jpg 450w, https:\/\/hotelcaravelmisano.it\/wp-content\/uploads\/2025\/11\/hotel-caravel-misano-bar-piscina-300x300.jpg 300w, https:\/\/hotelcaravelmisano.it\/wp-content\/uploads\/2025\/11\/hotel-caravel-misano-bar-piscina-1024x1024.jpg 1024w, https:\/\/hotelcaravelmisano.it\/wp-content\/uploads\/2025\/11\/hotel-caravel-misano-bar-piscina-150x150.jpg 150w, https:\/\/hotelcaravelmisano.it\/wp-content\/uploads\/2025\/11\/hotel-caravel-misano-bar-piscina-768x767.jpg 768w, https:\/\/hotelcaravelmisano.it\/wp-content\/uploads\/2025\/11\/hotel-caravel-misano-bar-piscina-1536x1536.jpg 1536w, https:\/\/hotelcaravelmisano.it\/wp-content\/uploads\/2025\/11\/hotel-caravel-misano-bar-piscina-2048x2046.jpg 2048w, https:\/\/hotelcaravelmisano.it\/wp-content\/uploads\/2025\/11\/hotel-caravel-misano-bar-piscina-57x57.jpg 57w, https:\/\/hotelcaravelmisano.it\/wp-content\/uploads\/2025\/11\/hotel-caravel-misano-bar-piscina-72x72.jpg 72w, https:\/\/hotelcaravelmisano.it\/wp-content\/uploads\/2025\/11\/hotel-caravel-misano-bar-piscina-114x114.jpg 114w, https:\/\/hotelcaravelmisano.it\/wp-content\/uploads\/2025\/11\/hotel-caravel-misano-bar-piscina-144x144.jpg 144w, https:\/\/hotelcaravelmisano.it\/wp-content\/uploads\/2025\/11\/hotel-caravel-misano-bar-piscina-290x290.jpg 290w, https:\/\/hotelcaravelmisano.it\/wp-content\/uploads\/2025\/11\/hotel-caravel-misano-bar-piscina-600x600.jpg 600w\" sizes=\"auto, (max-width: 450px) 100vw, 450px\" \/><\/a>\n\t\t\t<\/div><\/figure><figure class='gallery-item'>\n\t\t\t<div class='gallery-icon landscape'>\n\t\t\t\t<a href='https:\/\/hotelcaravelmisano.it\/wp-content\/uploads\/2025\/11\/hotel-caravel-misano-giochi-in-piscina.jpg' data-size=\"928x928\"><img loading=\"lazy\" decoding=\"async\" width=\"450\" height=\"450\" src=\"https:\/\/hotelcaravelmisano.it\/wp-content\/uploads\/2025\/11\/hotel-caravel-misano-giochi-in-piscina-450x450.jpg\" class=\"attachment-gallery-thumb size-gallery-thumb\" alt=\"Giochi e divertimenti nella piscina dell&#039;Hotel Caravel di Misano\" srcset=\"https:\/\/hotelcaravelmisano.it\/wp-content\/uploads\/2025\/11\/hotel-caravel-misano-giochi-in-piscina-450x450.jpg 450w, https:\/\/hotelcaravelmisano.it\/wp-content\/uploads\/2025\/11\/hotel-caravel-misano-giochi-in-piscina-300x300.jpg 300w, https:\/\/hotelcaravelmisano.it\/wp-content\/uploads\/2025\/11\/hotel-caravel-misano-giochi-in-piscina-150x150.jpg 150w, https:\/\/hotelcaravelmisano.it\/wp-content\/uploads\/2025\/11\/hotel-caravel-misano-giochi-in-piscina-768x768.jpg 768w, https:\/\/hotelcaravelmisano.it\/wp-content\/uploads\/2025\/11\/hotel-caravel-misano-giochi-in-piscina-57x57.jpg 57w, https:\/\/hotelcaravelmisano.it\/wp-content\/uploads\/2025\/11\/hotel-caravel-misano-giochi-in-piscina-72x72.jpg 72w, https:\/\/hotelcaravelmisano.it\/wp-content\/uploads\/2025\/11\/hotel-caravel-misano-giochi-in-piscina-114x114.jpg 114w, https:\/\/hotelcaravelmisano.it\/wp-content\/uploads\/2025\/11\/hotel-caravel-misano-giochi-in-piscina-144x144.jpg 144w, https:\/\/hotelcaravelmisano.it\/wp-content\/uploads\/2025\/11\/hotel-caravel-misano-giochi-in-piscina-290x290.jpg 290w, https:\/\/hotelcaravelmisano.it\/wp-content\/uploads\/2025\/11\/hotel-caravel-misano-giochi-in-piscina-600x600.jpg 600w, https:\/\/hotelcaravelmisano.it\/wp-content\/uploads\/2025\/11\/hotel-caravel-misano-giochi-in-piscina.jpg 928w\" sizes=\"auto, (max-width: 450px) 100vw, 450px\" \/><\/a>\n\t\t\t<\/div><\/figure><figure class='gallery-item'>\n\t\t\t<div class='gallery-icon landscape'>\n\t\t\t\t<a href='https:\/\/hotelcaravelmisano.it\/wp-content\/uploads\/2025\/11\/hotel-caravel-misano-facciata-laterale.jpg' data-size=\"928x928\"><img loading=\"lazy\" decoding=\"async\" width=\"450\" height=\"450\" src=\"https:\/\/hotelcaravelmisano.it\/wp-content\/uploads\/2025\/11\/hotel-caravel-misano-facciata-laterale-450x450.jpg\" class=\"attachment-gallery-thumb size-gallery-thumb\" alt=\"La facciata anteriore vista lateralmente dell&#039;Hotel Caravel B&amp;B\" srcset=\"https:\/\/hotelcaravelmisano.it\/wp-content\/uploads\/2025\/11\/hotel-caravel-misano-facciata-laterale-450x450.jpg 450w, https:\/\/hotelcaravelmisano.it\/wp-content\/uploads\/2025\/11\/hotel-caravel-misano-facciata-laterale-300x300.jpg 300w, https:\/\/hotelcaravelmisano.it\/wp-content\/uploads\/2025\/11\/hotel-caravel-misano-facciata-laterale-150x150.jpg 150w, https:\/\/hotelcaravelmisano.it\/wp-content\/uploads\/2025\/11\/hotel-caravel-misano-facciata-laterale-768x768.jpg 768w, https:\/\/hotelcaravelmisano.it\/wp-content\/uploads\/2025\/11\/hotel-caravel-misano-facciata-laterale-57x57.jpg 57w, https:\/\/hotelcaravelmisano.it\/wp-content\/uploads\/2025\/11\/hotel-caravel-misano-facciata-laterale-72x72.jpg 72w, https:\/\/hotelcaravelmisano.it\/wp-content\/uploads\/2025\/11\/hotel-caravel-misano-facciata-laterale-114x114.jpg 114w, https:\/\/hotelcaravelmisano.it\/wp-content\/uploads\/2025\/11\/hotel-caravel-misano-facciata-laterale-144x144.jpg 144w, https:\/\/hotelcaravelmisano.it\/wp-content\/uploads\/2025\/11\/hotel-caravel-misano-facciata-laterale-290x290.jpg 290w, https:\/\/hotelcaravelmisano.it\/wp-content\/uploads\/2025\/11\/hotel-caravel-misano-facciata-laterale-600x600.jpg 600w, https:\/\/hotelcaravelmisano.it\/wp-content\/uploads\/2025\/11\/hotel-caravel-misano-facciata-laterale.jpg 928w\" sizes=\"auto, (max-width: 450px) 100vw, 450px\" \/><\/a>\n\t\t\t<\/div><\/figure><figure class='gallery-item'>\n\t\t\t<div class='gallery-icon landscape'>\n\t\t\t\t<a href='https:\/\/hotelcaravelmisano.it\/wp-content\/uploads\/2025\/11\/hotel-caravel-misano-facciata.jpg' data-size=\"928x928\"><img loading=\"lazy\" decoding=\"async\" width=\"450\" height=\"450\" src=\"https:\/\/hotelcaravelmisano.it\/wp-content\/uploads\/2025\/11\/hotel-caravel-misano-facciata-450x450.jpg\" class=\"attachment-gallery-thumb size-gallery-thumb\" alt=\"La facciata anteriore dell&#039;Hotel Caravel B&amp;B di Misano\" srcset=\"https:\/\/hotelcaravelmisano.it\/wp-content\/uploads\/2025\/11\/hotel-caravel-misano-facciata-450x450.jpg 450w, https:\/\/hotelcaravelmisano.it\/wp-content\/uploads\/2025\/11\/hotel-caravel-misano-facciata-300x300.jpg 300w, https:\/\/hotelcaravelmisano.it\/wp-content\/uploads\/2025\/11\/hotel-caravel-misano-facciata-150x150.jpg 150w, https:\/\/hotelcaravelmisano.it\/wp-content\/uploads\/2025\/11\/hotel-caravel-misano-facciata-768x768.jpg 768w, https:\/\/hotelcaravelmisano.it\/wp-content\/uploads\/2025\/11\/hotel-caravel-misano-facciata-57x57.jpg 57w, https:\/\/hotelcaravelmisano.it\/wp-content\/uploads\/2025\/11\/hotel-caravel-misano-facciata-72x72.jpg 72w, https:\/\/hotelcaravelmisano.it\/wp-content\/uploads\/2025\/11\/hotel-caravel-misano-facciata-114x114.jpg 114w, https:\/\/hotelcaravelmisano.it\/wp-content\/uploads\/2025\/11\/hotel-caravel-misano-facciata-144x144.jpg 144w, https:\/\/hotelcaravelmisano.it\/wp-content\/uploads\/2025\/11\/hotel-caravel-misano-facciata-290x290.jpg 290w, https:\/\/hotelcaravelmisano.it\/wp-content\/uploads\/2025\/11\/hotel-caravel-misano-facciata-600x600.jpg 600w, https:\/\/hotelcaravelmisano.it\/wp-content\/uploads\/2025\/11\/hotel-caravel-misano-facciata.jpg 928w\" sizes=\"auto, (max-width: 450px) 100vw, 450px\" \/><\/a>\n\t\t\t<\/div><\/figure>\n\t\t<\/div>\n\n","protected":false},"excerpt":{"rendered":"<p>Stell dir vor, du wachst mit strahlendem Sonnenschein auf und hast die Freiheit zu w\u00e4hlen: ein erfrischender Sprung ins Wasser, ein Moment der Entspannung im Whirlpool oder ein Nachmittag voller Spiele und Lachen mit deinen Kindern. Im Hotel Caravel B&amp;B in Misano Adriatico erwartet dich ein gro\u00dfer Pool mit Solarium \u2013 perfekt, um jeden Moment deines Urlaubs in bestem Komfort zu genie\u00dfen. Ein Pool f\u00fcr alle: Entspannung, Spa\u00df und Wohlbefinden &#8230;<\/p>\n","protected":false},"author":1,"featured_media":4418,"parent":0,"menu_order":0,"comment_status":"closed","ping_status":"closed","template":"","meta":{"_acf_changed":false},"class_list":["post-2987","page","type-page","status-publish","has-post-thumbnail","hentry"],"acf":[],"_links":{"self":[{"href":"https:\/\/hotelcaravelmisano.it\/de\/wp-json\/wp\/v2\/pages\/2987","targetHints":{"allow":["GET"]}}],"collection":[{"href":"https:\/\/hotelcaravelmisano.it\/de\/wp-json\/wp\/v2\/pages"}],"about":[{"href":"https:\/\/hotelcaravelmisano.it\/de\/wp-json\/wp\/v2\/types\/page"}],"author":[{"embeddable":true,"href":"https:\/\/hotelcaravelmisano.it\/de\/wp-json\/wp\/v2\/users\/1"}],"replies":[{"embeddable":true,"href":"https:\/\/hotelcaravelmisano.it\/de\/wp-json\/wp\/v2\/comments?post=2987"}],"version-history":[{"count":0,"href":"https:\/\/hotelcaravelmisano.it\/de\/wp-json\/wp\/v2\/pages\/2987\/revisions"}],"wp:featuredmedia":[{"embeddable":true,"href":"https:\/\/hotelcaravelmisano.it\/de\/wp-json\/wp\/v2\/media\/4418"}],"wp:attachment":[{"href":"https:\/\/hotelcaravelmisano.it\/de\/wp-json\/wp\/v2\/media?parent=2987"}],"curies":[{"name":"wp","href":"https:\/\/api.w.org\/{rel}","templated":true}]}}