{"id":2980,"date":"2018-08-30T10:09:57","date_gmt":"2018-08-30T08:09:57","guid":{"rendered":"https:\/\/hotelcaravelmisano.itpagina-di-esempio\/"},"modified":"2025-12-25T23:45:25","modified_gmt":"2025-12-25T22:45:25","slug":"pagina-di-esempio","status":"publish","type":"page","link":"https:\/\/hotelcaravelmisano.it\/de\/","title":{"rendered":"Hotel Caravel B&amp;B \u2013 Hotel in Misano Adriatico mit Pool"},"content":{"rendered":"<p style=\"text-align: center\"><span style=\"font-size: 16pt;margin-bottom: 40px\"><em>Nur 100 Meter vom Strand entfernt, im Zentrum von Misano Adriatico, findest du alles, was du f\u00fcr einen <strong>unvergesslichen Sommerurlaub<\/strong> brauchst: Sonne, Meer, Pool, Komfort und echte romagnolische Gastfreundschaft.<\/em><\/span><\/p>\n<hr \/>\n<h2 style=\"color: #1394ad;font-size: 20pt;margin-bottom: 20px;margin-top: 60px;text-align: left\"><strong><a style=\"color: #22acc5\" href=\"https:\/\/hotelcaravelmisano.it\/de\/pool\/\">Privater Pool und Relaxbereich<\/a>:<\/strong><\/h2>\n<p style=\"text-align: left;font-size: 14pt;line-height: 1.6\">unsere Mission ist es, dir einige Tage voller Entspannung und Spa\u00df zu schenken, ganz gleich, ob du als Paar, mit Freunden oder mit der ganzen Familie reist. Das Herzst\u00fcck des Caravel ist der private Pool Adriapark, direkt gegen\u00fcber dem Hotel: eine komplette Anlage mit farbenfrohem Kinderbecken, gro\u00dfem Erwachsenenpool von ca. 280 m\u00b2, Wasserrutsche, Hydromassage, Beach-Tennis und Volleyballfeldern, Spielbereich, Barzone und gro\u00dfz\u00fcgigem Solarium mit Liegen und Sonnenschirmen. Ein wahres Paradies f\u00fcr alle, die ein <strong>Hotel mit Pool in Misano Adriatico<\/strong> suchen \u2013 ideal f\u00fcr Familien und Kinder.<\/p>\n<h2 style=\"font-size: 20pt;color: #1394ad;margin-bottom: 20px;margin-top: 60px;text-align: left\"><strong><a style=\"color: #22acc5\" href=\"https:\/\/hotelcaravelmisano.it\/de\/colazione-del-benessere\/\">Fr\u00fchst\u00fcck des Wohlbefindens<\/a>:<\/strong><\/h2>\n<p style=\"text-align: left;font-size: 14pt;line-height: 1.6\">jeden Morgen erwartet dich unser beliebtes <strong>Fr\u00fchst\u00fcck des Wohlbefindens<\/strong> (von 07:30 bis 11:00 Uhr): hausgemachte Kuchen und Kekse, Croissants, Pancakes, frisches Obst, Joghurt, M\u00fcsli, Eier, Aufschnitt und K\u00e4se. Au\u00dferdem Detox-Wasser mit Minze-Limette, Ingwer-Zitrone und Gurke. Du kannst Cappuccino mit frischer Milch, laktosefreier Milch oder Sojamilch sowie Espresso wie an der Bar genie\u00dfen. Der perfekte Start in deinen <strong>Sommerurlaub am Meer in Misano Adriatico<\/strong> \u2013 voller Energie!<\/p>\n<h2 style=\"font-size: 20pt;color: #1394ad;margin-bottom: 20px;margin-top: 60px;text-align: left\"><strong><a style=\"color: #22acc5\" href=\"https:\/\/hotelcaravelmisano.it\/de\/camere\/le-camere\/\">Komfortable Zimmer mit Meerblick:<\/a><\/strong><\/h2>\n<p style=\"text-align: left;font-size: 14pt;line-height: 1.6\">unsere <strong>Zimmer<\/strong> sind elegant und gem\u00fctlich eingerichtet und mit allen Annehmlichkeiten ausgestattet, damit du jeden Moment in v\u00f6lliger Entspannung genie\u00dfen kannst. Im f\u00fcnften Stock befinden sich die <strong>Zimmer mit Meerblick<\/strong>, mit panoramischen Terrassen, die einen atemberaubenden Blick auf die Riviera bieten.<\/p>\n<h2 style=\"font-size: 20pt;color: #1394ad;margin-bottom: 20px;margin-top: 60px;text-align: left\"><strong><a style=\"color: #22acc5\" href=\"https:\/\/hotelcaravelmisano.it\/de\/kostenloser-privater-parkplatz\/\">Kostenloser Parkplatz und ideale Lage:<\/a><\/strong><\/h2>\n<p style=\"text-align: left;font-size: 14pt;line-height: 1.6\">unseren G\u00e4sten steht ein <strong>kostenloser, privater und \u00fcberdachter Parkplatz<\/strong> nur 50 Meter vom Hotel entfernt zur Verf\u00fcgung \u2013 ein seltener Vorteil in Misano Adriatico! Wir befinden uns in Strandn\u00e4he, im Zentrum und nur wenige Minuten vom <strong>Misano World Circuit \u201eMarco Simoncelli\u201c<\/strong> entfernt \u2013 die perfekte Lage f\u00fcr alle, die ein <strong>Hotel in Misano Adriatico mit Pool und Parkplatz<\/strong> suchen.<\/p>\n<p>&nbsp;<\/p>\n<hr \/>\n<p style=\"font-family: 'Georgia', 'Times New Roman', serif;font-size: 25px;font-style: italic;color: #ab8c6b;text-align: center;margin: 70px 0 70px 0;line-height: 1.6\">Ob Gesch\u00e4ftsreise oder <strong>Urlaub in Misano Adriatico<\/strong> \u2013 im Caravel findest du eine famili\u00e4re, gepflegte und entspannte Atmosph\u00e4re. Unsere langj\u00e4hrige Erfahrung in der Gastfreundschaft macht deinen Aufenthalt besonders, ruhig und voller sch\u00f6ner Momente. Buche deinen Sommerurlaub in Misano Adriatico. Entdecke das Vergn\u00fcgen, im <strong>Hotel Caravel B&amp;B<\/strong> zu wohnen \u2013 deinem <strong>Hotel in Meeresn\u00e4he mit privatem Pool und kostenlosem Parkplatz<\/strong>.<\/p>\n<hr \/>\n<p>&nbsp;<\/p>\n<p><a style=\"background-color: #8a5fdd;color: #fff;padding: 20px 50px;border-radius: 30px;text-decoration: none;font-weight: bold;font-size: 18pt;max-width: 90%;text-align: center;margin-bottom: 40px;margin-top: 40px\" href=\"https:\/\/hotelcaravelmisano.it\/de\/angebote\/\" target=\"_blank\" rel=\"noopener noreferrer\">ANGEBOTE ENTDECKEN<\/a><\/p>\n","protected":false},"excerpt":{"rendered":"<p>Nur 100 Meter vom Strand entfernt, im Zentrum von Misano Adriatico, findest du alles, was du f\u00fcr einen unvergesslichen Sommerurlaub brauchst: Sonne, Meer, Pool, Komfort und echte romagnolische Gastfreundschaft. Privater Pool und Relaxbereich: unsere Mission ist es, dir einige Tage voller Entspannung und Spa\u00df zu schenken, ganz gleich, ob du als Paar, mit Freunden oder mit der ganzen Familie reist. Das Herzst\u00fcck des Caravel ist der private Pool Adriapark, direkt &#8230;<\/p>\n","protected":false},"author":1,"featured_media":0,"parent":0,"menu_order":0,"comment_status":"closed","ping_status":"closed","template":"","meta":{"_acf_changed":false},"class_list":["post-2980","page","type-page","status-publish","hentry"],"acf":[],"_links":{"self":[{"href":"https:\/\/hotelcaravelmisano.it\/de\/wp-json\/wp\/v2\/pages\/2980","targetHints":{"allow":["GET"]}}],"collection":[{"href":"https:\/\/hotelcaravelmisano.it\/de\/wp-json\/wp\/v2\/pages"}],"about":[{"href":"https:\/\/hotelcaravelmisano.it\/de\/wp-json\/wp\/v2\/types\/page"}],"author":[{"embeddable":true,"href":"https:\/\/hotelcaravelmisano.it\/de\/wp-json\/wp\/v2\/users\/1"}],"replies":[{"embeddable":true,"href":"https:\/\/hotelcaravelmisano.it\/de\/wp-json\/wp\/v2\/comments?post=2980"}],"version-history":[{"count":0,"href":"https:\/\/hotelcaravelmisano.it\/de\/wp-json\/wp\/v2\/pages\/2980\/revisions"}],"wp:attachment":[{"href":"https:\/\/hotelcaravelmisano.it\/de\/wp-json\/wp\/v2\/media?parent=2980"}],"curies":[{"name":"wp","href":"https:\/\/api.w.org\/{rel}","templated":true}]}}